{"id":24725,"date":"2025-05-17T09:38:54","date_gmt":"2025-05-17T06:38:54","guid":{"rendered":"https:\/\/shop.bushboats.com\/?post_type=product&#038;p=24725"},"modified":"2025-05-17T09:38:55","modified_gmt":"2025-05-17T06:38:55","slug":"lowrance-the-explorer-ice-bag-and-pole-kit-include-a-premium-explorer-ice-bag-and-an-ice-transducer-pole-for-activetarget","status":"publish","type":"product","link":"https:\/\/shop.bushboats.com\/index.php\/produkts\/lowrance-the-explorer-ice-bag-and-pole-kit-include-a-premium-explorer-ice-bag-and-an-ice-transducer-pole-for-activetarget\/","title":{"rendered":"Lowrance The Explorer Ice Bag and Pole kit include a premium Explorer Ice Bag and an Ice Transducer Pole for ActiveTarget."},"content":{"rendered":"<p>Explorer komplekt\u0101 ietilpst augst\u0101k\u0101s klases Explorer ledus soma un ledus dev\u0113ja stienis ActiveTarget nostiprin\u0101\u0161anai. Komplekts ir savietojams ar abiem Lowrance\u00ae Explorer Elite FS 9 + ActiveTarget\u00ae zemledus komplektu un Explorer ActiveTarget zemledus komplektu.<\/p>\n<p>*Nepiecie\u0161ams ActiveTarget dev\u0113js<\/p>\n<p>Komplekt\u0101 ietilpst:<\/p>\n<p><img decoding=\"async\" src=\"https:\/\/static.xx.fbcdn.net\/images\/emoji.php\/v9\/td3\/1.5\/16\/25aa.png\" alt=\"\u25aa\ufe0f\" \/>\u00a0Premium Explorer soma ar r\u0101mi<\/p>\n<p><img decoding=\"async\" src=\"https:\/\/static.xx.fbcdn.net\/images\/emoji.php\/v9\/td3\/1.5\/16\/25aa.png\" alt=\"\u25aa\ufe0f\" \/>\u00a0Ledus dev\u0113ja stienis priek\u0161 ActiveTarget skatiem*- uz priek\u0161u, uz leju un skauta skats<\/p>\n<p><img decoding=\"async\" src=\"https:\/\/static.xx.fbcdn.net\/images\/emoji.php\/v9\/td3\/1.5\/16\/25aa.png\" alt=\"\u25aa\ufe0f\" \/>\u00a0Piel\u0101gota vadu instal\u0101cija un galvenais str\u0101vas sl\u0113dzis<\/p>\n","protected":false},"excerpt":{"rendered":"<p>Explorer komplekt\u0101 ietilpst augst\u0101k\u0101s klases Explorer ledus soma un ledus dev\u0113ja stienis ActiveTarget nostiprin\u0101\u0161anai. Komplekts ir savietojams ar abiem Lowrance\u00ae Explorer Elite FS 9 + ActiveTarget\u00ae zemledus komplektu un Explorer ActiveTarget zemledus komplektu. *Nepiecie\u0161ams ActiveTarget dev\u0113js Komplekt\u0101 ietilpst: \u00a0Premium Explorer soma ar r\u0101mi \u00a0Ledus dev\u0113ja stienis priek\u0161 ActiveTarget skatiem*- uz priek\u0161u, uz leju un skauta [&hellip;]<\/p>\n","protected":false},"featured_media":24726,"comment_status":"open","ping_status":"closed","template":"","meta":[],"product_brand":[],"product_cat":[82,815,861],"product_tag":[],"class_list":{"0":"post-24725","1":"product","2":"type-product","3":"status-publish","4":"has-post-thumbnail","6":"product_cat-other-accessories-lv","7":"product_cat-eholotes-2","8":"product_cat-lowrance-aksesuari","10":"first","11":"instock","12":"taxable","13":"shipping-taxable","14":"purchasable","15":"product-type-simple"},"jetpack_sharing_enabled":true,"_links":{"self":[{"href":"https:\/\/shop.bushboats.com\/index.php\/wp-json\/wp\/v2\/product\/24725","targetHints":{"allow":["GET"]}}],"collection":[{"href":"https:\/\/shop.bushboats.com\/index.php\/wp-json\/wp\/v2\/product"}],"about":[{"href":"https:\/\/shop.bushboats.com\/index.php\/wp-json\/wp\/v2\/types\/product"}],"replies":[{"embeddable":true,"href":"https:\/\/shop.bushboats.com\/index.php\/wp-json\/wp\/v2\/comments?post=24725"}],"wp:featuredmedia":[{"embeddable":true,"href":"https:\/\/shop.bushboats.com\/index.php\/wp-json\/wp\/v2\/media\/24726"}],"wp:attachment":[{"href":"https:\/\/shop.bushboats.com\/index.php\/wp-json\/wp\/v2\/media?parent=24725"}],"wp:term":[{"taxonomy":"product_brand","embeddable":true,"href":"https:\/\/shop.bushboats.com\/index.php\/wp-json\/wp\/v2\/product_brand?post=24725"},{"taxonomy":"product_cat","embeddable":true,"href":"https:\/\/shop.bushboats.com\/index.php\/wp-json\/wp\/v2\/product_cat?post=24725"},{"taxonomy":"product_tag","embeddable":true,"href":"https:\/\/shop.bushboats.com\/index.php\/wp-json\/wp\/v2\/product_tag?post=24725"}],"curies":[{"name":"wp","href":"https:\/\/api.w.org\/{rel}","templated":true}]}}