{"id":24779,"date":"2025-05-23T08:10:11","date_gmt":"2025-05-23T05:10:11","guid":{"rendered":"https:\/\/shop.bushboats.com\/?post_type=product&#038;p=24779"},"modified":"2025-05-23T08:10:34","modified_gmt":"2025-05-23T05:10:34","slug":"glazu-turetajs-2","status":"publish","type":"product","link":"https:\/\/shop.bushboats.com\/index.php\/produkts\/glazu-turetajs-2\/","title":{"rendered":"Gl\u0101\u017eu tur\u0113t\u0101js"},"content":{"rendered":"<p>Salok\u0101ms un viegli piestiprin\u0101ms 6 gl\u0101\u017eu tur\u0113t\u0101js, no ner\u016bs\u0113jo\u0161a t\u0113rauda ar pul\u0113tu sp\u012bd\u012bgu virsmu. Viegli uzglab\u0101jams.<\/p>\n<p>&nbsp;<\/p>\n","protected":false},"excerpt":{"rendered":"<p>Salok\u0101ms un viegli piestiprin\u0101ms 6 gl\u0101\u017eu tur\u0113t\u0101js, no ner\u016bs\u0113jo\u0161a t\u0113rauda ar pul\u0113tu sp\u012bd\u012bgu virsmu. Viegli uzglab\u0101jams. &nbsp;<\/p>\n","protected":false},"featured_media":24783,"comment_status":"open","ping_status":"closed","template":"","meta":[],"product_brand":[],"product_cat":[864,685,768],"product_tag":[],"class_list":{"0":"post-24779","1":"product","2":"type-product","3":"status-publish","4":"has-post-thumbnail","6":"product_cat-borika-aksesuari-fasten","7":"product_cat-komforts","8":"product_cat-piepusamas-pvc-motorlaivas","10":"first","11":"instock","12":"taxable","13":"shipping-taxable","14":"purchasable","15":"product-type-simple"},"jetpack_sharing_enabled":true,"_links":{"self":[{"href":"https:\/\/shop.bushboats.com\/index.php\/wp-json\/wp\/v2\/product\/24779","targetHints":{"allow":["GET"]}}],"collection":[{"href":"https:\/\/shop.bushboats.com\/index.php\/wp-json\/wp\/v2\/product"}],"about":[{"href":"https:\/\/shop.bushboats.com\/index.php\/wp-json\/wp\/v2\/types\/product"}],"replies":[{"embeddable":true,"href":"https:\/\/shop.bushboats.com\/index.php\/wp-json\/wp\/v2\/comments?post=24779"}],"wp:featuredmedia":[{"embeddable":true,"href":"https:\/\/shop.bushboats.com\/index.php\/wp-json\/wp\/v2\/media\/24783"}],"wp:attachment":[{"href":"https:\/\/shop.bushboats.com\/index.php\/wp-json\/wp\/v2\/media?parent=24779"}],"wp:term":[{"taxonomy":"product_brand","embeddable":true,"href":"https:\/\/shop.bushboats.com\/index.php\/wp-json\/wp\/v2\/product_brand?post=24779"},{"taxonomy":"product_cat","embeddable":true,"href":"https:\/\/shop.bushboats.com\/index.php\/wp-json\/wp\/v2\/product_cat?post=24779"},{"taxonomy":"product_tag","embeddable":true,"href":"https:\/\/shop.bushboats.com\/index.php\/wp-json\/wp\/v2\/product_tag?post=24779"}],"curies":[{"name":"wp","href":"https:\/\/api.w.org\/{rel}","templated":true}]}}