{"id":24803,"date":"2025-05-23T08:17:34","date_gmt":"2025-05-23T05:17:34","guid":{"rendered":"https:\/\/shop.bushboats.com\/?post_type=product&#038;p=24803"},"modified":"2025-05-23T08:17:34","modified_gmt":"2025-05-23T05:17:34","slug":"fasten-enkuram","status":"publish","type":"product","link":"https:\/\/shop.bushboats.com\/index.php\/produkts\/fasten-enkuram\/","title":{"rendered":"FASTEN enkuram"},"content":{"rendered":"<p>Stiprin\u0101s uz univers\u0101l\u0101s mont\u0101\u017eas atsl\u0113gas nodro\u0161ina \u0113rtu enkura nolai\u0161anu un pacel\u0161anu. Der virvei diametr\u0101 l\u012bdz 10mm, un siksnai l\u012bdz 35 mm platai.<\/p>\n","protected":false},"excerpt":{"rendered":"<p>Stiprin\u0101s uz univers\u0101l\u0101s mont\u0101\u017eas atsl\u0113gas nodro\u0161ina \u0113rtu enkura nolai\u0161anu un pacel\u0161anu. Der virvei diametr\u0101 l\u012bdz 10mm, un siksnai l\u012bdz 35 mm platai.<\/p>\n","protected":false},"featured_media":24804,"comment_status":"open","ping_status":"closed","template":"","meta":[],"product_brand":[],"product_cat":[864,692,689,670],"product_tag":[],"class_list":{"0":"post-24803","1":"product","2":"type-product","3":"status-publish","4":"has-post-thumbnail","6":"product_cat-borika-aksesuari-fasten","7":"product_cat-enkuri","8":"product_cat-laivu-aprikojums-2","9":"product_cat-piepusamo-laivu-aksesuari","11":"first","12":"instock","13":"taxable","14":"shipping-taxable","15":"purchasable","16":"product-type-simple"},"jetpack_sharing_enabled":true,"_links":{"self":[{"href":"https:\/\/shop.bushboats.com\/index.php\/wp-json\/wp\/v2\/product\/24803","targetHints":{"allow":["GET"]}}],"collection":[{"href":"https:\/\/shop.bushboats.com\/index.php\/wp-json\/wp\/v2\/product"}],"about":[{"href":"https:\/\/shop.bushboats.com\/index.php\/wp-json\/wp\/v2\/types\/product"}],"replies":[{"embeddable":true,"href":"https:\/\/shop.bushboats.com\/index.php\/wp-json\/wp\/v2\/comments?post=24803"}],"wp:featuredmedia":[{"embeddable":true,"href":"https:\/\/shop.bushboats.com\/index.php\/wp-json\/wp\/v2\/media\/24804"}],"wp:attachment":[{"href":"https:\/\/shop.bushboats.com\/index.php\/wp-json\/wp\/v2\/media?parent=24803"}],"wp:term":[{"taxonomy":"product_brand","embeddable":true,"href":"https:\/\/shop.bushboats.com\/index.php\/wp-json\/wp\/v2\/product_brand?post=24803"},{"taxonomy":"product_cat","embeddable":true,"href":"https:\/\/shop.bushboats.com\/index.php\/wp-json\/wp\/v2\/product_cat?post=24803"},{"taxonomy":"product_tag","embeddable":true,"href":"https:\/\/shop.bushboats.com\/index.php\/wp-json\/wp\/v2\/product_tag?post=24803"}],"curies":[{"name":"wp","href":"https:\/\/api.w.org\/{rel}","templated":true}]}}