{"id":24823,"date":"2025-05-23T08:34:50","date_gmt":"2025-05-23T05:34:50","guid":{"rendered":"https:\/\/shop.bushboats.com\/?post_type=product&#038;p=24823"},"modified":"2025-05-23T08:34:50","modified_gmt":"2025-05-23T05:34:50","slug":"borika-atras-fiksacijas-sistema-ar-bumbu","status":"publish","type":"product","link":"https:\/\/shop.bushboats.com\/index.php\/produkts\/borika-atras-fiksacijas-sistema-ar-bumbu\/","title":{"rendered":"Borika \u0101tr\u0101s fiks\u0101cijas sist\u0113ma ar bumbu"},"content":{"rendered":"<p>univers\u0101la atsl\u0113ga, kas var veikt 360 gr\u0101du sl\u012bpumu visos virzienos, lielisks pal\u012bgs gr\u016bt\u0101 situ\u0101cij\u0101.<\/p>\n<p>Bumbas diametrs ir 1,5\u201d vai 38 mm.<\/p>\n<p>&nbsp;<\/p>\n<p><iframe title=\"YouTube video player\" src=\"https:\/\/www.youtube.com\/embed\/CO626OkZW_A\" width=\"560\" height=\"315\" frameborder=\"0\" allowfullscreen=\"allowfullscreen\" data-mce-fragment=\"1\"><\/iframe><\/p>\n","protected":false},"excerpt":{"rendered":"<p>univers\u0101la atsl\u0113ga, kas var veikt 360 gr\u0101du sl\u012bpumu visos virzienos, lielisks pal\u012bgs gr\u016bt\u0101 situ\u0101cij\u0101. Bumbas diametrs ir 1,5\u201d vai 38 mm. &nbsp;<\/p>\n","protected":false},"featured_media":24824,"comment_status":"open","ping_status":"closed","template":"","meta":[],"product_brand":[],"product_cat":[864,670,682],"product_tag":[],"class_list":{"0":"post-24823","1":"product","2":"type-product","3":"status-publish","4":"has-post-thumbnail","6":"product_cat-borika-aksesuari-fasten","7":"product_cat-piepusamo-laivu-aksesuari","8":"product_cat-turetaji-makskerem-eholotiem-sensoriem","10":"first","11":"instock","12":"taxable","13":"shipping-taxable","14":"purchasable","15":"product-type-simple"},"jetpack_sharing_enabled":true,"_links":{"self":[{"href":"https:\/\/shop.bushboats.com\/index.php\/wp-json\/wp\/v2\/product\/24823","targetHints":{"allow":["GET"]}}],"collection":[{"href":"https:\/\/shop.bushboats.com\/index.php\/wp-json\/wp\/v2\/product"}],"about":[{"href":"https:\/\/shop.bushboats.com\/index.php\/wp-json\/wp\/v2\/types\/product"}],"replies":[{"embeddable":true,"href":"https:\/\/shop.bushboats.com\/index.php\/wp-json\/wp\/v2\/comments?post=24823"}],"wp:featuredmedia":[{"embeddable":true,"href":"https:\/\/shop.bushboats.com\/index.php\/wp-json\/wp\/v2\/media\/24824"}],"wp:attachment":[{"href":"https:\/\/shop.bushboats.com\/index.php\/wp-json\/wp\/v2\/media?parent=24823"}],"wp:term":[{"taxonomy":"product_brand","embeddable":true,"href":"https:\/\/shop.bushboats.com\/index.php\/wp-json\/wp\/v2\/product_brand?post=24823"},{"taxonomy":"product_cat","embeddable":true,"href":"https:\/\/shop.bushboats.com\/index.php\/wp-json\/wp\/v2\/product_cat?post=24823"},{"taxonomy":"product_tag","embeddable":true,"href":"https:\/\/shop.bushboats.com\/index.php\/wp-json\/wp\/v2\/product_tag?post=24823"}],"curies":[{"name":"wp","href":"https:\/\/api.w.org\/{rel}","templated":true}]}}