{"id":24841,"date":"2025-05-28T20:24:24","date_gmt":"2025-05-28T17:24:24","guid":{"rendered":"https:\/\/shop.bushboats.com\/?post_type=product&#038;p=24841"},"modified":"2025-05-28T20:24:25","modified_gmt":"2025-05-28T17:24:25","slug":"lithium-battery-q-batteries-12-24-307-2wh-l181-w76-h176-12-8v-24ah-lifepo4","status":"publish","type":"product","link":"https:\/\/shop.bushboats.com\/index.php\/produkts\/lithium-battery-q-batteries-12-24-307-2wh-l181-w76-h176-12-8v-24ah-lifepo4\/","title":{"rendered":"Lithium battery Q-Batteries 12-24 (307.2Wh) L181 W76 H176 (12.8V-24Ah LiFePO4)"},"content":{"rendered":"<p><strong>Pieteikums<\/strong><br \/>\nMotorolleri, skuteri<br \/>\nT\u012br\u012b\u0161anas ma\u0161\u012bnas (cleaning)<br \/>\nRehabilit\u0101cijas tehnolo\u0123ija<br \/>\nKemperi, treileri, laivas<br \/>\nSaules lietojumprogrammas utt.<br \/>\n<strong>Funkcijas<\/strong><br \/>\nbez apkopes<br \/>\n\u012bpa\u0161i iztur\u012bgs pret ciklu<br \/>\n\u013coti augsts ener\u0123ijas bl\u012bvums<br \/>\nLitija tehnolo\u0123ija, var izmantot jebkur\u0101 poz\u012bcij\u0101<br \/>\nmazs svars<br \/>\nkompaktie izm\u0113ri<\/p>\n<p><a href=\"https:\/\/shop.bushboats.com\/wp-content\/uploads\/2025\/05\/qb_export_neutral_lifepo4-12-20.pdf\">qb_export_neutral_lifepo4-12-20<\/a><\/p>\n<p>&nbsp;<\/p>\n","protected":false},"excerpt":{"rendered":"<p>Pieteikums Motorolleri, skuteri T\u012br\u012b\u0161anas ma\u0161\u012bnas (cleaning) Rehabilit\u0101cijas tehnolo\u0123ija Kemperi, treileri, laivas Saules lietojumprogrammas utt. Funkcijas bez apkopes \u012bpa\u0161i iztur\u012bgs pret ciklu \u013coti augsts ener\u0123ijas bl\u012bvums Litija tehnolo\u0123ija, var izmantot jebkur\u0101 poz\u012bcij\u0101 mazs svars kompaktie izm\u0113ri qb_export_neutral_lifepo4-12-20 &nbsp;<\/p>\n","protected":false},"featured_media":24845,"comment_status":"open","ping_status":"closed","template":"","meta":[],"product_brand":[],"product_cat":[789,76],"product_tag":[],"class_list":{"0":"post-24841","1":"product","2":"type-product","3":"status-publish","4":"has-post-thumbnail","6":"product_cat-akumulatori","7":"product_cat-electrical-equipment-lv","9":"first","10":"instock","11":"taxable","12":"shipping-taxable","13":"purchasable","14":"product-type-simple"},"jetpack_sharing_enabled":true,"_links":{"self":[{"href":"https:\/\/shop.bushboats.com\/index.php\/wp-json\/wp\/v2\/product\/24841","targetHints":{"allow":["GET"]}}],"collection":[{"href":"https:\/\/shop.bushboats.com\/index.php\/wp-json\/wp\/v2\/product"}],"about":[{"href":"https:\/\/shop.bushboats.com\/index.php\/wp-json\/wp\/v2\/types\/product"}],"replies":[{"embeddable":true,"href":"https:\/\/shop.bushboats.com\/index.php\/wp-json\/wp\/v2\/comments?post=24841"}],"wp:featuredmedia":[{"embeddable":true,"href":"https:\/\/shop.bushboats.com\/index.php\/wp-json\/wp\/v2\/media\/24845"}],"wp:attachment":[{"href":"https:\/\/shop.bushboats.com\/index.php\/wp-json\/wp\/v2\/media?parent=24841"}],"wp:term":[{"taxonomy":"product_brand","embeddable":true,"href":"https:\/\/shop.bushboats.com\/index.php\/wp-json\/wp\/v2\/product_brand?post=24841"},{"taxonomy":"product_cat","embeddable":true,"href":"https:\/\/shop.bushboats.com\/index.php\/wp-json\/wp\/v2\/product_cat?post=24841"},{"taxonomy":"product_tag","embeddable":true,"href":"https:\/\/shop.bushboats.com\/index.php\/wp-json\/wp\/v2\/product_tag?post=24841"}],"curies":[{"name":"wp","href":"https:\/\/api.w.org\/{rel}","templated":true}]}}