{"id":24867,"date":"2025-05-28T21:17:52","date_gmt":"2025-05-28T18:17:52","guid":{"rendered":"https:\/\/shop.bushboats.com\/?post_type=product&#038;p=24867"},"modified":"2025-05-28T21:17:52","modified_gmt":"2025-05-28T18:17:52","slug":"aizdedzes-drosibas-aukla-ar-sledzi-abi-slegumi-o-c","status":"publish","type":"product","link":"https:\/\/shop.bushboats.com\/index.php\/produkts\/aizdedzes-drosibas-aukla-ar-sledzi-abi-slegumi-o-c\/","title":{"rendered":"Aizdedzes dro\u0161\u012bbas aukla ar sl\u0113dzi &#8211; abi sl\u0113gumi &#8211; O-C"},"content":{"rendered":"","protected":false},"excerpt":{"rendered":"","protected":false},"featured_media":24868,"comment_status":"open","ping_status":"closed","template":"","meta":[],"product_brand":[],"product_cat":[264,73],"product_tag":[],"class_list":{"0":"post-24867","1":"product","2":"type-product","3":"status-publish","4":"has-post-thumbnail","6":"product_cat-laivas-motora-aksesuari","7":"product_cat-boat-motors-lv","9":"first","10":"instock","11":"taxable","12":"shipping-taxable","13":"purchasable","14":"product-type-simple"},"jetpack_sharing_enabled":true,"_links":{"self":[{"href":"https:\/\/shop.bushboats.com\/index.php\/wp-json\/wp\/v2\/product\/24867","targetHints":{"allow":["GET"]}}],"collection":[{"href":"https:\/\/shop.bushboats.com\/index.php\/wp-json\/wp\/v2\/product"}],"about":[{"href":"https:\/\/shop.bushboats.com\/index.php\/wp-json\/wp\/v2\/types\/product"}],"replies":[{"embeddable":true,"href":"https:\/\/shop.bushboats.com\/index.php\/wp-json\/wp\/v2\/comments?post=24867"}],"wp:featuredmedia":[{"embeddable":true,"href":"https:\/\/shop.bushboats.com\/index.php\/wp-json\/wp\/v2\/media\/24868"}],"wp:attachment":[{"href":"https:\/\/shop.bushboats.com\/index.php\/wp-json\/wp\/v2\/media?parent=24867"}],"wp:term":[{"taxonomy":"product_brand","embeddable":true,"href":"https:\/\/shop.bushboats.com\/index.php\/wp-json\/wp\/v2\/product_brand?post=24867"},{"taxonomy":"product_cat","embeddable":true,"href":"https:\/\/shop.bushboats.com\/index.php\/wp-json\/wp\/v2\/product_cat?post=24867"},{"taxonomy":"product_tag","embeddable":true,"href":"https:\/\/shop.bushboats.com\/index.php\/wp-json\/wp\/v2\/product_tag?post=24867"}],"curies":[{"name":"wp","href":"https:\/\/api.w.org\/{rel}","templated":true}]}}