{"id":24971,"date":"2025-06-20T09:44:35","date_gmt":"2025-06-20T06:44:35","guid":{"rendered":"https:\/\/shop.bushboats.com\/?post_type=product&#038;p=24971"},"modified":"2026-04-06T16:05:25","modified_gmt":"2026-04-06T13:05:25","slug":"regulejamajs-sedeklu-stativs","status":"publish","type":"product","link":"https:\/\/shop.bushboats.com\/index.php\/produkts\/regulejamajs-sedeklu-stativs\/","title":{"rendered":"Regul\u0113jamajs s\u0113dek\u013cu stat\u012bvs"},"content":{"rendered":"<p>Augstuma iesp\u0113jas: pieejamas div\u0101s da\u017e\u0101d\u0101s augstuma diapazonu opcij\u0101s no 365mm-500mm un 450mm-635mm, lai atbilstu da\u017e\u0101d\u0101m laivu konfigur\u0101cij\u0101m un lietot\u0101ju v\u0113lm\u0113m Korozijas iztur\u012bba: Alum\u012bnija un j\u016bras-standarta neilona konstrukcija nodro\u0161ina lielisku korozijas iztur\u012bbu, padarot to piem\u0113rotu gan sald\u016bdens, gan s\u0101ls\u016bdens vid\u0113m Ilgm\u016b\u017e\u012bga konstrukcija: Anodiz\u0113ts alum\u012bnija 75mm apak\u0161\u0113jais \u0161afts \/ 65mm aug\u0161\u0113jais sl\u012bdo\u0161ais \u0161afts nodro\u0161ina ilgu kalpo\u0161anas laiku. Stabils pamats: 230mm diametra ar pulverkr\u0101su p\u0101rkl\u0101ts alum\u012bnija pamats ar 6 stiprin\u0101juma punktiem nodro\u0161ina stipru un stabilu platformu j\u016bsu laivas s\u0113deklim. Viegla uzst\u0101d\u012b\u0161ana: Izstr\u0101d\u0101ts \u0101trai un vienk\u0101r\u0161ai uzst\u0101d\u012b\u0161anai Regul\u0113jams rot\u0101cijas spriedzes regul\u0113jums: Rot\u0113jo\u0161\u0101 virsma ir apr\u012bkota ar regul\u0113jamu spriedzi, \u013caujot lietot\u0101jiem piel\u0101got 360-gr\u0101du rot\u0101cijas vieglumu Zema apkope: Materi\u0101li un dizains prasa minim\u0101lu apkopi, padarot to par \u0113rtu papildin\u0101jumu j\u016bsu laivai.Viegls dizains: Neskatoties uz t\u0101 iztur\u012bgo konstrukciju, p\u0113das strukt\u016bra paliek viegla, padarot to viegli p\u0101rn\u0113s\u0101jamu un uzst\u0101d\u0101mu.Univers\u0101la sader\u012bba: Sader\u012bgs ar VIS\u0100M Oceansouth laivu s\u0113deklim un pla\u0161u citu laivu s\u0113deklu z\u012bmolu un mode\u013cu kl\u0101stu, pied\u0101v\u0101jot pielietojuma daudzveid\u012bbu.<\/p>\n<p>&nbsp;<\/p>\n<div id=\"product-387\" class=\"container mb-30 product type-product post-387 status-publish first outofstock product_cat-adjustable-pedestals has-post-thumbnail taxable shipping-taxable purchasable product-type-variable has-unit-price-observer\">\n<div class=\"row\">\n<div class=\"col-lg-12 m-auto\">\n<div class=\"product-detail accordion-detail\">\n<div class=\"row mb-50 mt-30\">\n<div class=\"col-lg-6 col-sm-12 col-xs-12\">\n<div class=\"detail-info px-lg-4\">\n<div class=\"legal-price-info\"><\/div>\n<\/div>\n<\/div>\n<\/div>\n<\/div>\n<\/div>\n<\/div>\n<\/div>\n<p>&nbsp;<\/p>\n<footer class=\"main px-3 mx-sm-1\">\n<section class=\"centabit-builder section-padding footer-mid mw-1920 m-auto mt-4 overflow-hidden\">\n<div class=\"container-fluid p-0\">\n<div class=\"row\">\n<div class=\"col-lg-3 wow animate__animated animate__fadeInUp col-12 col-sm-6 mb-50 mb-lg-0\" data-wow-delay=\".2s\">\n<div class=\"widget widget-wysiwyg_editor text-center text-sm-start mx-auto\">\n<div class=\"single-content\">\n<table class=\"ocean\" style=\"height: 92px;\" width=\"480\">\n<tbody>\n<tr>\n<th>CODE<\/th>\n<th><strong>ADJUSTABLE HEIGHT<\/strong><\/th>\n<\/tr>\n<tr>\n<td><strong>MA 773-1<\/strong><\/td>\n<td>365mm \u2013 500mm\u00a0(14\u201d \u2013 20\u201d)<\/td>\n<\/tr>\n<tr>\n<td><strong>MA 773-2<\/strong><\/td>\n<td>450mm \u2013 635mm\u00a0(18\u201d \u2013 25\u201d)<\/td>\n<\/tr>\n<\/tbody>\n<\/table>\n<p>&nbsp;<\/p>\n<\/div>\n<\/div>\n<\/div>\n<\/div>\n<\/div>\n<\/section>\n<div class=\"container pb-30 wow animate__animated animate__fadeInUp\" data-wow-delay=\"0\">\n<div class=\"row align-items-center\">\n<div class=\"col-12 mb-30\">Oceansouth regul\u0113jamais laivu s\u0113deklis ir uzticams un \u0113rts s\u0113dvietu risin\u0101jums laivo\u0161anas entuziastiem. Tas ir izstr\u0101d\u0101ts, lai nodro\u0161in\u0101tu iztur\u012bgu atbalstu un elast\u012bbu, \u0161is pjedest\u0101ls piel\u0101gojas da\u017e\u0101d\u0101m s\u0113d\u0113\u0161anas augstuma v\u0113lm\u0113m laiv\u0101s un j\u016bras ku\u0123os. Izgatavots no augstas kvalit\u0101tes j\u016bras materi\u0101liem, Oceansouth regul\u0113jamais laivu s\u0113deklis ir paredz\u0113ts ilgsto\u0161ai lieto\u0161anai skarbaj\u0101 j\u016bras vid\u0113. T\u0101 iztur\u012bgais 230 mm diametra alum\u012bnija pamats ar 6 fiks\u0101cijas punktiem nodro\u0161ina lielisku stabilit\u0101ti, sniedzot dro\u0161u un stabilu s\u0113dvietu pat vi\u013c\u0146ot\u0101s \u016bdenstilp\u0113s. Pjedest\u0101la iztur\u012bg\u0101 konstrukcija garant\u0113 ilgsto\u0161u veiktsp\u0113ju, padarot to par uzticamu izv\u0113li laiv\u0101m, kas mekl\u0113 dro\u0161u s\u0113dvietu risin\u0101jumu. Roku regul\u0113\u0161anas meh\u0101nisms ir vienk\u0101r\u0161s un viegli lietojams, \u013caujot lietot\u0101jiem bez piep\u016bles paaugstin\u0101t vai pazemin\u0101t s\u0113dvietu atbilsto\u0161i sav\u0101m v\u0113lm\u0113m. Ar iestat\u0101mo augstuma diapazonu tas atbilst cilv\u0113kiem da\u017e\u0101dos augstumos, nodro\u0161inot optim\u0101lu komfortu \u016bden\u012b. Papildus tam, pjedest\u0101ls ir apr\u012bkots ar rot\u0113jo\u0161u aug\u0161da\u013cu, kas nodro\u0161ina 360 gr\u0101du rot\u0101ciju, pied\u0101v\u0101jot papildu elast\u012bbu un \u0113rt\u012bbas.Pieejams divos izm\u0113ros, Oceansouth regul\u0113jamais laivu s\u0113deklis pjedest\u0101ls ir lieliska izv\u0113le lauku \u012bpa\u0161niekiem, kuri augstu v\u0113rt\u0113 komfortu, elast\u012bbu un iztur\u012bbu.<\/div>\n<\/div>\n<\/div>\n<\/footer>\n<p>&nbsp;<\/p>\n","protected":false},"excerpt":{"rendered":"<p>Augstuma iesp\u0113jas: pieejamas div\u0101s da\u017e\u0101d\u0101s augstuma diapazonu opcij\u0101s no 365mm-500mm un 450mm-635mm, lai atbilstu da\u017e\u0101d\u0101m laivu konfigur\u0101cij\u0101m un lietot\u0101ju v\u0113lm\u0113m Korozijas iztur\u012bba: Alum\u012bnija un j\u016bras-standarta neilona konstrukcija nodro\u0161ina lielisku korozijas iztur\u012bbu, padarot to piem\u0113rotu gan sald\u016bdens, gan s\u0101ls\u016bdens vid\u0113m Ilgm\u016b\u017e\u012bga konstrukcija: Anodiz\u0113ts alum\u012bnija 75mm apak\u0161\u0113jais \u0161afts \/ 65mm aug\u0161\u0113jais sl\u012bdo\u0161ais \u0161afts nodro\u0161ina ilgu kalpo\u0161anas laiku. [&hellip;]<\/p>\n","protected":false},"featured_media":24972,"comment_status":"open","ping_status":"closed","template":"","meta":[],"product_brand":[],"product_cat":[652,54,658],"product_tag":[],"class_list":{"0":"post-24971","1":"product","2":"type-product","3":"status-publish","4":"has-post-thumbnail","6":"product_cat-klaja-aprikojums","7":"product_cat-accessories","8":"product_cat-sedekli-mehanismi","10":"first","11":"instock","12":"taxable","13":"shipping-taxable","14":"purchasable","15":"product-type-variable"},"jetpack_sharing_enabled":true,"_links":{"self":[{"href":"https:\/\/shop.bushboats.com\/index.php\/wp-json\/wp\/v2\/product\/24971","targetHints":{"allow":["GET"]}}],"collection":[{"href":"https:\/\/shop.bushboats.com\/index.php\/wp-json\/wp\/v2\/product"}],"about":[{"href":"https:\/\/shop.bushboats.com\/index.php\/wp-json\/wp\/v2\/types\/product"}],"replies":[{"embeddable":true,"href":"https:\/\/shop.bushboats.com\/index.php\/wp-json\/wp\/v2\/comments?post=24971"}],"wp:featuredmedia":[{"embeddable":true,"href":"https:\/\/shop.bushboats.com\/index.php\/wp-json\/wp\/v2\/media\/24972"}],"wp:attachment":[{"href":"https:\/\/shop.bushboats.com\/index.php\/wp-json\/wp\/v2\/media?parent=24971"}],"wp:term":[{"taxonomy":"product_brand","embeddable":true,"href":"https:\/\/shop.bushboats.com\/index.php\/wp-json\/wp\/v2\/product_brand?post=24971"},{"taxonomy":"product_cat","embeddable":true,"href":"https:\/\/shop.bushboats.com\/index.php\/wp-json\/wp\/v2\/product_cat?post=24971"},{"taxonomy":"product_tag","embeddable":true,"href":"https:\/\/shop.bushboats.com\/index.php\/wp-json\/wp\/v2\/product_tag?post=24971"}],"curies":[{"name":"wp","href":"https:\/\/api.w.org\/{rel}","templated":true}]}}