{"id":24980,"date":"2025-06-20T09:44:35","date_gmt":"2025-06-20T06:44:35","guid":{"rendered":"https:\/\/shop.bushboats.com\/index.php\/produkts\/regulejamajs-sedeklu-stativs\/"},"modified":"2025-06-20T09:52:15","modified_gmt":"2025-06-20T06:52:15","slug":"regulejamajs-sedeklu-stativs","status":"publish","type":"product","link":"https:\/\/shop.bushboats.com\/index.php\/produkts\/regulejamajs-sedeklu-stativs\/?lang=ru","title":{"rendered":"Regul\u0113jamajs s\u0113dek\u013cu stat\u012bvs"},"content":{"rendered":"<p>\u0412\u044b\u0431\u043e\u0440 \u0432\u044b\u0441\u043e\u0442\u044b: \u0414\u043e\u0441\u0442\u0443\u043f\u043d\u043e \u0432 \u0434\u0432\u0443\u0445 \u0432\u0430\u0440\u0438\u0430\u043d\u0442\u0430\u0445 \u0432\u044b\u0441\u043e\u0442\u044b \u043e\u0442 365 \u043c\u043c \u0434\u043e 500 \u043c\u043c \u0438 \u043e\u0442 450 \u043c\u043c \u0434\u043e 635 \u043c\u043c \u0434\u043b\u044f \u0440\u0430\u0437\u043b\u0438\u0447\u043d\u044b\u0445 \u043a\u043e\u043d\u0444\u0438\u0433\u0443\u0440\u0430\u0446\u0438\u0439 \u043b\u043e\u0434\u043e\u043a \u0438 \u043f\u0440\u0435\u0434\u043f\u043e\u0447\u0442\u0435\u043d\u0438\u0439 \u043f\u043e\u043b\u044c\u0437\u043e\u0432\u0430\u0442\u0435\u043b\u0435\u0439.\u0421\u043e\u043f\u0440\u043e\u0442\u0438\u0432\u043b\u044f\u0435\u043c\u043e\u0441\u0442\u044c \u043a \u043a\u043e\u0440\u0440\u043e\u0437\u0438\u0438: \u041a\u043e\u043d\u0441\u0442\u0440\u0443\u043a\u0446\u0438\u044f \u0438\u0437 \u0430\u043b\u044e\u043c\u0438\u043d\u0438\u044f \u0438 \u043c\u043e\u0440\u0441\u043a\u043e\u0433\u043e \u043d\u0435\u0439\u043b\u043e\u043d\u0430 \u043e\u0431\u0435\u0441\u043f\u0435\u0447\u0438\u0432\u0430\u0435\u0442 \u043e\u0442\u043b\u0438\u0447\u043d\u043e\u0435 \u0441\u043e\u043f\u0440\u043e\u0442\u0438\u0432\u043b\u0435\u043d\u0438\u0435 \u043a\u043e\u0440\u0440\u043e\u0437\u0438\u0438, \u0447\u0442\u043e \u0434\u0435\u043b\u0430\u0435\u0442 \u0435\u0435 \u043f\u043e\u0434\u0445\u043e\u0434\u044f\u0449\u0435\u0439 \u043a\u0430\u043a \u0434\u043b\u044f \u043f\u0440\u0435\u0441\u043d\u043e\u0439, \u0442\u0430\u043a \u0438 \u0434\u043b\u044f \u0441\u043e\u043b\u0435\u043d\u043e\u0439 \u0432\u043e\u0434\u044b.\u041f\u0440\u043e\u0447\u043d\u0430\u044f \u043a\u043e\u043d\u0441\u0442\u0440\u0443\u043a\u0446\u0438\u044f: \u0410\u043d\u043e\u0434\u0438\u0440\u043e\u0432\u0430\u043d\u043d\u044b\u0439 \u0430\u043b\u044e\u043c\u0438\u043d\u0438\u0435\u0432\u044b\u0439 \u043d\u0438\u0436\u043d\u0438\u0439 \u0432\u0430\u043b \u0434\u0438\u0430\u043c\u0435\u0442\u0440\u043e\u043c 75 \u043c\u043c \u0438 \u0432\u0435\u0440\u0445\u043d\u0438\u0439 \u0441\u043a\u043e\u043b\u044c\u0437\u044f\u0449\u0438\u0439 \u0432\u0430\u043b \u0434\u0438\u0430\u043c\u0435\u0442\u0440\u043e\u043c 65 \u043c\u043c \u043e\u0431\u0435\u0441\u043f\u0435\u0447\u0438\u0432\u0430\u044e\u0442 \u0434\u043e\u043b\u0433\u043e\u0432\u0435\u0447\u043d\u043e\u0441\u0442\u044c.\u0421\u0442\u0430\u0431\u0438\u043b\u044c\u043d\u0430\u044f \u0431\u0430\u0437\u0430: \u0411\u0430\u0437\u0430 \u0434\u0438\u0430\u043c\u0435\u0442\u0440\u043e\u043c 230 \u043c\u043c \u0441 \u043f\u043e\u0440\u043e\u0448\u043a\u043e\u0432\u044b\u043c \u043f\u043e\u043a\u0440\u044b\u0442\u0438\u0435\u043c \u0438 6 \u0442\u043e\u0447\u043a\u0430\u043c\u0438 \u043a\u0440\u0435\u043f\u043b\u0435\u043d\u0438\u044f \u043e\u0431\u0435\u0441\u043f\u0435\u0447\u0438\u0432\u0430\u0435\u0442 \u043f\u0440\u043e\u0447\u043d\u0443\u044e \u0438 \u0441\u0442\u0430\u0431\u0438\u043b\u044c\u043d\u0443\u044e \u043f\u043b\u0430\u0442\u0444\u043e\u0440\u043c\u0443 \u0434\u043b\u044f \u0432\u0430\u0448\u0435\u0433\u043e \u0441\u0438\u0434\u0435\u043d\u044c\u044f \u0432 \u043b\u043e\u0434\u043a\u0435.\u041f\u0440\u043e\u0441\u0442\u043e\u0442\u0430 \u0443\u0441\u0442\u0430\u043d\u043e\u0432\u043a\u0438: \u0421\u043f\u0440\u043e\u0435\u043a\u0442\u0438\u0440\u043e\u0432\u0430\u043d\u043e \u0434\u043b\u044f \u0431\u044b\u0441\u0442\u0440\u043e\u0439 \u0438 \u043f\u0440\u043e\u0441\u0442\u043e\u0439 \u0443\u0441\u0442\u0430\u043d\u043e\u0432\u043a\u0438.\u0420\u0435\u0433\u0443\u043b\u0438\u0440\u0443\u0435\u043c\u043e\u0435 \u043d\u0430\u0442\u044f\u0436\u0435\u043d\u0438\u0435 \u0432\u0440\u0430\u0449\u0435\u043d\u0438\u044f: \u0412\u0440\u0430\u0449\u0430\u044e\u0449\u0430\u044f\u0441\u044f \u0432\u0435\u0440\u0445\u043d\u044f\u044f \u0447\u0430\u0441\u0442\u044c \u0438\u043c\u0435\u0435\u0442 \u0440\u0435\u0433\u0443\u043b\u0438\u0440\u0443\u0435\u043c\u043e\u0435 \u043d\u0430\u0442\u044f\u0436\u0435\u043d\u0438\u0435, \u043f\u043e\u0437\u0432\u043e\u043b\u044f\u044f \u043f\u043e\u043b\u044c\u0437\u043e\u0432\u0430\u0442\u0435\u043b\u044f\u043c \u043d\u0430\u0441\u0442\u0440\u0430\u0438\u0432\u0430\u0442\u044c \u043b\u0435\u0433\u043a\u043e\u0441\u0442\u044c \u0432\u0440\u0430\u0449\u0435\u043d\u0438\u044f \u043d\u0430 360 \u0433\u0440\u0430\u0434\u0443\u0441\u043e\u0432.\u041d\u0438\u0437\u043a\u0438\u0435 \u0442\u0440\u0435\u0431\u043e\u0432\u0430\u043d\u0438\u044f \u043a \u043e\u0431\u0441\u043b\u0443\u0436\u0438\u0432\u0430\u043d\u0438\u044e: \u041c\u0430\u0442\u0435\u0440\u0438\u0430\u043b\u044b \u0438 \u043a\u043e\u043d\u0441\u0442\u0440\u0443\u043a\u0446\u0438\u044f \u0442\u0440\u0435\u0431\u0443\u044e\u0442 \u043c\u0438\u043d\u0438\u043c\u0430\u043b\u044c\u043d\u043e\u0433\u043e \u043e\u0431\u0441\u043b\u0443\u0436\u0438\u0432\u0430\u043d\u0438\u044f, \u0447\u0442\u043e \u0434\u0435\u043b\u0430\u0435\u0442 \u044d\u0442\u043e \u0438\u0437\u0434\u0435\u043b\u0438\u0435 \u0431\u0435\u0441\u043f\u0440\u043e\u0431\u043b\u0435\u043c\u043d\u044b\u043c \u0434\u043e\u043f\u043e\u043b\u043d\u0435\u043d\u0438\u0435\u043c \u043a \u0432\u0430\u0448\u0435\u0439 \u043b\u043e\u0434\u043a\u0435. \u041b\u0435\u0433\u043a\u0438\u0439 \u0434\u0438\u0437\u0430\u0439\u043d: \u041d\u0435\u0441\u043c\u043e\u0442\u0440\u044f \u043d\u0430 \u0441\u0432\u043e\u044e \u043f\u0440\u043e\u0447\u043d\u0443\u044e \u043a\u043e\u043d\u0441\u0442\u0440\u0443\u043a\u0446\u0438\u044e, \u043f\u043e\u0434\u0441\u0442\u0430\u0432\u043a\u0430 \u043e\u0441\u0442\u0430\u0435\u0442\u0441\u044f \u043b\u0435\u0433\u043a\u043e\u0439, \u0447\u0442\u043e \u0443\u043f\u0440\u043e\u0449\u0430\u0435\u0442 \u0435\u0435 \u043f\u0440\u043e\u0446\u0435\u0441\u0441 \u0443\u0441\u0442\u0430\u043d\u043e\u0432\u043a\u0438 \u0438 \u0442\u0440\u0430\u043d\u0441\u043f\u043e\u0440\u0442\u0438\u0440\u043e\u0432\u043a\u0438.\u0423\u043d\u0438\u0432\u0435\u0440\u0441\u0430\u043b\u044c\u043d\u0430\u044f \u0441\u043e\u0432\u043c\u0435\u0441\u0442\u0438\u043c\u043e\u0441\u0442\u044c: \u0421\u043e\u0432\u043c\u0435\u0441\u0442\u0438\u043c\u0430 \u0441\u043e \u0432\u0441\u0435\u043c\u0438 \u0441\u0438\u0434\u0435\u043d\u044c\u044f\u043c\u0438 Oceansouth \u0438 \u0448\u0438\u0440\u043e\u043a\u0438\u043c \u0441\u043f\u0435\u043a\u0442\u0440\u043e\u043c \u0434\u0440\u0443\u0433\u0438\u0445 \u0431\u0440\u0435\u043d\u0434\u043e\u0432 \u0438 \u043c\u043e\u0434\u0435\u043b\u0435\u0439 \u043b\u043e\u0434\u043e\u0447\u043d\u044b\u0445 \u0441\u0438\u0434\u0435\u043d\u0438\u0439, \u0447\u0442\u043e \u043e\u0431\u0435\u0441\u043f\u0435\u0447\u0438\u0432\u0430\u0435\u0442 \u0443\u043d\u0438\u0432\u0435\u0440\u0441\u0430\u043b\u044c\u043d\u043e\u0441\u0442\u044c \u0432 \u0438\u0441\u043f\u043e\u043b\u044c\u0437\u043e\u0432\u0430\u043d\u0438\u0438.<\/p>\n<p>&nbsp;<\/p>\n<footer class=\"main px-3 mx-sm-1\">\n<section class=\"centabit-builder section-padding footer-mid mw-1920 m-auto mt-4 overflow-hidden\">\n<div class=\"container-fluid p-0\">\n<div class=\"row\">\n<div class=\"col-lg-3 wow animate__animated animate__fadeInUp col-12 col-sm-6 mb-50 mb-lg-0\" data-wow-delay=\".2s\">\n<div class=\"widget widget-wysiwyg_editor text-center text-sm-start mx-auto\">\n<div class=\"single-content\">\n<table class=\"ocean\" style=\"height: 92px;\" width=\"480\">\n<tbody>\n<tr>\n<th>CODE<\/th>\n<th><strong>ADJUSTABLE HEIGHT<\/strong><\/th>\n<\/tr>\n<tr>\n<td><strong>MA 773-1<\/strong><\/td>\n<td>365mm \u2013 500mm\u00a0(14\u201d \u2013 20\u201d)<\/td>\n<\/tr>\n<tr>\n<td><strong>MA 773-2<\/strong><\/td>\n<td>450mm \u2013 635mm\u00a0(18\u201d \u2013 25\u201d)<\/td>\n<\/tr>\n<\/tbody>\n<\/table>\n<p>&nbsp;<\/p>\n<\/div>\n<\/div>\n<\/div>\n<\/div>\n<\/div>\n<\/section>\n<div class=\"container pb-30 wow animate__animated animate__fadeInUp\" data-wow-delay=\"0\">\n<div class=\"row align-items-center\">\n<div class=\"col-12 mb-30\">\u0420\u0435\u0433\u0443\u043b\u0438\u0440\u0443\u0435\u043c\u0430\u044f \u043f\u043e\u0434\u0441\u0442\u0430\u0432\u043a\u0430 \u0434\u043b\u044f \u0441\u0438\u0434\u0435\u043d\u0438\u0439 Oceansouth &#8211; \u044d\u0442\u043e \u043d\u0430\u0434\u0435\u0436\u043d\u043e\u0435 \u0438 \u0443\u0434\u043e\u0431\u043d\u043e\u0435 \u0440\u0435\u0448\u0435\u043d\u0438\u0435 \u0434\u043b\u044f \u043b\u044e\u0431\u0438\u0442\u0435\u043b\u0435\u0439 \u0432\u043e\u0434\u043d\u044b\u0445 \u0432\u0438\u0434\u043e\u0432 \u0441\u043f\u043e\u0440\u0442\u0430. \u0421\u043e\u0437\u0434\u0430\u043d\u043d\u0430\u044f \u0434\u043b\u044f \u043e\u0431\u0435\u0441\u043f\u0435\u0447\u0435\u043d\u0438\u044f \u043f\u0440\u043e\u0447\u043d\u043e\u0439 \u043f\u043e\u0434\u0434\u0435\u0440\u0436\u043a\u0438 \u0438 \u0433\u0438\u0431\u043a\u043e\u0441\u0442\u0438, \u044d\u0442\u0430 \u043f\u043e\u0434\u0441\u0442\u0430\u0432\u043a\u0430 \u043f\u043e\u0434\u0445\u043e\u0434\u0438\u0442 \u0434\u043b\u044f \u0440\u0430\u0437\u043b\u0438\u0447\u043d\u044b\u0445 \u043f\u0440\u0435\u0434\u043f\u043e\u0447\u0442\u0435\u043d\u0438\u0439 \u043f\u043e \u0432\u044b\u0441\u043e\u0442\u0435 \u0441\u0438\u0434\u0435\u043d\u0438\u0439 \u043d\u0430 \u043b\u043e\u0434\u043a\u0430\u0445 \u0438 \u043c\u043e\u0440\u0441\u043a\u0438\u0445 \u0441\u0443\u0434\u0430\u0445.\u0418\u0437\u0433\u043e\u0442\u043e\u0432\u043b\u0435\u043d\u043d\u0430\u044f \u0438\u0437 \u0432\u044b\u0441\u043e\u043a\u043e\u043a\u0430\u0447\u0435\u0441\u0442\u0432\u0435\u043d\u043d\u044b\u0445 \u043c\u043e\u0440\u0441\u043a\u0438\u0445 \u043c\u0430\u0442\u0435\u0440\u0438\u0430\u043b\u043e\u0432, \u0440\u0435\u0433\u0443\u043b\u0438\u0440\u0443\u0435\u043c\u0430\u044f \u043f\u043e\u0434\u0441\u0442\u0430\u0432\u043a\u0430 \u0434\u043b\u044f \u0441\u0438\u0434\u0435\u043d\u0438\u0439 Oceansouth \u043f\u0440\u0435\u0434\u043d\u0430\u0437\u043d\u0430\u0447\u0435\u043d\u0430 \u0434\u043b\u044f \u0441\u0442\u043e\u0439\u043a\u043e\u0441\u0442\u0438 \u043a \u0436\u0435\u0441\u0442\u043a\u0438\u043c \u043c\u043e\u0440\u0441\u043a\u0438\u043c \u0443\u0441\u043b\u043e\u0432\u0438\u044f\u043c. \u0415\u0435 \u043f\u0440\u043e\u0447\u043d\u043e\u0435 \u0430\u043b\u044e\u043c\u0438\u043d\u0438\u0435\u0432\u043e\u0435 \u043e\u0441\u043d\u043e\u0432\u0430\u043d\u0438\u0435 \u0434\u0438\u0430\u043c\u0435\u0442\u0440\u043e\u043c 230 \u043c\u043c \u0441 6 \u0442\u043e\u0447\u043a\u0430\u043c\u0438 \u043a\u0440\u0435\u043f\u043b\u0435\u043d\u0438\u044f \u043e\u0431\u0435\u0441\u043f\u0435\u0447\u0438\u0432\u0430\u0435\u0442 \u043e\u0442\u043b\u0438\u0447\u043d\u0443\u044e \u0441\u0442\u0430\u0431\u0438\u043b\u044c\u043d\u043e\u0441\u0442\u044c, \u043e\u0431\u0435\u0441\u043f\u0435\u0447\u0438\u0432\u0430\u044f \u043d\u0430\u0434\u0435\u0436\u043d\u044b\u0439 \u0438 \u0443\u0441\u0442\u043e\u0439\u0447\u0438\u0432\u044b\u0439 \u043e\u043f\u044b\u0442 \u0441\u0438\u0434\u0435\u043d\u0438\u044f, \u0434\u0430\u0436\u0435 \u0432 \u0431\u0443\u0440\u043d\u043e\u0439 \u0432\u043e\u0434\u0435. \u041f\u0440\u043e\u0447\u043d\u044b\u0435 \u043a\u043e\u043d\u0441\u0442\u0440\u0443\u043a\u0446\u0438\u0438 \u044d\u0442\u043e\u0439 \u043f\u043e\u0434\u0441\u0442\u0430\u0432\u043a\u0438 \u0433\u0430\u0440\u0430\u043d\u0442\u0438\u0440\u0443\u044e\u0442 \u0434\u043e\u043b\u0433\u043e\u0432\u0435\u0447\u043d\u0443\u044e \u044d\u043a\u0441\u043f\u043b\u0443\u0430\u0442\u0430\u0446\u0438\u044e, \u0434\u0435\u043b\u0430\u044f \u0435\u0435 \u043d\u0430\u0434\u0435\u0436\u043d\u044b\u043c \u0432\u044b\u0431\u043e\u0440\u043e\u043c \u0434\u043b\u044f \u043b\u044e\u0431\u0438\u0442\u0435\u043b\u0435\u0439 \u043b\u043e\u0434\u043e\u043a, \u0438\u0449\u0443\u0449\u0438\u0445 \u043d\u0430\u0434\u0435\u0436\u043d\u043e\u0435 \u0440\u0435\u0448\u0435\u043d\u0438\u0435 \u0434\u043b\u044f \u0441\u0438\u0434\u0435\u043d\u0438\u0439.\u041c\u0435\u0445\u0430\u043d\u0438\u0437\u043c \u0440\u0443\u0447\u043d\u043e\u0439 \u0440\u0435\u0433\u0443\u043b\u0438\u0440\u043e\u0432\u043a\u0438 \u043f\u0440\u043e\u0441\u0442 \u0438 \u0443\u0434\u043e\u0431\u0435\u043d \u0432 \u0438\u0441\u043f\u043e\u043b\u044c\u0437\u043e\u0432\u0430\u043d\u0438\u0438, \u043f\u043e\u0437\u0432\u043e\u043b\u044f\u044f \u043f\u043e\u043b\u044c\u0437\u043e\u0432\u0430\u0442\u0435\u043b\u044f\u043c \u0431\u0435\u0437 \u0443\u0441\u0438\u043b\u0438\u0439 \u043f\u043e\u0434\u043d\u0438\u043c\u0430\u0442\u044c \u0438\u043b\u0438 \u043e\u043f\u0443\u0441\u043a\u0430\u0442\u044c \u0441\u0438\u0434\u0435\u043d\u044c\u0435 \u0434\u043e \u0436\u0435\u043b\u0430\u0435\u043c\u043e\u0439 \u0432\u044b\u0441\u043e\u0442\u044b. \u0421 \u0443\u0441\u0442\u0430\u043d\u043e\u0432\u043b\u0435\u043d\u043d\u044b\u043c \u0434\u0438\u0430\u043f\u0430\u0437\u043e\u043d\u043e\u043c \u0440\u0435\u0433\u0443\u043b\u0438\u0440\u043e\u0432\u043a\u0438 \u043e\u043d \u0443\u0434\u043e\u0432\u043b\u0435\u0442\u0432\u043e\u0440\u044f\u0435\u0442 \u043f\u043e\u0442\u0440\u0435\u0431\u043d\u043e\u0441\u0442\u0438 \u043b\u044e\u0434\u0435\u0439 \u0440\u0430\u0437\u043d\u043e\u0433\u043e \u0440\u043e\u0441\u0442\u0430, \u043e\u0431\u0435\u0441\u043f\u0435\u0447\u0438\u0432\u0430\u044f \u043e\u043f\u0442\u0438\u043c\u0430\u043b\u044c\u043d\u044b\u0439 \u043a\u043e\u043c\u0444\u043e\u0440\u0442 \u043d\u0430 \u0432\u043e\u0434\u0435. \u041a\u0440\u043e\u043c\u0435 \u0442\u043e\u0433\u043e, \u043f\u044c\u0435\u0434\u0435\u0441\u0442\u0430\u043b \u0438\u043c\u0435\u0435\u0442 \u0432\u0440\u0430\u0449\u0430\u044e\u0449\u0443\u044e\u0441\u044f \u0432\u0435\u0440\u0445\u043d\u044e\u044e \u0447\u0430\u0441\u0442\u044c, \u043e\u0431\u0435\u0441\u043f\u0435\u0447\u0438\u0432\u0430\u044e\u0449\u0443\u044e \u0432\u0440\u0430\u0449\u0435\u043d\u0438\u0435 \u043d\u0430 360 \u0433\u0440\u0430\u0434\u0443\u0441\u043e\u0432 \u0434\u043b\u044f \u0434\u043e\u043f\u043e\u043b\u043d\u0438\u0442\u0435\u043b\u044c\u043d\u043e\u0439 \u0433\u0438\u0431\u043a\u043e\u0441\u0442\u0438 \u0438 \u0443\u0434\u043e\u0431\u0441\u0442\u0432\u0430.\u0414\u043e\u0441\u0442\u0443\u043f\u043d\u044b\u0439 \u0432 \u0434\u0432\u0443\u0445 \u0440\u0430\u0437\u043c\u0435\u0440\u0430\u0445, \u0440\u0435\u0433\u0443\u043b\u0438\u0440\u0443\u0435\u043c\u044b\u0439 \u043f\u044c\u0435\u0434\u0435\u0441\u0442\u0430\u043b \u0434\u043b\u044f \u043b\u043e\u0434\u043e\u0447\u043d\u043e\u0433\u043e \u0441\u0438\u0434\u0435\u043d\u044c\u044f Oceansouth \u044f\u0432\u043b\u044f\u0435\u0442\u0441\u044f \u043e\u0442\u043b\u0438\u0447\u043d\u044b\u043c \u0432\u044b\u0431\u043e\u0440\u043e\u043c \u0434\u043b\u044f \u043c\u043e\u0440\u044f\u043a\u043e\u0432, \u043a\u043e\u0442\u043e\u0440\u044b\u0435 \u043f\u0440\u0438\u0434\u0430\u044e\u0442 \u0431\u043e\u043b\u044c\u0448\u043e\u0435 \u0437\u043d\u0430\u0447\u0435\u043d\u0438\u0435 \u043a\u043e\u043c\u0444\u043e\u0440\u0442\u0443, \u0433\u0438\u0431\u043a\u043e\u0441\u0442\u0438 \u0438 \u043f\u0440\u043e\u0447\u043d\u043e\u0441\u0442\u0438.<\/div>\n<\/div>\n<\/div>\n<\/footer>\n<p>&nbsp;<\/p>\n","protected":false},"excerpt":{"rendered":"<p>\u0412\u044b\u0431\u043e\u0440 \u0432\u044b\u0441\u043e\u0442\u044b: \u0414\u043e\u0441\u0442\u0443\u043f\u043d\u043e \u0432 \u0434\u0432\u0443\u0445 \u0432\u0430\u0440\u0438\u0430\u043d\u0442\u0430\u0445 \u0432\u044b\u0441\u043e\u0442\u044b \u043e\u0442 365 \u043c\u043c \u0434\u043e 500 \u043c\u043c \u0438 \u043e\u0442 450 \u043c\u043c \u0434\u043e 635 \u043c\u043c \u0434\u043b\u044f \u0440\u0430\u0437\u043b\u0438\u0447\u043d\u044b\u0445 \u043a\u043e\u043d\u0444\u0438\u0433\u0443\u0440\u0430\u0446\u0438\u0439 \u043b\u043e\u0434\u043e\u043a \u0438 \u043f\u0440\u0435\u0434\u043f\u043e\u0447\u0442\u0435\u043d\u0438\u0439 \u043f\u043e\u043b\u044c\u0437\u043e\u0432\u0430\u0442\u0435\u043b\u0435\u0439.\u0421\u043e\u043f\u0440\u043e\u0442\u0438\u0432\u043b\u044f\u0435\u043c\u043e\u0441\u0442\u044c \u043a \u043a\u043e\u0440\u0440\u043e\u0437\u0438\u0438: \u041a\u043e\u043d\u0441\u0442\u0440\u0443\u043a\u0446\u0438\u044f \u0438\u0437 \u0430\u043b\u044e\u043c\u0438\u043d\u0438\u044f \u0438 \u043c\u043e\u0440\u0441\u043a\u043e\u0433\u043e \u043d\u0435\u0439\u043b\u043e\u043d\u0430 \u043e\u0431\u0435\u0441\u043f\u0435\u0447\u0438\u0432\u0430\u0435\u0442 \u043e\u0442\u043b\u0438\u0447\u043d\u043e\u0435 \u0441\u043e\u043f\u0440\u043e\u0442\u0438\u0432\u043b\u0435\u043d\u0438\u0435 \u043a\u043e\u0440\u0440\u043e\u0437\u0438\u0438, \u0447\u0442\u043e \u0434\u0435\u043b\u0430\u0435\u0442 \u0435\u0435 \u043f\u043e\u0434\u0445\u043e\u0434\u044f\u0449\u0435\u0439 \u043a\u0430\u043a \u0434\u043b\u044f \u043f\u0440\u0435\u0441\u043d\u043e\u0439, \u0442\u0430\u043a \u0438 \u0434\u043b\u044f \u0441\u043e\u043b\u0435\u043d\u043e\u0439 \u0432\u043e\u0434\u044b.\u041f\u0440\u043e\u0447\u043d\u0430\u044f \u043a\u043e\u043d\u0441\u0442\u0440\u0443\u043a\u0446\u0438\u044f: \u0410\u043d\u043e\u0434\u0438\u0440\u043e\u0432\u0430\u043d\u043d\u044b\u0439 \u0430\u043b\u044e\u043c\u0438\u043d\u0438\u0435\u0432\u044b\u0439 \u043d\u0438\u0436\u043d\u0438\u0439 [&hellip;]<\/p>\n","protected":false},"featured_media":24974,"comment_status":"open","ping_status":"closed","template":"","meta":[],"product_brand":[],"product_cat":[55,654,659],"product_tag":[],"class_list":{"0":"post-24980","1":"product","2":"type-product","3":"status-publish","4":"has-post-thumbnail","6":"product_cat-accessories","7":"product_cat-klaja-aprikojums-ru","8":"product_cat-sedekli-mehanismi-ru","10":"first","11":"instock","12":"taxable","13":"shipping-taxable","14":"purchasable","15":"product-type-variable"},"jetpack_sharing_enabled":true,"_links":{"self":[{"href":"https:\/\/shop.bushboats.com\/index.php\/wp-json\/wp\/v2\/product\/24980","targetHints":{"allow":["GET"]}}],"collection":[{"href":"https:\/\/shop.bushboats.com\/index.php\/wp-json\/wp\/v2\/product"}],"about":[{"href":"https:\/\/shop.bushboats.com\/index.php\/wp-json\/wp\/v2\/types\/product"}],"replies":[{"embeddable":true,"href":"https:\/\/shop.bushboats.com\/index.php\/wp-json\/wp\/v2\/comments?post=24980"}],"wp:featuredmedia":[{"embeddable":true,"href":"https:\/\/shop.bushboats.com\/index.php\/wp-json\/wp\/v2\/media\/24974"}],"wp:attachment":[{"href":"https:\/\/shop.bushboats.com\/index.php\/wp-json\/wp\/v2\/media?parent=24980"}],"wp:term":[{"taxonomy":"product_brand","embeddable":true,"href":"https:\/\/shop.bushboats.com\/index.php\/wp-json\/wp\/v2\/product_brand?post=24980"},{"taxonomy":"product_cat","embeddable":true,"href":"https:\/\/shop.bushboats.com\/index.php\/wp-json\/wp\/v2\/product_cat?post=24980"},{"taxonomy":"product_tag","embeddable":true,"href":"https:\/\/shop.bushboats.com\/index.php\/wp-json\/wp\/v2\/product_tag?post=24980"}],"curies":[{"name":"wp","href":"https:\/\/api.w.org\/{rel}","templated":true}]}}