{"id":25064,"date":"2025-08-12T07:25:12","date_gmt":"2025-08-12T04:25:12","guid":{"rendered":"https:\/\/shop.bushboats.com\/?post_type=product&#038;p=25064"},"modified":"2025-08-12T07:30:01","modified_gmt":"2025-08-12T04:30:01","slug":"lejeru-paplaksne-gaisi-peleks","status":"publish","type":"product","link":"https:\/\/shop.bushboats.com\/index.php\/produkts\/lejeru-paplaksne-gaisi-peleks\/","title":{"rendered":"Lejeru papl\u0101ksne gai\u0161i pel\u0113ks"},"content":{"rendered":"<p>Materi\u0101ls &#8211; PVC<br \/>\nCaurums &#8211; \u00d8 12 mm<br \/>\nIzm\u0113rs &#8211;\u00a0\u00d8 75mm , H 19mm<\/p>\n","protected":false},"excerpt":{"rendered":"<p>Materi\u0101ls &#8211; PVC Caurums &#8211; \u00d8 12 mm Izm\u0113rs &#8211;\u00a0\u00d8 75mm , H 19mm<\/p>\n","protected":false},"featured_media":25065,"comment_status":"open","ping_status":"closed","template":"","meta":[],"product_brand":[],"product_cat":[54,670],"product_tag":[],"class_list":{"0":"post-25064","1":"product","2":"type-product","3":"status-publish","4":"has-post-thumbnail","6":"product_cat-accessories","7":"product_cat-piepusamo-laivu-aksesuari","9":"first","10":"instock","11":"taxable","12":"shipping-taxable","13":"purchasable","14":"product-type-simple"},"jetpack_sharing_enabled":true,"_links":{"self":[{"href":"https:\/\/shop.bushboats.com\/index.php\/wp-json\/wp\/v2\/product\/25064","targetHints":{"allow":["GET"]}}],"collection":[{"href":"https:\/\/shop.bushboats.com\/index.php\/wp-json\/wp\/v2\/product"}],"about":[{"href":"https:\/\/shop.bushboats.com\/index.php\/wp-json\/wp\/v2\/types\/product"}],"replies":[{"embeddable":true,"href":"https:\/\/shop.bushboats.com\/index.php\/wp-json\/wp\/v2\/comments?post=25064"}],"wp:featuredmedia":[{"embeddable":true,"href":"https:\/\/shop.bushboats.com\/index.php\/wp-json\/wp\/v2\/media\/25065"}],"wp:attachment":[{"href":"https:\/\/shop.bushboats.com\/index.php\/wp-json\/wp\/v2\/media?parent=25064"}],"wp:term":[{"taxonomy":"product_brand","embeddable":true,"href":"https:\/\/shop.bushboats.com\/index.php\/wp-json\/wp\/v2\/product_brand?post=25064"},{"taxonomy":"product_cat","embeddable":true,"href":"https:\/\/shop.bushboats.com\/index.php\/wp-json\/wp\/v2\/product_cat?post=25064"},{"taxonomy":"product_tag","embeddable":true,"href":"https:\/\/shop.bushboats.com\/index.php\/wp-json\/wp\/v2\/product_tag?post=25064"}],"curies":[{"name":"wp","href":"https:\/\/api.w.org\/{rel}","templated":true}]}}