{"id":25110,"date":"2025-08-12T08:16:49","date_gmt":"2025-08-12T05:16:49","guid":{"rendered":"https:\/\/shop.bushboats.com\/?post_type=product&#038;p=25110"},"modified":"2025-08-12T08:43:40","modified_gmt":"2025-08-12T05:43:40","slug":"lowrance-recon-3","status":"publish","type":"product","link":"https:\/\/shop.bushboats.com\/index.php\/produkts\/lowrance-recon-3\/","title":{"rendered":"Lowrance RECON FW 90\/115LB 54\u2033"},"content":{"rendered":"<p>Lowrance Recon\u00a0\u2013 ir Lowrance n\u0101kam\u0101s paaudzes elektriskais motors. Pateicoties unik\u0101lajai t\u0101lvad\u012bbas pultij, bezvadu k\u0101jas ped\u0101lim un integr\u0101cijai ar Lowrance eholot\u0113m, elektromotoru var vad\u012bt no jebkuras vietas uz laivas. Lab\u0101k\u0101 sav\u0101 klas\u0113 GPS sist\u0113ma un pietieko\u0161\u0101 jauda notur\u0113s j\u016bs uz izv\u0113l\u0113t\u0101 p\u0101rvieto\u0161an\u0101s kursa, vai izv\u0113l\u0113t\u0101s enkura poz\u012bcijas neatkar\u012bgi no laikapst\u0101k\u013ciem. Tas noz\u012bm\u0113, ka varat dro\u0161i koncentr\u0113ties uz mak\u0161\u0137er\u0113\u0161anu, un vairs nedom\u0101t par elektromotora sp\u0113j\u0101m.<\/p>\n<p>Revolucion\u0101r\u0101 kontrole:<br \/>\nFreeSteer\u2122 t\u0101lvad\u012bbas pults ar \u201cD\u017eoistika\u201d vad\u012bbu, izmantojot \u201cD\u017eoistika\u201d funkcijas, main\u0101s ar\u012b laivas kontrol\u0113\u0161anas iesp\u0113jas. Ar FreeSteer\u2122 \u201cD\u017eoistiku\u201d j\u016bs varat veikt st\u016br\u0113\u0161anas manevrus asto\u0146os virzienos. Tagad var br\u012bvi noregul\u0113t enkura poz\u012bciju gandr\u012bz jebkur\u0101 virzien\u0101, bez nepiecie\u0161am\u012bbas atk\u0101rtoti noenkurot laivu.<\/p>\n<p>Turkl\u0101t bezvadu \u201cwireless\u201d k\u0101jas vad\u012bbas ped\u0101lim Recon\u2122 mode\u013ciem ir programm\u0113jamas pogu funkcijas, k\u0101 ar\u012b ir iesp\u0113jams pievienot papildus pogas, kas nodro\u0161ina iesp\u0113ju pa\u0161am sakonfigur\u0113t lab\u0101kos uzst\u0101d\u012bjumus un vad\u012bbu.<br \/>\n(Melnajam sald\u016bdens \u201cFW\u201d modelim ped\u0101lis ir iek\u013cauts pamatkomplekt\u0101cij\u0101, savuk\u0101rt baltajam s\u0101ls\u016bdens \u201cSW\u201d modelim ped\u0101li ir iesp\u0113jams ieg\u0101d\u0101ties atsevi\u0161\u0137i)<\/p>\n<p>Nepieredz\u0113ta precizit\u0101te:<br \/>\nAugst\u0101k\u0101 precizit\u0101te neaprobe\u017eojas tikai ar t\u0101lvad\u012bbas pults \u201cD\u017eoistiku\u201d. Recon\u2122 pied\u0101v\u0101 klas\u0113 lab\u0101ko st\u016br\u0113\u0161anas \u0101trumu un ar viena gr\u0101da precizit\u0101ti iestat\u012btiem st\u016br\u0113\u0161anas regul\u0113jumiem. K\u0101jas ped\u0101\u013ca vad\u012bbas amplit\u016bda 40 gr\u0101di.<\/p>\n<p>Ori\u0123in\u0101lais Lowrance son\u0101rs:<br \/>\nSald\u016bdens \u201cFW\u201d elektromotora modelim ir ieb\u016bv\u0113ts HDI son\u0101ra dev\u0113js, savienojot ar Lowrance eholotu ieg\u016bstiet iesp\u0113ju izmantot ieb\u016bv\u0113to dev\u0113ju. Elektromotoru iesp\u0113jams apr\u012bkot ar Active Imaging\u2122 3-in-1 son\u0101ra dev\u0113ju un ieg\u016bt v\u0113l lab\u0101ku att\u0113la kvalit\u0101ti Lowrance ehholot\u0113.<\/p>\n<p>Pietiekami iztur\u012bgs jebkam:<br \/>\nNo neizn\u012bcin\u0101mas oglek\u013ca \u0161\u0137iedras kompoz\u012btmateri\u0101la izgatavot\u0101 elektromotora k\u0101ja ir tik iztur\u012bga, ka m\u0113s tai pied\u0101v\u0101jam m\u016b\u017ea garantiju. Bet tas v\u0113l nav viss. V\u0113rsts uz lietot\u0101ju un maksim\u0101li vienk\u0101r\u0161ots, ja pat atgad\u0101s k\u0101da elektroniska k\u013c\u016bme ar elektromotoru, pateicoties ieb\u016bv\u0113tajai \u201cpa\u0161diagnostikai\u201d tiks nolas\u012btas k\u013c\u016bdas, un k\u013c\u016bdu kodi tiks par\u0101d\u012bti t\u0101lvad\u012bbas pult\u012b, mobilaj\u0101 lietotn\u0113 vai eholotes ekr\u0101n\u0101.<\/p>\n<p>Papildus inform\u0101cija:<\/p>\n<ul>\n<li>Lab\u0101k\u0101 jauda sav\u0101 klas\u0113<\/li>\n<li>Prec\u012bza GPS pozicion\u0113\u0161ana<\/li>\n<li>\u013boti kluss un jaud\u012bgs 24V \/ 36V bezsuku motors<\/li>\n<li>Viegla FreeSteer\u2122 t\u0101lvad\u012bbas pults ar LCD kr\u0101su displeju<\/li>\n<li>Bezvadu \u201cwireless\u201d, piel\u0101gojams k\u0101jas ped\u0101lis<\/li>\n<li>HDI son\u0101ra dev\u0113js<\/li>\n<li>Iesp\u0113ja viegli uzst\u0101d\u012bt 3-1 son\u0101ra dev\u0113ju<\/li>\n<li>Vair\u0101ki piederumu stiprin\u0101juma punkti<\/li>\n<li>NMEA 2000\u00ae savienojums<\/li>\n<li>M\u016b\u017ea garantija k\u0101jai<\/li>\n<li>Tr\u012bs gadu garantija motoram<\/li>\n<\/ul>\n<h5><\/h5>\n<ul>\n<li>\n<h5>Elektromotors Lowrance RECON FW 90\/115LB 54\u2033<\/h5>\n<ul>\n<li>Baro\u0161ana: 24v vai 36v<\/li>\n<li>K\u0101jas garums: 54\u2033 \u2013 137cm<\/li>\n<li>Jauda: 24v \u2013 90LB, 36v \u2013 115LB<\/li>\n<li>Enkura funkcija: Ir<\/li>\n<\/ul>\n<\/li>\n<\/ul>\n","protected":false},"excerpt":{"rendered":"<p>Lowrance Recon\u00a0\u2013 ir Lowrance n\u0101kam\u0101s paaudzes elektriskais motors. Pateicoties unik\u0101lajai t\u0101lvad\u012bbas pultij, bezvadu k\u0101jas ped\u0101lim un integr\u0101cijai ar Lowrance eholot\u0113m, elektromotoru var vad\u012bt no jebkuras vietas uz laivas. Lab\u0101k\u0101 sav\u0101 klas\u0113 GPS sist\u0113ma un pietieko\u0161\u0101 jauda notur\u0113s j\u016bs uz izv\u0113l\u0113t\u0101 p\u0101rvieto\u0161an\u0101s kursa, vai izv\u0113l\u0113t\u0101s enkura poz\u012bcijas neatkar\u012bgi no laikapst\u0101k\u013ciem. Tas noz\u012bm\u0113, ka varat dro\u0161i koncentr\u0113ties [&hellip;]<\/p>\n","protected":false},"featured_media":25111,"comment_status":"open","ping_status":"closed","template":"","meta":[],"product_brand":[],"product_cat":[876,873],"product_tag":[],"class_list":{"0":"post-25110","1":"product","2":"type-product","3":"status-publish","4":"has-post-thumbnail","6":"product_cat-lowrance-2","7":"product_cat-lowrance-recon-fw","9":"first","10":"instock","11":"taxable","12":"shipping-taxable","13":"purchasable","14":"product-type-simple"},"jetpack_sharing_enabled":true,"_links":{"self":[{"href":"https:\/\/shop.bushboats.com\/index.php\/wp-json\/wp\/v2\/product\/25110","targetHints":{"allow":["GET"]}}],"collection":[{"href":"https:\/\/shop.bushboats.com\/index.php\/wp-json\/wp\/v2\/product"}],"about":[{"href":"https:\/\/shop.bushboats.com\/index.php\/wp-json\/wp\/v2\/types\/product"}],"replies":[{"embeddable":true,"href":"https:\/\/shop.bushboats.com\/index.php\/wp-json\/wp\/v2\/comments?post=25110"}],"wp:featuredmedia":[{"embeddable":true,"href":"https:\/\/shop.bushboats.com\/index.php\/wp-json\/wp\/v2\/media\/25111"}],"wp:attachment":[{"href":"https:\/\/shop.bushboats.com\/index.php\/wp-json\/wp\/v2\/media?parent=25110"}],"wp:term":[{"taxonomy":"product_brand","embeddable":true,"href":"https:\/\/shop.bushboats.com\/index.php\/wp-json\/wp\/v2\/product_brand?post=25110"},{"taxonomy":"product_cat","embeddable":true,"href":"https:\/\/shop.bushboats.com\/index.php\/wp-json\/wp\/v2\/product_cat?post=25110"},{"taxonomy":"product_tag","embeddable":true,"href":"https:\/\/shop.bushboats.com\/index.php\/wp-json\/wp\/v2\/product_tag?post=25110"}],"curies":[{"name":"wp","href":"https:\/\/api.w.org\/{rel}","templated":true}]}}