{"id":25170,"date":"2025-08-26T19:27:07","date_gmt":"2025-08-26T16:27:07","guid":{"rendered":"https:\/\/shop.bushboats.com\/?post_type=product&#038;p=25170"},"modified":"2025-08-26T19:27:07","modified_gmt":"2025-08-26T16:27:07","slug":"minn-kota-laivas-akumulatora-kaste-trolling-motor-power-center","status":"publish","type":"product","link":"https:\/\/shop.bushboats.com\/index.php\/produkts\/minn-kota-laivas-akumulatora-kaste-trolling-motor-power-center\/","title":{"rendered":"MINN KOTA &#8211; laivas akumulatora kaste &#8211; Trolling Motor Power Center"},"content":{"rendered":"<p>Akumulatoru kaste Minn Kota Battery Power Center ir dom\u0101ts neliel\u0101m laiv\u0101m, kur\u0101m nav speci\u0101lu akumulatoru nodal\u012bjumu. \u0160\u012b viegl\u0101 kaste, ar viegli pieejam\u0101m \u0101r\u0113j\u0101m klemm\u0113m, \u013cauj savienot elektromotora vadus un l\u0101d\u0113t\u0101ja vadus, neatveros kasti.<\/p>\n<p>Iek\u013cauti divi 12 voltu piederumu spraud\u0146i un 2 manu\u0101li atiestat\u012bti autom\u0101tiskie dro\u0161in\u0101t\u0101ji (10 amp aksesu\u0101riem, kurus var piesl\u0113gt caur \u201cpiep\u012bp\u0113t\u0101ja\u201d ligzdu un 60 amp elektromotoram). Der grupas 24 un 27 izm\u0113ra akumulatoriem.<\/p>\n<ul>\n<li>Ieb\u016bv\u0113ts, spiedpogu akumulatora m\u0113r\u012bt\u0101js ar 4 LED<\/li>\n<li>Divi 12 voltu piederumu spraud\u0146i<\/li>\n<li>60\u00a0A dro\u0161in\u0101t\u0101js, kas pievienots aug\u0161pus\u0113<\/li>\n<li>10\u00a0A dro\u0161in\u0101t\u0101js, kas savienots ar diviem piederumu portiem<\/li>\n<li>Gredzena spailes akumulatora savienot\u0101ju iek\u0161pus\u0113<\/li>\n<li>P\u0101rn\u0113s\u0101\u0161anas rokturi ab\u0101s pus\u0113s<\/li>\n<li>Savietojams ar grupas 24 un 27 izm\u0113ra akumulatoriem.<\/li>\n<li>Izm\u0113ri: 17.78cm x 34.29cm x 30.48cm<\/li>\n<\/ul>\n","protected":false},"excerpt":{"rendered":"<p>Akumulatoru kaste Minn Kota Battery Power Center ir dom\u0101ts neliel\u0101m laiv\u0101m, kur\u0101m nav speci\u0101lu akumulatoru nodal\u012bjumu. \u0160\u012b viegl\u0101 kaste, ar viegli pieejam\u0101m \u0101r\u0113j\u0101m klemm\u0113m, \u013cauj savienot elektromotora vadus un l\u0101d\u0113t\u0101ja vadus, neatveros kasti. Iek\u013cauti divi 12 voltu piederumu spraud\u0146i un 2 manu\u0101li atiestat\u012bti autom\u0101tiskie dro\u0161in\u0101t\u0101ji (10 amp aksesu\u0101riem, kurus var piesl\u0113gt caur \u201cpiep\u012bp\u0113t\u0101ja\u201d ligzdu un [&hellip;]<\/p>\n","protected":false},"featured_media":25171,"comment_status":"open","ping_status":"closed","template":"","meta":[],"product_brand":[],"product_cat":[789,79,725],"product_tag":[],"class_list":{"0":"post-25170","1":"product","2":"type-product","3":"status-publish","4":"has-post-thumbnail","6":"product_cat-akumulatori","7":"product_cat-elektriskie-piederumi","8":"product_cat-minnkota-piederumi","10":"first","11":"instock","12":"taxable","13":"shipping-taxable","14":"purchasable","15":"product-type-simple"},"jetpack_sharing_enabled":true,"_links":{"self":[{"href":"https:\/\/shop.bushboats.com\/index.php\/wp-json\/wp\/v2\/product\/25170","targetHints":{"allow":["GET"]}}],"collection":[{"href":"https:\/\/shop.bushboats.com\/index.php\/wp-json\/wp\/v2\/product"}],"about":[{"href":"https:\/\/shop.bushboats.com\/index.php\/wp-json\/wp\/v2\/types\/product"}],"replies":[{"embeddable":true,"href":"https:\/\/shop.bushboats.com\/index.php\/wp-json\/wp\/v2\/comments?post=25170"}],"wp:featuredmedia":[{"embeddable":true,"href":"https:\/\/shop.bushboats.com\/index.php\/wp-json\/wp\/v2\/media\/25171"}],"wp:attachment":[{"href":"https:\/\/shop.bushboats.com\/index.php\/wp-json\/wp\/v2\/media?parent=25170"}],"wp:term":[{"taxonomy":"product_brand","embeddable":true,"href":"https:\/\/shop.bushboats.com\/index.php\/wp-json\/wp\/v2\/product_brand?post=25170"},{"taxonomy":"product_cat","embeddable":true,"href":"https:\/\/shop.bushboats.com\/index.php\/wp-json\/wp\/v2\/product_cat?post=25170"},{"taxonomy":"product_tag","embeddable":true,"href":"https:\/\/shop.bushboats.com\/index.php\/wp-json\/wp\/v2\/product_tag?post=25170"}],"curies":[{"name":"wp","href":"https:\/\/api.w.org\/{rel}","templated":true}]}}