{"id":25206,"date":"2025-08-26T19:50:31","date_gmt":"2025-08-26T16:50:31","guid":{"rendered":"https:\/\/shop.bushboats.com\/?post_type=product&#038;p=25206"},"modified":"2025-08-26T19:50:32","modified_gmt":"2025-08-26T16:50:32","slug":"akumulators-minn-kota-100ah-12v","status":"publish","type":"product","link":"https:\/\/shop.bushboats.com\/index.php\/produkts\/akumulators-minn-kota-100ah-12v\/","title":{"rendered":"Akumulators MINN KOTA 100AH 12V"},"content":{"rendered":"<p>Akumulators MINN KOTA DC 100 Ah 12V<\/p>\n<p>Dzi\u013c\u0101s izl\u0101des akumulators MINN KOTA 100 Ah 12 V\u00a0 laivu elektromotoriem ar spail\u0113m<\/p>\n<p>Jauda (Ah) 100 Ah<br \/>\nS\u0101kuma str\u0101va 720A (EN)<br \/>\nSpriegums (V) 12V<br \/>\nBaterijas tips Marine \/ RV dzi\u013cais cikls (\u0161\u0137idrais elektrol\u012bts)<br \/>\nGarums (mm) 350<br \/>\nPlatums (mm) 175<br \/>\nAugstums (mm) 190<\/p>\n<p>Svars: 26,7 kg<br \/>\nRa\u017eot\u0101js Minn Kota<\/p>\n","protected":false},"excerpt":{"rendered":"<p>Akumulators MINN KOTA DC 100 Ah 12V Dzi\u013c\u0101s izl\u0101des akumulators MINN KOTA 100 Ah 12 V\u00a0 laivu elektromotoriem ar spail\u0113m Jauda (Ah) 100 Ah S\u0101kuma str\u0101va 720A (EN) Spriegums (V) 12V Baterijas tips Marine \/ RV dzi\u013cais cikls (\u0161\u0137idrais elektrol\u012bts) Garums (mm) 350 Platums (mm) 175 Augstums (mm) 190 Svars: 26,7 kg Ra\u017eot\u0101js Minn Kota<\/p>\n","protected":false},"featured_media":25207,"comment_status":"open","ping_status":"closed","template":"","meta":[],"product_brand":[],"product_cat":[789],"product_tag":[],"class_list":{"0":"post-25206","1":"product","2":"type-product","3":"status-publish","4":"has-post-thumbnail","6":"product_cat-akumulatori","8":"first","9":"instock","10":"taxable","11":"shipping-taxable","12":"purchasable","13":"product-type-simple"},"jetpack_sharing_enabled":true,"_links":{"self":[{"href":"https:\/\/shop.bushboats.com\/index.php\/wp-json\/wp\/v2\/product\/25206","targetHints":{"allow":["GET"]}}],"collection":[{"href":"https:\/\/shop.bushboats.com\/index.php\/wp-json\/wp\/v2\/product"}],"about":[{"href":"https:\/\/shop.bushboats.com\/index.php\/wp-json\/wp\/v2\/types\/product"}],"replies":[{"embeddable":true,"href":"https:\/\/shop.bushboats.com\/index.php\/wp-json\/wp\/v2\/comments?post=25206"}],"wp:featuredmedia":[{"embeddable":true,"href":"https:\/\/shop.bushboats.com\/index.php\/wp-json\/wp\/v2\/media\/25207"}],"wp:attachment":[{"href":"https:\/\/shop.bushboats.com\/index.php\/wp-json\/wp\/v2\/media?parent=25206"}],"wp:term":[{"taxonomy":"product_brand","embeddable":true,"href":"https:\/\/shop.bushboats.com\/index.php\/wp-json\/wp\/v2\/product_brand?post=25206"},{"taxonomy":"product_cat","embeddable":true,"href":"https:\/\/shop.bushboats.com\/index.php\/wp-json\/wp\/v2\/product_cat?post=25206"},{"taxonomy":"product_tag","embeddable":true,"href":"https:\/\/shop.bushboats.com\/index.php\/wp-json\/wp\/v2\/product_tag?post=25206"}],"curies":[{"name":"wp","href":"https:\/\/api.w.org\/{rel}","templated":true}]}}