{"id":25214,"date":"2025-08-26T20:16:46","date_gmt":"2025-08-26T17:16:46","guid":{"rendered":"https:\/\/shop.bushboats.com\/?post_type=product&#038;p=25214"},"modified":"2025-08-26T20:17:06","modified_gmt":"2025-08-26T17:17:06","slug":"universalais-ladetajs-minn-kota-energy-research-lithium-battery-charger-12v-10amp-lithium-charge-12v","status":"publish","type":"product","link":"https:\/\/shop.bushboats.com\/index.php\/produkts\/universalais-ladetajs-minn-kota-energy-research-lithium-battery-charger-12v-10amp-lithium-charge-12v\/","title":{"rendered":"Univers\u0101lais l\u0101d\u0113t\u0101js MINN KOTA Energy Research Lithium battery charger 12V 10AMP LITHIUM-CHARGE-12V"},"content":{"rendered":"<p>12V 10A IP65 litija-LiFePO4 l\u0101d\u0113t\u0101js. M\u016bsu litija l\u0101d\u0113t\u0101ji ir speci\u0101li izstr\u0101d\u0101ti, lai uzl\u0101d\u0113tu m\u016bsu ER-Power Buddy akumulatorus l\u012bdz maksim\u0101lai jaudai \u012bs\u0101kaj\u0101 laik\u0101 iesp\u0113jams, atkar\u012bb\u0101 no j\u016bsu akumulatora sprieguma un l\u0101d\u0113t\u0101ja sprieguma. L\u0101d\u0113t\u0101js iet cauri 3 posmiem, lai uzl\u0101d\u0113tu un uztur\u0113tu j\u016bsu akumulatoru. Pamatl\u0101d\u0113\u0161ana &#8211; nodro\u0161ina vairumu l\u0101d\u0113\u0161anas (60-80%). L\u0101d\u0113t\u0101js pieg\u0101d\u0101 maksim\u0101lo str\u0101vu, l\u012bdz termin\u0101la spriegums ir paaugstin\u0101jies l\u012bdz iestat\u012btajam l\u012bmenim. Uzs\u016bk\u0161ana &#8211; pabeidz uzl\u0101d\u0113\u0161anu l\u012bdz gandr\u012bz 100% konstant\u0101 spriegum\u0101. Str\u0101va samazin\u0101s, kad akumulators sasniedz pilnu jaudu. Peld\u0113\u0161ana &#8211; uztur\u0113\u0161anas l\u0101d\u0113\u0161ana ar konstantu spriegumu, saglab\u0101jot akumulatoru 100% uzl\u0101d\u0113t\u0101 st\u0101vokl\u012b.<\/p>\n<div class=\"fl-list-item fl-list-item-0\" role=\"listitem\">\n<div class=\"fl-list-item-wrapper\">\n<div class=\"fl-list-item-content\">\n<div class=\"fl-list-item-content-text\">\n<h3><strong>Charging: 12V &#8211; 10AMP<\/strong><\/h3>\n<\/div>\n<\/div>\n<\/div>\n<\/div>\n<div class=\"fl-list-item fl-list-item-1\" role=\"listitem\">\n<div class=\"fl-list-item-wrapper\">\n<div class=\"fl-list-item-content\">\n<div class=\"fl-list-item-content-text\">\n<h3><strong>Easy handling\u00a0<\/strong><\/h3>\n<\/div>\n<\/div>\n<\/div>\n<\/div>\n<div class=\"fl-list-item fl-list-item-2\" role=\"listitem\">\n<div class=\"fl-list-item-wrapper\">\n<div class=\"fl-list-item-content\">\n<div class=\"fl-list-item-content-text\">\n<h3><strong>IP-65 waterproof<\/strong><\/h3>\n<\/div>\n<\/div>\n<\/div>\n<\/div>\n<div class=\"fl-list-item fl-list-item-3\" role=\"listitem\">\n<div class=\"fl-list-item-wrapper\">\n<div class=\"fl-list-item-content\">\n<div class=\"fl-list-item-content-text\">\n<h3><strong>Protects your battery<\/strong><\/h3>\n<\/div>\n<\/div>\n<\/div>\n<\/div>\n","protected":false},"excerpt":{"rendered":"<p>12V 10A IP65 litija-LiFePO4 l\u0101d\u0113t\u0101js. M\u016bsu litija l\u0101d\u0113t\u0101ji ir speci\u0101li izstr\u0101d\u0101ti, lai uzl\u0101d\u0113tu m\u016bsu ER-Power Buddy akumulatorus l\u012bdz maksim\u0101lai jaudai \u012bs\u0101kaj\u0101 laik\u0101 iesp\u0113jams, atkar\u012bb\u0101 no j\u016bsu akumulatora sprieguma un l\u0101d\u0113t\u0101ja sprieguma. L\u0101d\u0113t\u0101js iet cauri 3 posmiem, lai uzl\u0101d\u0113tu un uztur\u0113tu j\u016bsu akumulatoru. Pamatl\u0101d\u0113\u0161ana &#8211; nodro\u0161ina vairumu l\u0101d\u0113\u0161anas (60-80%). L\u0101d\u0113t\u0101js pieg\u0101d\u0101 maksim\u0101lo str\u0101vu, l\u012bdz termin\u0101la spriegums [&hellip;]<\/p>\n","protected":false},"featured_media":25215,"comment_status":"open","ping_status":"closed","template":"","meta":[],"product_brand":[],"product_cat":[789],"product_tag":[],"class_list":{"0":"post-25214","1":"product","2":"type-product","3":"status-publish","4":"has-post-thumbnail","6":"product_cat-akumulatori","8":"first","9":"instock","10":"taxable","11":"shipping-taxable","12":"purchasable","13":"product-type-simple"},"jetpack_sharing_enabled":true,"_links":{"self":[{"href":"https:\/\/shop.bushboats.com\/index.php\/wp-json\/wp\/v2\/product\/25214","targetHints":{"allow":["GET"]}}],"collection":[{"href":"https:\/\/shop.bushboats.com\/index.php\/wp-json\/wp\/v2\/product"}],"about":[{"href":"https:\/\/shop.bushboats.com\/index.php\/wp-json\/wp\/v2\/types\/product"}],"replies":[{"embeddable":true,"href":"https:\/\/shop.bushboats.com\/index.php\/wp-json\/wp\/v2\/comments?post=25214"}],"wp:featuredmedia":[{"embeddable":true,"href":"https:\/\/shop.bushboats.com\/index.php\/wp-json\/wp\/v2\/media\/25215"}],"wp:attachment":[{"href":"https:\/\/shop.bushboats.com\/index.php\/wp-json\/wp\/v2\/media?parent=25214"}],"wp:term":[{"taxonomy":"product_brand","embeddable":true,"href":"https:\/\/shop.bushboats.com\/index.php\/wp-json\/wp\/v2\/product_brand?post=25214"},{"taxonomy":"product_cat","embeddable":true,"href":"https:\/\/shop.bushboats.com\/index.php\/wp-json\/wp\/v2\/product_cat?post=25214"},{"taxonomy":"product_tag","embeddable":true,"href":"https:\/\/shop.bushboats.com\/index.php\/wp-json\/wp\/v2\/product_tag?post=25214"}],"curies":[{"name":"wp","href":"https:\/\/api.w.org\/{rel}","templated":true}]}}