{"id":25299,"date":"2025-09-04T14:18:12","date_gmt":"2025-09-04T11:18:12","guid":{"rendered":"https:\/\/shop.bushboats.com\/?post_type=product&#038;p=25299"},"modified":"2025-12-16T13:29:09","modified_gmt":"2025-12-16T11:29:09","slug":"roy-pow-life-po4-battery-charger-12v-10amp-ip65-aksesuars","status":"publish","type":"product","link":"https:\/\/shop.bushboats.com\/index.php\/produkts\/roy-pow-life-po4-battery-charger-12v-10amp-ip65-aksesuars\/","title":{"rendered":"Roy Pow Life PO4 battery charger 12V 10AMP IP65 aksesu\u0101rs"},"content":{"rendered":"<h2 class=\"product-info-header\">Preces apraksts<\/h2>\n<div id=\"collapse_block_2\" class=\"product-description-wrapper\">Produkta specifik\u0101cija:<br \/>\nUzl\u0101d\u0113jam\u0101s baterijas tips: LiFePO4<br \/>\nIzmantotais spriegums: 230V<br \/>\nUzl\u0101des str\u0101va: 10A (maks.)<br \/>\nSpriegums (izeja): 14,4V<br \/>\nDzi\u013ci izl\u0101d\u0113tu akumulatoru uzl\u0101de (SOS Recover): N\u0112<br \/>\nIedarbin\u0101\u0161ana (JumpStarter): N\u0112<br \/>\nP\u0101rbaude: N\u0112<br \/>\nRa\u017eot\u0101js: ROYPOW<br \/>\nSertifik\u0101ti: CE \/ RoHS<br \/>\nIP v\u0113rt\u0113jums: IP65 (putek\u013cu un \u0161\u013cakatu iztur\u012bgs)<\/div>\n","protected":false},"excerpt":{"rendered":"<p>Preces apraksts Produkta specifik\u0101cija: Uzl\u0101d\u0113jam\u0101s baterijas tips: LiFePO4 Izmantotais spriegums: 230V Uzl\u0101des str\u0101va: 10A (maks.) Spriegums (izeja): 14,4V Dzi\u013ci izl\u0101d\u0113tu akumulatoru uzl\u0101de (SOS Recover): N\u0112 Iedarbin\u0101\u0161ana (JumpStarter): N\u0112 P\u0101rbaude: N\u0112 Ra\u017eot\u0101js: ROYPOW Sertifik\u0101ti: CE \/ RoHS IP v\u0113rt\u0113jums: IP65 (putek\u013cu un \u0161\u013cakatu iztur\u012bgs)<\/p>\n","protected":false},"featured_media":25300,"comment_status":"open","ping_status":"closed","template":"","meta":[],"product_brand":[],"product_cat":[789,76],"product_tag":[],"class_list":{"0":"post-25299","1":"product","2":"type-product","3":"status-publish","4":"has-post-thumbnail","6":"product_cat-akumulatori","7":"product_cat-electrical-equipment-lv","9":"first","10":"instock","11":"taxable","12":"shipping-taxable","13":"purchasable","14":"product-type-simple"},"jetpack_sharing_enabled":true,"_links":{"self":[{"href":"https:\/\/shop.bushboats.com\/index.php\/wp-json\/wp\/v2\/product\/25299","targetHints":{"allow":["GET"]}}],"collection":[{"href":"https:\/\/shop.bushboats.com\/index.php\/wp-json\/wp\/v2\/product"}],"about":[{"href":"https:\/\/shop.bushboats.com\/index.php\/wp-json\/wp\/v2\/types\/product"}],"replies":[{"embeddable":true,"href":"https:\/\/shop.bushboats.com\/index.php\/wp-json\/wp\/v2\/comments?post=25299"}],"wp:featuredmedia":[{"embeddable":true,"href":"https:\/\/shop.bushboats.com\/index.php\/wp-json\/wp\/v2\/media\/25300"}],"wp:attachment":[{"href":"https:\/\/shop.bushboats.com\/index.php\/wp-json\/wp\/v2\/media?parent=25299"}],"wp:term":[{"taxonomy":"product_brand","embeddable":true,"href":"https:\/\/shop.bushboats.com\/index.php\/wp-json\/wp\/v2\/product_brand?post=25299"},{"taxonomy":"product_cat","embeddable":true,"href":"https:\/\/shop.bushboats.com\/index.php\/wp-json\/wp\/v2\/product_cat?post=25299"},{"taxonomy":"product_tag","embeddable":true,"href":"https:\/\/shop.bushboats.com\/index.php\/wp-json\/wp\/v2\/product_tag?post=25299"}],"curies":[{"name":"wp","href":"https:\/\/api.w.org\/{rel}","templated":true}]}}