{"id":25325,"date":"2025-09-04T14:41:15","date_gmt":"2025-09-04T11:41:15","guid":{"rendered":"https:\/\/shop.bushboats.com\/?post_type=product&#038;p=25325"},"modified":"2025-09-04T14:41:16","modified_gmt":"2025-09-04T11:41:16","slug":"roy-pow-life-po4-battery-24v-100ah-22kg-ip67-with-box-aksesuars","status":"publish","type":"product","link":"https:\/\/shop.bushboats.com\/index.php\/produkts\/roy-pow-life-po4-battery-24v-100ah-22kg-ip67-with-box-aksesuars\/","title":{"rendered":"Roy Pow Life PO4 battery 24V 100AH 22KG IP67 with BOX aksesu\u0101rs"},"content":{"rendered":"<h2 class=\"product-info-header\">Preces apraksts<\/h2>\n<div id=\"collapse_block_2\" class=\"product-description-wrapper\">Darbiniet savus trollinga motorus ar izcilu v\u0113rt\u012bbu.<\/p>\n<p>Iedarbiniet savus velc\u0113\u0161anas motorus ar izcilu v\u0113rt\u012bbu.<br \/>\nNulles apkopes &#8211; bez laist\u012b\u0161anas, bez sk\u0101bes, bez korozijas.<br \/>\nViegli uzst\u0101d\u0101ms \u2013 \u012bpa\u0161i izstr\u0101d\u0101ti mont\u0101\u017eas caurumi nodro\u0161ina vieglu uzst\u0101d\u012b\u0161anu.<br \/>\nIlgsto\u0161a jauda \u2014 viegli darbiniet savus velc\u0113\u0161anas motorus visas dienas garum\u0101.<br \/>\nIzmantojam\u0101ka jauda \u2013 bez p\u0113k\u0161\u0146a sprieguma pazemin\u0101\u0161an\u0101s v\u0113l\u012bn\u0101 dien\u0101.<\/p>\n<p>Produkta specifik\u0101cija:<br \/>\nNomin\u0101lais spriegums: 25,6V<br \/>\nNomin\u0101l\u0101 jauda: 100AH<br \/>\nUzkr\u0101t\u0101 ener\u0123ija: 2,56 Kwh<br \/>\nIzm\u0113rs: 335,8x260x260,5 mm<br \/>\nSvars: 22KG<br \/>\nNep\u0101rtraukta uzl\u0101de: 50A<br \/>\nNep\u0101rtraukta izl\u0101de: 120A<br \/>\nP\u0101rsprieguma izl\u0101de: 200 A (10 s)<br \/>\nIP reitings: IP67<\/p><\/div>\n","protected":false},"excerpt":{"rendered":"<p>Preces apraksts Darbiniet savus trollinga motorus ar izcilu v\u0113rt\u012bbu. Iedarbiniet savus velc\u0113\u0161anas motorus ar izcilu v\u0113rt\u012bbu. Nulles apkopes &#8211; bez laist\u012b\u0161anas, bez sk\u0101bes, bez korozijas. Viegli uzst\u0101d\u0101ms \u2013 \u012bpa\u0161i izstr\u0101d\u0101ti mont\u0101\u017eas caurumi nodro\u0161ina vieglu uzst\u0101d\u012b\u0161anu. Ilgsto\u0161a jauda \u2014 viegli darbiniet savus velc\u0113\u0161anas motorus visas dienas garum\u0101. Izmantojam\u0101ka jauda \u2013 bez p\u0113k\u0161\u0146a sprieguma pazemin\u0101\u0161an\u0101s v\u0113l\u012bn\u0101 dien\u0101. [&hellip;]<\/p>\n","protected":false},"featured_media":25313,"comment_status":"open","ping_status":"closed","template":"","meta":[],"product_brand":[],"product_cat":[789,76],"product_tag":[],"class_list":{"0":"post-25325","1":"product","2":"type-product","3":"status-publish","4":"has-post-thumbnail","6":"product_cat-akumulatori","7":"product_cat-electrical-equipment-lv","9":"first","10":"instock","11":"taxable","12":"shipping-taxable","13":"purchasable","14":"product-type-simple"},"jetpack_sharing_enabled":true,"_links":{"self":[{"href":"https:\/\/shop.bushboats.com\/index.php\/wp-json\/wp\/v2\/product\/25325","targetHints":{"allow":["GET"]}}],"collection":[{"href":"https:\/\/shop.bushboats.com\/index.php\/wp-json\/wp\/v2\/product"}],"about":[{"href":"https:\/\/shop.bushboats.com\/index.php\/wp-json\/wp\/v2\/types\/product"}],"replies":[{"embeddable":true,"href":"https:\/\/shop.bushboats.com\/index.php\/wp-json\/wp\/v2\/comments?post=25325"}],"wp:featuredmedia":[{"embeddable":true,"href":"https:\/\/shop.bushboats.com\/index.php\/wp-json\/wp\/v2\/media\/25313"}],"wp:attachment":[{"href":"https:\/\/shop.bushboats.com\/index.php\/wp-json\/wp\/v2\/media?parent=25325"}],"wp:term":[{"taxonomy":"product_brand","embeddable":true,"href":"https:\/\/shop.bushboats.com\/index.php\/wp-json\/wp\/v2\/product_brand?post=25325"},{"taxonomy":"product_cat","embeddable":true,"href":"https:\/\/shop.bushboats.com\/index.php\/wp-json\/wp\/v2\/product_cat?post=25325"},{"taxonomy":"product_tag","embeddable":true,"href":"https:\/\/shop.bushboats.com\/index.php\/wp-json\/wp\/v2\/product_tag?post=25325"}],"curies":[{"name":"wp","href":"https:\/\/api.w.org\/{rel}","templated":true}]}}