{"id":25360,"date":"2025-09-04T15:20:58","date_gmt":"2025-09-04T12:20:58","guid":{"rendered":"https:\/\/shop.bushboats.com\/?post_type=product&#038;p=25360"},"modified":"2025-09-04T15:20:58","modified_gmt":"2025-09-04T12:20:58","slug":"energy-research-lithium-battery-36v-100ah-life-po4-bt-with-app-ip65-waterproof-aksesuars","status":"publish","type":"product","link":"https:\/\/shop.bushboats.com\/index.php\/produkts\/energy-research-lithium-battery-36v-100ah-life-po4-bt-with-app-ip65-waterproof-aksesuars\/","title":{"rendered":"Energy Research Lithium battery 36V 100AH Life PO4 BT with APP IP65 Waterproof aksesu\u0101rs"},"content":{"rendered":"<p>36 V 100 Ah litija akumulators<br \/>\nUnivers\u0101lie ER-Power Buddy akumulatori ir viegli un \u0113rti lietojami. Kompaktais izm\u0113rs atvieglo uzglab\u0101\u0161anu, un ar IP-65 korpusu akumulators ir gandr\u012bz piln\u012bb\u0101 \u016bdensiztur\u012bgs.<\/p>\n<p>Jauda: 36 V &#8211; 100 Ah<br \/>\nLietojumi: Elektrolaivo\u0161ana | Mak\u0161\u0137er\u0113\u0161ana | Atp\u016bta | Bezvadu elektr\u012bbas<br \/>\nAkumulatora uzraudz\u012bba, izmantojot lietotni<br \/>\nUSB ports | T\u0101lru\u0146a uzl\u0101de<br \/>\nKompakts un viegls: 29 kg<br \/>\nVienk\u0101r\u0161a lieto\u0161ana: Viegli p\u0101rn\u0113s\u0101jams pateicoties rokturim<br \/>\nVeiktsp\u0113ja: 100 % izl\u0101de bez boj\u0101jumiem<br \/>\n2000 cikli<br \/>\n522x268x220mm<\/p>\n","protected":false},"excerpt":{"rendered":"<p>36 V 100 Ah litija akumulators Univers\u0101lie ER-Power Buddy akumulatori ir viegli un \u0113rti lietojami. Kompaktais izm\u0113rs atvieglo uzglab\u0101\u0161anu, un ar IP-65 korpusu akumulators ir gandr\u012bz piln\u012bb\u0101 \u016bdensiztur\u012bgs. Jauda: 36 V &#8211; 100 Ah Lietojumi: Elektrolaivo\u0161ana | Mak\u0161\u0137er\u0113\u0161ana | Atp\u016bta | Bezvadu elektr\u012bbas Akumulatora uzraudz\u012bba, izmantojot lietotni USB ports | T\u0101lru\u0146a uzl\u0101de Kompakts un viegls: [&hellip;]<\/p>\n","protected":false},"featured_media":25361,"comment_status":"open","ping_status":"closed","template":"","meta":[],"product_brand":[],"product_cat":[789,76],"product_tag":[],"class_list":{"0":"post-25360","1":"product","2":"type-product","3":"status-publish","4":"has-post-thumbnail","6":"product_cat-akumulatori","7":"product_cat-electrical-equipment-lv","9":"first","10":"instock","11":"taxable","12":"shipping-taxable","13":"purchasable","14":"product-type-simple"},"jetpack_sharing_enabled":true,"_links":{"self":[{"href":"https:\/\/shop.bushboats.com\/index.php\/wp-json\/wp\/v2\/product\/25360","targetHints":{"allow":["GET"]}}],"collection":[{"href":"https:\/\/shop.bushboats.com\/index.php\/wp-json\/wp\/v2\/product"}],"about":[{"href":"https:\/\/shop.bushboats.com\/index.php\/wp-json\/wp\/v2\/types\/product"}],"replies":[{"embeddable":true,"href":"https:\/\/shop.bushboats.com\/index.php\/wp-json\/wp\/v2\/comments?post=25360"}],"wp:featuredmedia":[{"embeddable":true,"href":"https:\/\/shop.bushboats.com\/index.php\/wp-json\/wp\/v2\/media\/25361"}],"wp:attachment":[{"href":"https:\/\/shop.bushboats.com\/index.php\/wp-json\/wp\/v2\/media?parent=25360"}],"wp:term":[{"taxonomy":"product_brand","embeddable":true,"href":"https:\/\/shop.bushboats.com\/index.php\/wp-json\/wp\/v2\/product_brand?post=25360"},{"taxonomy":"product_cat","embeddable":true,"href":"https:\/\/shop.bushboats.com\/index.php\/wp-json\/wp\/v2\/product_cat?post=25360"},{"taxonomy":"product_tag","embeddable":true,"href":"https:\/\/shop.bushboats.com\/index.php\/wp-json\/wp\/v2\/product_tag?post=25360"}],"curies":[{"name":"wp","href":"https:\/\/api.w.org\/{rel}","templated":true}]}}