{"id":25410,"date":"2025-09-23T20:22:36","date_gmt":"2025-09-23T17:22:36","guid":{"rendered":"https:\/\/shop.bushboats.com\/?post_type=product&#038;p=25410"},"modified":"2025-09-23T20:22:36","modified_gmt":"2025-09-23T17:22:36","slug":"piepusama-glabsanas-veste-besto-165n-50-140kg","status":"publish","type":"product","link":"https:\/\/shop.bushboats.com\/index.php\/produkts\/piepusama-glabsanas-veste-besto-165n-50-140kg\/","title":{"rendered":"Piep\u016b\u0161am\u0101 Gl\u0101b\u0161anas Veste BESTO 165N, 50-140kg"},"content":{"rendered":"<p>Apk\u0101rtm\u0113rs (Chest Size) &#8211; 55-140cm<\/p>\n<p>Ar savu 3D apkakles dizainu un m\u012bksto \u0101r\u0113jo apvalku popul\u0101r\u0101 Besto \u00a0piep\u016b\u0161am\u0101 veste perfekti piek\u013caujas. Apkakle ir stingri saspr\u0101dz\u0113ta muguras pus\u0113 t\u0101d\u0113j\u0101di sniedzot komfortablu un dro\u0161u kakla atbalstu.<\/p>\n<ul>\n<li>165N vestei ir minim\u0101la peldsp\u0113jas kapacit\u0101te.<\/li>\n<li>50-140kg<\/li>\n<\/ul>\n","protected":false},"excerpt":{"rendered":"<p>Apk\u0101rtm\u0113rs (Chest Size) &#8211; 55-140cm Ar savu 3D apkakles dizainu un m\u012bksto \u0101r\u0113jo apvalku popul\u0101r\u0101 Besto \u00a0piep\u016b\u0161am\u0101 veste perfekti piek\u013caujas. Apkakle ir stingri saspr\u0101dz\u0113ta muguras pus\u0113 t\u0101d\u0113j\u0101di sniedzot komfortablu un dro\u0161u kakla atbalstu. 165N vestei ir minim\u0101la peldsp\u0113jas kapacit\u0101te. 50-140kg<\/p>\n","protected":false},"featured_media":25411,"comment_status":"open","ping_status":"closed","template":"","meta":[],"product_brand":[],"product_cat":[695,698],"product_tag":[],"class_list":{"0":"post-25410","1":"product","2":"type-product","3":"status-publish","4":"has-post-thumbnail","6":"product_cat-glabsanas-aprikojums","7":"product_cat-glabsanas-vestes","9":"first","10":"instock","11":"taxable","12":"shipping-taxable","13":"purchasable","14":"product-type-simple"},"jetpack_sharing_enabled":true,"_links":{"self":[{"href":"https:\/\/shop.bushboats.com\/index.php\/wp-json\/wp\/v2\/product\/25410","targetHints":{"allow":["GET"]}}],"collection":[{"href":"https:\/\/shop.bushboats.com\/index.php\/wp-json\/wp\/v2\/product"}],"about":[{"href":"https:\/\/shop.bushboats.com\/index.php\/wp-json\/wp\/v2\/types\/product"}],"replies":[{"embeddable":true,"href":"https:\/\/shop.bushboats.com\/index.php\/wp-json\/wp\/v2\/comments?post=25410"}],"wp:featuredmedia":[{"embeddable":true,"href":"https:\/\/shop.bushboats.com\/index.php\/wp-json\/wp\/v2\/media\/25411"}],"wp:attachment":[{"href":"https:\/\/shop.bushboats.com\/index.php\/wp-json\/wp\/v2\/media?parent=25410"}],"wp:term":[{"taxonomy":"product_brand","embeddable":true,"href":"https:\/\/shop.bushboats.com\/index.php\/wp-json\/wp\/v2\/product_brand?post=25410"},{"taxonomy":"product_cat","embeddable":true,"href":"https:\/\/shop.bushboats.com\/index.php\/wp-json\/wp\/v2\/product_cat?post=25410"},{"taxonomy":"product_tag","embeddable":true,"href":"https:\/\/shop.bushboats.com\/index.php\/wp-json\/wp\/v2\/product_tag?post=25410"}],"curies":[{"name":"wp","href":"https:\/\/api.w.org\/{rel}","templated":true}]}}