{"id":25678,"date":"2025-11-04T12:03:13","date_gmt":"2025-11-04T10:03:13","guid":{"rendered":"https:\/\/shop.bushboats.com\/?post_type=product&#038;p=25678"},"modified":"2025-11-04T12:03:14","modified_gmt":"2025-11-04T10:03:14","slug":"eva-loksne-1400x2250cm-dzeltens-rombs","status":"publish","type":"product","link":"https:\/\/shop.bushboats.com\/index.php\/produkts\/eva-loksne-1400x2250cm-dzeltens-rombs\/","title":{"rendered":"Eva loksne ~1400x2250cm ; Dzeltens &#8220;ROMBS&#8221;"},"content":{"rendered":"<p>* Unik\u0101la \u0161\u016bnu strukt\u016bra: EVA pakl\u0101ju galven\u0101 priek\u0161roc\u012bba ir to inovat\u012bv\u0101 virsma ar rombveida vai \u0161\u016bnveida \u0161\u016bn\u0101m. \u0160\u012b strukt\u016bra efekt\u012bvi sav\u0101c un aiztur l\u012bdz 1 litram \u016bdens, net\u012brumu, smil\u0161u, sniega un nelielu gru\u017eu uz kvadr\u0101tmetru, ne\u013caujot tiem izplat\u012bties vis\u0101 salon\u0101. J\u016bsu apavi un bikses paliek t\u012bras, un automa\u0161\u012bnas gr\u012bda sausa.<br \/>\n* Viegli t\u012br\u0101ms: T\u012br\u012b\u0161ana ar EVA pakl\u0101ji\u0146iem aiz\u0146em da\u017eas min\u016btes. Vienk\u0101r\u0161i no\u0146emiet pakl\u0101ji\u0146u, apgrieziet to, lai izkrat\u012btu uzkr\u0101tos gru\u017eus, vai noskalojiet ar \u016bdeni zem spiediena. Materi\u0101ls neuzs\u016bc net\u012brumus un \u0101tri \u017e\u016bst.<br \/>\n* Iztur\u012bba un nodilumiztur\u012bba: Izgatavoti no augstas kvalit\u0101tes polim\u0113ru materi\u0101la EVA (etil\u0113nvinilacet\u0101ta), m\u016bsu pakl\u0101ji\u0146i ir iztur\u012bgi pret nodilumu, deform\u0101ciju, \u0137\u012bmisk\u0101m viel\u0101m, e\u013c\u013c\u0101m un benz\u012bnu. Ide\u0101li piem\u0113roti Latvijas klimatam.<br \/>\n* Vieglums un elast\u012bba: EVA materi\u0101ls ir daudz viegl\u0101ks nek\u0101 gumija, kas atvieglo to uzst\u0101d\u012b\u0161anu un no\u0146em\u0161anu. Vienlaikus tie saglab\u0101jas pietiekami elast\u012bgi, lai perfekti sekotu j\u016bsu automa\u0161\u012bnas gr\u012bdas kont\u016br\u0101m.<br \/>\n* Trok\u0161\u0146a un siltuma izol\u0101cija: Pateicoties porainajai strukt\u016brai, EVA pakl\u0101ji\u0146iem piem\u012bt papildu trok\u0161\u0146a un siltuma izol\u0101cijas \u012bpa\u0161\u012bbas, padarot braucienus \u0113rt\u0101kus.<br \/>\n* Videi draudz\u012bgs un dro\u0161s: EVA materi\u0101ls ir hipoaler\u0123isks, bez smar\u017eas un absol\u016bti dro\u0161s vesel\u012bbai, kas ir \u012bpa\u0161i svar\u012bgi, ja automa\u0161\u012bn\u0101 brauc b\u0113rni vai m\u0101jdz\u012bvnieki.<\/p>\n<p>&nbsp;<\/p>\n<p>Tehnisk\u0101s \u012bpa\u0161\u012bbas<\/p>\n<p>materi\u0101la ciet\u012bba 50\u00b15 Shore (50 vien\u012bbas p\u0113c Asker C\/JIS S 6050 skalas);<\/p>\n<p>materi\u0101la bl\u012bvums 120 kg\/m3;<\/p>\n<p>lapas svars 3,9 kg;<\/p>\n<p>lapas garums 2250\u00b150 mm;<\/p>\n<p>lapas platums 1400\u00b125 mm;<\/p>\n<p>lapas biezums 9,5-11,5 mm;<\/p>\n<p>darba temperat\u016bras diapazons no -30 l\u012bdz +40 \u00b0C.<\/p>\n","protected":false},"excerpt":{"rendered":"<p>* Unik\u0101la \u0161\u016bnu strukt\u016bra: EVA pakl\u0101ju galven\u0101 priek\u0161roc\u012bba ir to inovat\u012bv\u0101 virsma ar rombveida vai \u0161\u016bnveida \u0161\u016bn\u0101m. \u0160\u012b strukt\u016bra efekt\u012bvi sav\u0101c un aiztur l\u012bdz 1 litram \u016bdens, net\u012brumu, smil\u0161u, sniega un nelielu gru\u017eu uz kvadr\u0101tmetru, ne\u013caujot tiem izplat\u012bties vis\u0101 salon\u0101. J\u016bsu apavi un bikses paliek t\u012bras, un automa\u0161\u012bnas gr\u012bda sausa. * Viegli t\u012br\u0101ms: T\u012br\u012b\u0161ana ar [&hellip;]<\/p>\n","protected":false},"featured_media":25679,"comment_status":"open","ping_status":"closed","template":"","meta":[],"product_brand":[],"product_cat":[652,882],"product_tag":[],"class_list":{"0":"post-25678","1":"product","2":"type-product","3":"status-publish","4":"has-post-thumbnail","6":"product_cat-klaja-aprikojums","7":"product_cat-laivu-gridas-segumi","9":"first","10":"instock","11":"taxable","12":"shipping-taxable","13":"purchasable","14":"product-type-simple"},"jetpack_sharing_enabled":true,"_links":{"self":[{"href":"https:\/\/shop.bushboats.com\/index.php\/wp-json\/wp\/v2\/product\/25678","targetHints":{"allow":["GET"]}}],"collection":[{"href":"https:\/\/shop.bushboats.com\/index.php\/wp-json\/wp\/v2\/product"}],"about":[{"href":"https:\/\/shop.bushboats.com\/index.php\/wp-json\/wp\/v2\/types\/product"}],"replies":[{"embeddable":true,"href":"https:\/\/shop.bushboats.com\/index.php\/wp-json\/wp\/v2\/comments?post=25678"}],"wp:featuredmedia":[{"embeddable":true,"href":"https:\/\/shop.bushboats.com\/index.php\/wp-json\/wp\/v2\/media\/25679"}],"wp:attachment":[{"href":"https:\/\/shop.bushboats.com\/index.php\/wp-json\/wp\/v2\/media?parent=25678"}],"wp:term":[{"taxonomy":"product_brand","embeddable":true,"href":"https:\/\/shop.bushboats.com\/index.php\/wp-json\/wp\/v2\/product_brand?post=25678"},{"taxonomy":"product_cat","embeddable":true,"href":"https:\/\/shop.bushboats.com\/index.php\/wp-json\/wp\/v2\/product_cat?post=25678"},{"taxonomy":"product_tag","embeddable":true,"href":"https:\/\/shop.bushboats.com\/index.php\/wp-json\/wp\/v2\/product_tag?post=25678"}],"curies":[{"name":"wp","href":"https:\/\/api.w.org\/{rel}","templated":true}]}}