{"id":25750,"date":"2026-01-19T19:52:32","date_gmt":"2026-01-19T17:52:32","guid":{"rendered":"https:\/\/shop.bushboats.com\/?post_type=product&#038;p=25750"},"modified":"2026-01-19T19:52:33","modified_gmt":"2026-01-19T17:52:33","slug":"elite-elektriskais-piekarinamais-motors-15-zs-isa-kaja-soma-ieklauta","status":"publish","type":"product","link":"https:\/\/shop.bushboats.com\/index.php\/produkts\/elite-elektriskais-piekarinamais-motors-15-zs-isa-kaja-soma-ieklauta\/","title":{"rendered":"eLite elektriskais piekarin\u0101mais motors 1,5 ZS, \u012bsa k\u0101ja, soma iek\u013cauta"},"content":{"rendered":"<div class=\"n4sEPd\">\n<div class=\"QFw9Te BLojaf\"><\/div>\n<div class=\"FFpbKc\">\n<div class=\"xMmqsf\"><\/div>\n<\/div>\n<\/div>\n<div class=\"QcsUad BDJ8fb BLojaf sMVRZe hCXDsb wneUed\">\n<div class=\"usGWQd\">\n<div class=\"KkbLmb\">\n<div class=\"lRu31\" dir=\"ltr\"><span class=\"HwtZe\" lang=\"lv\"><span class=\"jCAhz ChMk0b\"><span class=\"ryNqvb\">ePropulsion eLite ir 500 W elektriskais piekarin\u0101mais motors, kas pied\u0101v\u0101 vieglu un efekt\u012bvu alternat\u012bvu maziem benz\u012bna dzin\u0113jiem.<\/span><\/span> <span class=\"jCAhz ChMk0b\"><span class=\"ryNqvb\">Ar svaru tikai 6,7 kg (bez stiprin\u0101juma kron\u0161teina), tas ir maz\u0101kais un kompakt\u0101kais motors ePropulsion kl\u0101st\u0101, padarot to ide\u0101li piem\u0113rotu maz\u0101m laiv\u0101m, kajakiem un piep\u016b\u0161amaj\u0101m laiv\u0101m.<\/span><\/span> <span class=\"jCAhz ChMk0b\"><span class=\"ryNqvb\">Galven\u0101s iez\u012bmes: Integr\u0113ts 378 Wh litija akumulators: Nodro\u0161ina l\u012bdz pat 9 km darb\u012bbas r\u0101diusu atkar\u012bb\u0101 no lieto\u0161anas apst\u0101k\u013ciem;<\/span><\/span> <span class=\"jCAhz ChMk0b\"><span class=\"ryNqvb\">Kompakts dizains: Ar izm\u0113riem 297 x 75 x 890 mm motoru ir viegli transport\u0113t un uzglab\u0101t;<\/span><\/span> <span class=\"jCAhz ChMk0b\"><span class=\"ryNqvb\">Klusa darb\u012bba: Nodro\u0161ina mier\u012bgu laivo\u0161anas pieredzi bez tradicion\u0101lo motoru trok\u0161\u0146a;<\/span><\/span> <span class=\"jCAhz ChMk0b\"><span class=\"ryNqvb\">Vienk\u0101r\u0161a uzst\u0101d\u012b\u0161ana: Viena klik\u0161\u0137a uzst\u0101d\u012b\u0161anas un no\u0146em\u0161anas sist\u0113ma \u0113rtai lieto\u0161anai;<\/span><\/span> <span class=\"jCAhz ChMk0b\"><span class=\"ryNqvb\">Viedais displejs: Integr\u0113ts displejs \u013cauj re\u0101llaik\u0101 uzraudz\u012bt ener\u0123ijas pat\u0113ri\u0146u un akumulatora st\u0101vokli;<\/span><\/span> <span class=\"jCAhz ChMk0b\"><span class=\"ryNqvb\">Veiktsp\u0113ja: Puse jaudas (250 W): \u0100trums l\u012bdz 3,7 j\u016bdz\u0113m stund\u0101 (6,0 km\/h), darb\u012bbas laiks aptuveni 1 stunda un 30 min\u016btes, un darb\u012bbas r\u0101diuss aptuveni 5,6 j\u016bdzes (9,0 km);<\/span><\/span> <span class=\"jCAhz ChMk0b\"><span class=\"ryNqvb\">Pilna jauda (500 W): \u0101trums l\u012bdz 7,5 km\/h, darb\u012bbas laiks aptuveni 45 min\u016btes un nobraucamais att\u0101lums aptuveni 5,6 km;<\/span><\/span> <span class=\"jCAhz ChMk0b\"><span class=\"ryNqvb\">sporta re\u017e\u012bms (750 W): \u013cauj \u012bslaic\u012bgi sasniegt \u0101trumu l\u012bdz 8,3 km\/h atkar\u012bb\u0101 no akumulatora uzl\u0101des un temperat\u016bras;<\/span><\/span> <span class=\"jCAhz ChMk0b\"><span class=\"ryNqvb\">eLite moderniz\u0113tais dizains un lietot\u0101jam draudz\u012bg\u0101s funkcijas padara to par daudzpus\u012bgu izv\u0113li laivot\u0101jiem, kas mekl\u0113 videi draudz\u012bgu mobilit\u0101tes risin\u0101jumu.<\/span><\/span> <span class=\"jCAhz ChMk0b\"><span class=\"ryNqvb\">T\u0101 p\u0101rnesam\u012bba un veiktsp\u0113ja padara to labi piem\u0113rotu da\u017e\u0101diem maziem ku\u0123iem.<\/span><\/span><\/span><\/div>\n<\/div>\n<\/div>\n<\/div>\n","protected":false},"excerpt":{"rendered":"<p>ePropulsion eLite ir 500 W elektriskais piekarin\u0101mais motors, kas pied\u0101v\u0101 vieglu un efekt\u012bvu alternat\u012bvu maziem benz\u012bna dzin\u0113jiem. Ar svaru tikai 6,7 kg (bez stiprin\u0101juma kron\u0161teina), tas ir maz\u0101kais un kompakt\u0101kais motors ePropulsion kl\u0101st\u0101, padarot to ide\u0101li piem\u0113rotu maz\u0101m laiv\u0101m, kajakiem un piep\u016b\u0161amaj\u0101m laiv\u0101m. Galven\u0101s iez\u012bmes: Integr\u0113ts 378 Wh litija akumulators: Nodro\u0161ina l\u012bdz pat 9 km [&hellip;]<\/p>\n","protected":false},"featured_media":25751,"comment_status":"open","ping_status":"closed","template":"","meta":[],"product_brand":[],"product_cat":[885,707,888],"product_tag":[],"class_list":{"0":"post-25750","1":"product","2":"type-product","3":"status-publish","4":"has-post-thumbnail","6":"product_cat-e-propulsion","7":"product_cat-elektromotori","8":"product_cat-elite","10":"first","11":"instock","12":"taxable","13":"shipping-taxable","14":"purchasable","15":"product-type-simple"},"jetpack_sharing_enabled":true,"_links":{"self":[{"href":"https:\/\/shop.bushboats.com\/index.php\/wp-json\/wp\/v2\/product\/25750","targetHints":{"allow":["GET"]}}],"collection":[{"href":"https:\/\/shop.bushboats.com\/index.php\/wp-json\/wp\/v2\/product"}],"about":[{"href":"https:\/\/shop.bushboats.com\/index.php\/wp-json\/wp\/v2\/types\/product"}],"replies":[{"embeddable":true,"href":"https:\/\/shop.bushboats.com\/index.php\/wp-json\/wp\/v2\/comments?post=25750"}],"wp:featuredmedia":[{"embeddable":true,"href":"https:\/\/shop.bushboats.com\/index.php\/wp-json\/wp\/v2\/media\/25751"}],"wp:attachment":[{"href":"https:\/\/shop.bushboats.com\/index.php\/wp-json\/wp\/v2\/media?parent=25750"}],"wp:term":[{"taxonomy":"product_brand","embeddable":true,"href":"https:\/\/shop.bushboats.com\/index.php\/wp-json\/wp\/v2\/product_brand?post=25750"},{"taxonomy":"product_cat","embeddable":true,"href":"https:\/\/shop.bushboats.com\/index.php\/wp-json\/wp\/v2\/product_cat?post=25750"},{"taxonomy":"product_tag","embeddable":true,"href":"https:\/\/shop.bushboats.com\/index.php\/wp-json\/wp\/v2\/product_tag?post=25750"}],"curies":[{"name":"wp","href":"https:\/\/api.w.org\/{rel}","templated":true}]}}