{"id":25784,"date":"2026-01-19T20:10:54","date_gmt":"2026-01-19T18:10:54","guid":{"rendered":"https:\/\/shop.bushboats.com\/?post_type=product&#038;p=25784"},"modified":"2026-01-19T20:10:54","modified_gmt":"2026-01-19T18:10:54","slug":"spirit-1-0-plus-elektriskais-piekaramais-motors-3-zs-isa-kaja","status":"publish","type":"product","link":"https:\/\/shop.bushboats.com\/index.php\/produkts\/spirit-1-0-plus-elektriskais-piekaramais-motors-3-zs-isa-kaja\/","title":{"rendered":"SPIRIT 1.0 PLUS elektriskais piekaramais motors 3 ZS, \u012bsa k\u0101ja"},"content":{"rendered":"<p>Spirit 1.0 Plus ir 1 kW (aptuveni 3 ZS ekvivalents) elektriskais piekaramais motors, kas ir ide\u0101li piem\u0113rots piep\u016b\u0161amaj\u0101m laiv\u0101m, mak\u0161\u0137er\u0113\u0161anas laiv\u0101m, buru laiv\u0101m un tenderiem. Tam ir viegls un integr\u0113ts 1276 Wh litija akumulators liel\u0101kam nobraukumam. Motora svars ir tikai 11,3 kg (bez akumulatora), t\u0101p\u0113c to ir viegli transport\u0113t un uzst\u0101d\u012bt. Motors darbojas klusi un neprasa apkopi, nodro\u0161inot t\u012bru un efekt\u012bvu laivo\u0161anas pieredzi. T\u0101 ir versija ar garu v\u0101rpstu, kas vislab\u0101k piem\u0113rota tran\u010da augstumam virs 50 cm \/ 19,7 coll\u0101m. Galven\u0101s iez\u012bmes: Digit\u0101l\u0101 vad\u012bba: Jaudas, atliku\u0161\u0101 darb\u012bbas laika, akumulatora uzl\u0101des l\u012bme\u0146a un darba sprieguma displejs re\u0101llaik\u0101; Elektrisk\u0101 iedarbin\u0101\u0161ana: Iedarbin\u0101\u0161ana ar vienu pogu, nav nepiecie\u0161ama manu\u0101la iedarbin\u0101\u0161ana; Magn\u0113tiskais dro\u0161\u012bbas sl\u0113dzis: Nodro\u0161ina dro\u0161\u012bbu, aptur\u0113jot motoru \u0101rk\u0101rtas situ\u0101cij\u0101; Bezpak\u0101pju droseles vad\u012bba: Vienm\u0113r\u012bga un prec\u012bza vad\u012bba gan uz priek\u0161u, gan atpaka\u013cgait\u0101; Darb\u012bba ar div\u0101m rok\u0101m: Droseles sviru var izmantot gan ar kreiso, gan labo roku; Gan Plus, gan Evo mode\u013ci ir sader\u012bgi ar ePropulsion E s\u0113rijas akumulatoriem, nodro\u0161inot ilg\u0101ku darb\u012bbas laiku un liel\u0101ku elast\u012bbu. Ir pieejami ar\u012b papildu saules ener\u0123ijas uzl\u0101des risin\u0101jumi, kas \u013cauj uzl\u0101d\u0113t akumulatoru brauciena laik\u0101 un padara laivo\u0161anu v\u0113l videi draudz\u012bg\u0101ku.<\/p>\n","protected":false},"excerpt":{"rendered":"<p>Spirit 1.0 Plus ir 1 kW (aptuveni 3 ZS ekvivalents) elektriskais piekaramais motors, kas ir ide\u0101li piem\u0113rots piep\u016b\u0161amaj\u0101m laiv\u0101m, mak\u0161\u0137er\u0113\u0161anas laiv\u0101m, buru laiv\u0101m un tenderiem. Tam ir viegls un integr\u0113ts 1276 Wh litija akumulators liel\u0101kam nobraukumam. Motora svars ir tikai 11,3 kg (bez akumulatora), t\u0101p\u0113c to ir viegli transport\u0113t un uzst\u0101d\u012bt. Motors darbojas klusi un [&hellip;]<\/p>\n","protected":false},"featured_media":25785,"comment_status":"open","ping_status":"closed","template":"","meta":[],"product_brand":[],"product_cat":[885,707,891],"product_tag":[],"class_list":{"0":"post-25784","1":"product","2":"type-product","3":"status-publish","4":"has-post-thumbnail","6":"product_cat-e-propulsion","7":"product_cat-elektromotori","8":"product_cat-spirit-1-0","10":"first","11":"instock","12":"taxable","13":"shipping-taxable","14":"purchasable","15":"product-type-simple"},"jetpack_sharing_enabled":true,"_links":{"self":[{"href":"https:\/\/shop.bushboats.com\/index.php\/wp-json\/wp\/v2\/product\/25784","targetHints":{"allow":["GET"]}}],"collection":[{"href":"https:\/\/shop.bushboats.com\/index.php\/wp-json\/wp\/v2\/product"}],"about":[{"href":"https:\/\/shop.bushboats.com\/index.php\/wp-json\/wp\/v2\/types\/product"}],"replies":[{"embeddable":true,"href":"https:\/\/shop.bushboats.com\/index.php\/wp-json\/wp\/v2\/comments?post=25784"}],"wp:featuredmedia":[{"embeddable":true,"href":"https:\/\/shop.bushboats.com\/index.php\/wp-json\/wp\/v2\/media\/25785"}],"wp:attachment":[{"href":"https:\/\/shop.bushboats.com\/index.php\/wp-json\/wp\/v2\/media?parent=25784"}],"wp:term":[{"taxonomy":"product_brand","embeddable":true,"href":"https:\/\/shop.bushboats.com\/index.php\/wp-json\/wp\/v2\/product_brand?post=25784"},{"taxonomy":"product_cat","embeddable":true,"href":"https:\/\/shop.bushboats.com\/index.php\/wp-json\/wp\/v2\/product_cat?post=25784"},{"taxonomy":"product_tag","embeddable":true,"href":"https:\/\/shop.bushboats.com\/index.php\/wp-json\/wp\/v2\/product_tag?post=25784"}],"curies":[{"name":"wp","href":"https:\/\/api.w.org\/{rel}","templated":true}]}}