{"id":25790,"date":"2026-01-19T20:21:27","date_gmt":"2026-01-19T18:21:27","guid":{"rendered":"https:\/\/shop.bushboats.com\/?post_type=product&#038;p=25790"},"modified":"2026-01-19T20:21:27","modified_gmt":"2026-01-19T18:21:27","slug":"spirit-1-0-evo-elektriskais-piekaramais-motors-3-zs-isa-kaja","status":"publish","type":"product","link":"https:\/\/shop.bushboats.com\/index.php\/produkts\/spirit-1-0-evo-elektriskais-piekaramais-motors-3-zs-isa-kaja\/","title":{"rendered":"SPIRIT 1.0 EVO elektriskais piekaramais motors 3 ZS, \u012bsa k\u0101ja"},"content":{"rendered":"<p>Spirit 1.0 Evo ir 1 kW (aptuveni 3 ZS ekvivalents) elektriskais piekaramais motors, kas paredz\u0113ts maziem \u016bdens transportl\u012bdzek\u013ciem, piem\u0113ram, piep\u016b\u0161amaj\u0101m laiv\u0101m, tenderiem un buru laiv\u0101m. Integr\u0113tais 1276 Wh litija akumulators nodro\u0161ina iespaid\u012bgu darb\u012bbas r\u0101diusu un uzticam\u012bbu j\u016bsu \u016bdens piedz\u012bvojumos. Evo izce\u013cas ar savu hidrogen\u0113\u0161anas iesp\u0113ju, kas \u013cauj akumulatoru uzl\u0101d\u0113t bur\u0101\u0161anas laik\u0101 piem\u0113rotos apst\u0101k\u013cos. \u0160\u012b inovat\u012bv\u0101 funkcija padara motoru \u012bpa\u0161i pievilc\u012bgu videi apzin\u012bgiem bur\u0101t\u0101jiem. Turkl\u0101t Spirit 1.0 Evo atbalsta t\u0101lvad\u012bbu, pied\u0101v\u0101jot elast\u012bbu da\u017e\u0101diem st\u016br\u0113\u0161anas risin\u0101jumiem un uzlabojot laivo\u0161anas pieredzi. Viegls, kluss un bez apkopes, Spirit 1.0 Evo ir ide\u0101ls risin\u0101jums ilgtsp\u0113j\u012bgai, efekt\u012bvai un \u0113rtai elektriskajai piedzi\u0146ai. T\u0101 ir \u012bsas v\u0101rpstas versija, kas vislab\u0101k piem\u0113rota 40\u201350 cm \/ 15,7\u201319,7 collu traversa augstumam. Galven\u0101s funkcijas: Digit\u0101l\u0101 vad\u012bba: Jaudas, atliku\u0161\u0101 darb\u012bbas laika, akumulatora uzl\u0101des l\u012bme\u0146a un darba sprieguma r\u0101d\u012b\u0161ana re\u0101llaik\u0101; Elektrisk\u0101 iedarbin\u0101\u0161ana: Iedarbin\u0101\u0161ana ar vienu piesk\u0101rienu, nav nepiecie\u0161ama manu\u0101la atsitiena; Magn\u0113tiskais dro\u0161\u012bbas sl\u0113dzis: Nodro\u0161ina dro\u0161\u012bbu, aptur\u0113jot dzin\u0113ju \u0101rk\u0101rtas situ\u0101cij\u0101; Bezpak\u0101pju droseles vad\u012bba: vienm\u0113r\u012bga un prec\u012bza vad\u012bba gan uz priek\u0161u, gan atpaka\u013cgait\u0101; darb\u012bba abpus\u0113ji: droseli var lietot gan ar kreiso, gan labo roku; gan Plus, gan Evo mode\u013ci ir sader\u012bgi ar ePropulsion E s\u0113rijas akumulatoriem, nodro\u0161inot ilg\u0101ku darb\u012bbas laiku un liel\u0101ku elast\u012bbu. Ir pieejami ar\u012b papildu saules ener\u0123ijas uzl\u0101des piederumi, lai uzl\u0101d\u0113tu akumulatoru ce\u013c\u0101 un palielin\u0101tu laivo\u0161anas braucienu iztur\u012bbu.<\/p>\n","protected":false},"excerpt":{"rendered":"<p>Spirit 1.0 Evo ir 1 kW (aptuveni 3 ZS ekvivalents) elektriskais piekaramais motors, kas paredz\u0113ts maziem \u016bdens transportl\u012bdzek\u013ciem, piem\u0113ram, piep\u016b\u0161amaj\u0101m laiv\u0101m, tenderiem un buru laiv\u0101m. Integr\u0113tais 1276 Wh litija akumulators nodro\u0161ina iespaid\u012bgu darb\u012bbas r\u0101diusu un uzticam\u012bbu j\u016bsu \u016bdens piedz\u012bvojumos. Evo izce\u013cas ar savu hidrogen\u0113\u0161anas iesp\u0113ju, kas \u013cauj akumulatoru uzl\u0101d\u0113t bur\u0101\u0161anas laik\u0101 piem\u0113rotos apst\u0101k\u013cos. \u0160\u012b inovat\u012bv\u0101 [&hellip;]<\/p>\n","protected":false},"featured_media":25791,"comment_status":"open","ping_status":"closed","template":"","meta":[],"product_brand":[],"product_cat":[885,707,891],"product_tag":[],"class_list":{"0":"post-25790","1":"product","2":"type-product","3":"status-publish","4":"has-post-thumbnail","6":"product_cat-e-propulsion","7":"product_cat-elektromotori","8":"product_cat-spirit-1-0","10":"first","11":"instock","12":"taxable","13":"shipping-taxable","14":"purchasable","15":"product-type-simple"},"jetpack_sharing_enabled":true,"_links":{"self":[{"href":"https:\/\/shop.bushboats.com\/index.php\/wp-json\/wp\/v2\/product\/25790","targetHints":{"allow":["GET"]}}],"collection":[{"href":"https:\/\/shop.bushboats.com\/index.php\/wp-json\/wp\/v2\/product"}],"about":[{"href":"https:\/\/shop.bushboats.com\/index.php\/wp-json\/wp\/v2\/types\/product"}],"replies":[{"embeddable":true,"href":"https:\/\/shop.bushboats.com\/index.php\/wp-json\/wp\/v2\/comments?post=25790"}],"wp:featuredmedia":[{"embeddable":true,"href":"https:\/\/shop.bushboats.com\/index.php\/wp-json\/wp\/v2\/media\/25791"}],"wp:attachment":[{"href":"https:\/\/shop.bushboats.com\/index.php\/wp-json\/wp\/v2\/media?parent=25790"}],"wp:term":[{"taxonomy":"product_brand","embeddable":true,"href":"https:\/\/shop.bushboats.com\/index.php\/wp-json\/wp\/v2\/product_brand?post=25790"},{"taxonomy":"product_cat","embeddable":true,"href":"https:\/\/shop.bushboats.com\/index.php\/wp-json\/wp\/v2\/product_cat?post=25790"},{"taxonomy":"product_tag","embeddable":true,"href":"https:\/\/shop.bushboats.com\/index.php\/wp-json\/wp\/v2\/product_tag?post=25790"}],"curies":[{"name":"wp","href":"https:\/\/api.w.org\/{rel}","templated":true}]}}