{"id":25797,"date":"2026-01-19T20:28:34","date_gmt":"2026-01-19T18:28:34","guid":{"rendered":"https:\/\/shop.bushboats.com\/?post_type=product&#038;p=25797"},"modified":"2026-01-19T20:28:35","modified_gmt":"2026-01-19T18:28:35","slug":"spirit-plus-lifepo4-akumulators-1276-wh-48-v-28-ah","status":"publish","type":"product","link":"https:\/\/shop.bushboats.com\/index.php\/produkts\/spirit-plus-lifepo4-akumulators-1276-wh-48-v-28-ah\/","title":{"rendered":"SPIRIT Plus LiFePO4 akumulators 1276 Wh\/ 48 V\/ 28 Ah"},"content":{"rendered":"<p>1276 Wh \/ 48 V litija akumulators Spirit 1.0 Plus, Spirit 1.0 Evo un Spirit 1.0R Evo mode\u013ciem. Viegls, dro\u0161s un peldo\u0161s.<\/p>\n","protected":false},"excerpt":{"rendered":"<p>1276 Wh \/ 48 V litija akumulators Spirit 1.0 Plus, Spirit 1.0 Evo un Spirit 1.0R Evo mode\u013ciem. Viegls, dro\u0161s un peldo\u0161s.<\/p>\n","protected":false},"featured_media":25798,"comment_status":"open","ping_status":"closed","template":"","meta":[],"product_brand":[],"product_cat":[885,707,891],"product_tag":[],"class_list":{"0":"post-25797","1":"product","2":"type-product","3":"status-publish","4":"has-post-thumbnail","6":"product_cat-e-propulsion","7":"product_cat-elektromotori","8":"product_cat-spirit-1-0","10":"first","11":"instock","12":"taxable","13":"shipping-taxable","14":"purchasable","15":"product-type-simple"},"jetpack_sharing_enabled":true,"_links":{"self":[{"href":"https:\/\/shop.bushboats.com\/index.php\/wp-json\/wp\/v2\/product\/25797","targetHints":{"allow":["GET"]}}],"collection":[{"href":"https:\/\/shop.bushboats.com\/index.php\/wp-json\/wp\/v2\/product"}],"about":[{"href":"https:\/\/shop.bushboats.com\/index.php\/wp-json\/wp\/v2\/types\/product"}],"replies":[{"embeddable":true,"href":"https:\/\/shop.bushboats.com\/index.php\/wp-json\/wp\/v2\/comments?post=25797"}],"wp:featuredmedia":[{"embeddable":true,"href":"https:\/\/shop.bushboats.com\/index.php\/wp-json\/wp\/v2\/media\/25798"}],"wp:attachment":[{"href":"https:\/\/shop.bushboats.com\/index.php\/wp-json\/wp\/v2\/media?parent=25797"}],"wp:term":[{"taxonomy":"product_brand","embeddable":true,"href":"https:\/\/shop.bushboats.com\/index.php\/wp-json\/wp\/v2\/product_brand?post=25797"},{"taxonomy":"product_cat","embeddable":true,"href":"https:\/\/shop.bushboats.com\/index.php\/wp-json\/wp\/v2\/product_cat?post=25797"},{"taxonomy":"product_tag","embeddable":true,"href":"https:\/\/shop.bushboats.com\/index.php\/wp-json\/wp\/v2\/product_tag?post=25797"}],"curies":[{"name":"wp","href":"https:\/\/api.w.org\/{rel}","templated":true}]}}