{"id":25821,"date":"2026-01-19T20:42:49","date_gmt":"2026-01-19T18:42:49","guid":{"rendered":"https:\/\/shop.bushboats.com\/?post_type=product&#038;p=25821"},"modified":"2026-01-19T20:42:50","modified_gmt":"2026-01-19T18:42:50","slug":"navy-6-0-evo-elektriskais-piekaramais-motors-99-zs-isa-kaja","status":"publish","type":"product","link":"https:\/\/shop.bushboats.com\/index.php\/produkts\/navy-6-0-evo-elektriskais-piekaramais-motors-99-zs-isa-kaja\/","title":{"rendered":"NAVY 6.0 Evo elektriskais piekaramais motors 9,9 ZS, \u012bsa k\u0101ja"},"content":{"rendered":"<p>Navy 6.0 Evo nodro\u0161ina 6 kW jaudu (aptuveni 9,9 ZS), padarot to piem\u0113rotu liel\u0101k\u0101m laiv\u0101m, piem\u0113ram, motorlaiv\u0101m, RIB laiv\u0101m, upju laiv\u0101m un burulaiv\u0101m l\u012bdz 5 tonn\u0101m. T\u0101 tie\u0161\u0101s piedzi\u0146as konstrukcija nodro\u0161ina klusu darb\u012bbu un neprasa apkopi. Apr\u012bkots ar hidrogen\u0113\u0161anas tehnolo\u0123iju, tas \u013cauj uzl\u0101d\u0113t akumulatoru bur\u0101\u0161anas laik\u0101 piem\u0113rotos apst\u0101k\u013cos, atbalstot gar\u0101kus braucienus. Navy 6.0 Evo ir sader\u012bgs ar ePropulsion E s\u0113rijas akumulatoriem, nodro\u0161inot uzticamu un efekt\u012bvu elektroener\u0123ijas p\u0101rvadi j\u016bsu j\u016bras piedz\u012bvojumos. Atjaunin\u0101ta versija \u2013 iepriek\u0161\u0113jais produkts bija NE-6000-S0. \u0160\u012b ir jauna versija ar ieb\u016bv\u0113tu galveno sl\u0113dzi un avi\u0101cijas stila savienojumiem zilo Anderson savienot\u0101ju viet\u0101. Ir ar\u012b jauns transoma stiprin\u0101jums ar atjaunin\u0101tiem sl\u012bpuma le\u0146\u0137iem: Stiprin\u0101juma poz\u012bcija: 5\u00b0, 10\u00b0, 15\u00b0, 20; Sekla \u016bdens re\u017e\u012bms: 35\u00b0, 50\u00b0, 65\u00b0; Noliekums uz aug\u0161u: 80\u00b0.<\/p>\n","protected":false},"excerpt":{"rendered":"<p>Navy 6.0 Evo nodro\u0161ina 6 kW jaudu (aptuveni 9,9 ZS), padarot to piem\u0113rotu liel\u0101k\u0101m laiv\u0101m, piem\u0113ram, motorlaiv\u0101m, RIB laiv\u0101m, upju laiv\u0101m un burulaiv\u0101m l\u012bdz 5 tonn\u0101m. T\u0101 tie\u0161\u0101s piedzi\u0146as konstrukcija nodro\u0161ina klusu darb\u012bbu un neprasa apkopi. Apr\u012bkots ar hidrogen\u0113\u0161anas tehnolo\u0123iju, tas \u013cauj uzl\u0101d\u0113t akumulatoru bur\u0101\u0161anas laik\u0101 piem\u0113rotos apst\u0101k\u013cos, atbalstot gar\u0101kus braucienus. Navy 6.0 Evo ir [&hellip;]<\/p>\n","protected":false},"featured_media":25822,"comment_status":"open","ping_status":"closed","template":"","meta":[],"product_brand":[],"product_cat":[885,707,897],"product_tag":[],"class_list":{"0":"post-25821","1":"product","2":"type-product","3":"status-publish","4":"has-post-thumbnail","6":"product_cat-e-propulsion","7":"product_cat-elektromotori","8":"product_cat-navy-6-0","10":"first","11":"instock","12":"taxable","13":"shipping-taxable","14":"purchasable","15":"product-type-simple"},"jetpack_sharing_enabled":true,"_links":{"self":[{"href":"https:\/\/shop.bushboats.com\/index.php\/wp-json\/wp\/v2\/product\/25821","targetHints":{"allow":["GET"]}}],"collection":[{"href":"https:\/\/shop.bushboats.com\/index.php\/wp-json\/wp\/v2\/product"}],"about":[{"href":"https:\/\/shop.bushboats.com\/index.php\/wp-json\/wp\/v2\/types\/product"}],"replies":[{"embeddable":true,"href":"https:\/\/shop.bushboats.com\/index.php\/wp-json\/wp\/v2\/comments?post=25821"}],"wp:featuredmedia":[{"embeddable":true,"href":"https:\/\/shop.bushboats.com\/index.php\/wp-json\/wp\/v2\/media\/25822"}],"wp:attachment":[{"href":"https:\/\/shop.bushboats.com\/index.php\/wp-json\/wp\/v2\/media?parent=25821"}],"wp:term":[{"taxonomy":"product_brand","embeddable":true,"href":"https:\/\/shop.bushboats.com\/index.php\/wp-json\/wp\/v2\/product_brand?post=25821"},{"taxonomy":"product_cat","embeddable":true,"href":"https:\/\/shop.bushboats.com\/index.php\/wp-json\/wp\/v2\/product_cat?post=25821"},{"taxonomy":"product_tag","embeddable":true,"href":"https:\/\/shop.bushboats.com\/index.php\/wp-json\/wp\/v2\/product_tag?post=25821"}],"curies":[{"name":"wp","href":"https:\/\/api.w.org\/{rel}","templated":true}]}}