{"id":25837,"date":"2026-01-19T21:21:40","date_gmt":"2026-01-19T19:21:40","guid":{"rendered":"https:\/\/shop.bushboats.com\/?post_type=product&#038;p=25837"},"modified":"2026-02-16T08:02:05","modified_gmt":"2026-02-16T06:02:05","slug":"zabaki-ziemas-torvi-t-45c-black","status":"publish","type":"product","link":"https:\/\/shop.bushboats.com\/index.php\/produkts\/zabaki-ziemas-torvi-t-45c-black\/","title":{"rendered":"Z\u0101baki ziemas Torvi T-45\u00b0C Black"},"content":{"rendered":"<div class=\"row\">\n<div class=\"col-xs-12\">\n<div class=\"item-desc\">\n<ul>\n<li>Ziemas z\u0101baki no EVA materi\u0101la ar daudzsl\u0101\u0146u main\u0101mu ieliktni, \u012bpa\u0161i apavi, kas rad\u012bti ziemas atp\u016btas veidu cien\u012bt\u0101jiem, ziemas med\u012bbu un mak\u0161\u0137er\u0113\u0161anas entuziastiem un tiem, kas dz\u012bvo vai str\u0101d\u0101 pazemin\u0101tas temperat\u016bras zon\u0101s. Tie ir \u013coti viegli un apr\u012bkoti ar savelkamu auklu, lai nodro\u0161in\u0101tu patie\u0161\u0101m \u0113rtu n\u0113s\u0101\u0161anu. Stiprin\u0101t\u0101 zole no TPE materi\u0101la nodro\u0161ina labu pretsl\u012bdi uz ledus un snieg\u0101.Vasaras apst\u0101k\u013cos \u0161os z\u0101bakus var n\u0113s\u0101t bez ielikt\u0146a. P\u0113c lieto\u0161anas z\u0101baks un ieliktnis j\u0101\u017e\u0101v\u0113 atsevi\u0161\u0137i.<\/li>\n<\/ul>\n<p>&nbsp;<\/p>\n<ul>\n<li>Komforta temperat\u016bra &#8211; 45\u00b0C<\/li>\n<li>Kr\u0101sa &#8211; Melna<\/li>\n<li>Materi\u0101ls &#8211; EVA<\/li>\n<li>Zole &#8211; TPE<\/li>\n<li>Ieliktnis &#8211; daudzsl\u0101\u0146u odere<\/li>\n<li>Aptuvenais augstums &#8211; 41cm<\/li>\n<li>Anatomiskas formas iek\u0161\u0113j\u0101 filca zol\u012bte<\/li>\n<\/ul>\n<\/div>\n<\/div>\n<\/div>\n<div id=\"choose\" class=\"row\">\n<div class=\"col-xs-12\"><\/div>\n<\/div>\n","protected":false},"excerpt":{"rendered":"<p>Ziemas z\u0101baki no EVA materi\u0101la ar daudzsl\u0101\u0146u main\u0101mu ieliktni, \u012bpa\u0161i apavi, kas rad\u012bti ziemas atp\u016btas veidu cien\u012bt\u0101jiem, ziemas med\u012bbu un mak\u0161\u0137er\u0113\u0161anas entuziastiem un tiem, kas dz\u012bvo vai str\u0101d\u0101 pazemin\u0101tas temperat\u016bras zon\u0101s. Tie ir \u013coti viegli un apr\u012bkoti ar savelkamu auklu, lai nodro\u0161in\u0101tu patie\u0161\u0101m \u0113rtu n\u0113s\u0101\u0161anu. Stiprin\u0101t\u0101 zole no TPE materi\u0101la nodro\u0161ina labu pretsl\u012bdi uz ledus [&hellip;]<\/p>\n","protected":false},"featured_media":25838,"comment_status":"open","ping_status":"closed","template":"","meta":[],"product_brand":[],"product_cat":[900,903],"product_tag":[],"class_list":{"0":"post-25837","1":"product","2":"type-product","3":"status-publish","4":"has-post-thumbnail","6":"product_cat-apgerbs-apavi","7":"product_cat-ziemas-apavi","9":"first","10":"outofstock","11":"taxable","12":"shipping-taxable","13":"purchasable","14":"product-type-variable"},"jetpack_sharing_enabled":true,"_links":{"self":[{"href":"https:\/\/shop.bushboats.com\/index.php\/wp-json\/wp\/v2\/product\/25837","targetHints":{"allow":["GET"]}}],"collection":[{"href":"https:\/\/shop.bushboats.com\/index.php\/wp-json\/wp\/v2\/product"}],"about":[{"href":"https:\/\/shop.bushboats.com\/index.php\/wp-json\/wp\/v2\/types\/product"}],"replies":[{"embeddable":true,"href":"https:\/\/shop.bushboats.com\/index.php\/wp-json\/wp\/v2\/comments?post=25837"}],"wp:featuredmedia":[{"embeddable":true,"href":"https:\/\/shop.bushboats.com\/index.php\/wp-json\/wp\/v2\/media\/25838"}],"wp:attachment":[{"href":"https:\/\/shop.bushboats.com\/index.php\/wp-json\/wp\/v2\/media?parent=25837"}],"wp:term":[{"taxonomy":"product_brand","embeddable":true,"href":"https:\/\/shop.bushboats.com\/index.php\/wp-json\/wp\/v2\/product_brand?post=25837"},{"taxonomy":"product_cat","embeddable":true,"href":"https:\/\/shop.bushboats.com\/index.php\/wp-json\/wp\/v2\/product_cat?post=25837"},{"taxonomy":"product_tag","embeddable":true,"href":"https:\/\/shop.bushboats.com\/index.php\/wp-json\/wp\/v2\/product_tag?post=25837"}],"curies":[{"name":"wp","href":"https:\/\/api.w.org\/{rel}","templated":true}]}}