{"id":25966,"date":"2026-03-13T09:50:23","date_gmt":"2026-03-13T07:50:23","guid":{"rendered":"https:\/\/shop.bushboats.com\/?post_type=product&#038;p=25966"},"modified":"2026-03-13T09:50:24","modified_gmt":"2026-03-13T07:50:24","slug":"ultraflex-stures-sistema-t67","status":"publish","type":"product","link":"https:\/\/shop.bushboats.com\/index.php\/produkts\/ultraflex-stures-sistema-t67\/","title":{"rendered":"ULTRAFLEX ST\u016aRES SIST\u0112MA T67"},"content":{"rendered":"<p>T67 st\u016bres sist\u0113ma, j\u016bras r\u016bsas iztur\u012bga, ar NER\u016aS\u0112JO\u0160A T\u0112RAUDA dzin\u0113ja kabe\u013ca gala stiprin\u0101jumu un atbilst ABYC P17 pras\u012bb\u0101m, standarta berze \u0101r\u0113ji regul\u0113jama. \u010cetri izv\u0113les st\u016bres poz\u012bcijas, lai atvieglotu kabe\u013ca uzst\u0101d\u012b\u0161anu. 90\u00b0 r\u0101mis.<br \/>\nP\u0101rsniedz EN 29775 dro\u0161\u012bbas standartus.<\/p>\n<p>LIETO\u0160ANAI AR M58 KABELI.<\/p>\n","protected":false},"excerpt":{"rendered":"<p>T67 st\u016bres sist\u0113ma, j\u016bras r\u016bsas iztur\u012bga, ar NER\u016aS\u0112JO\u0160A T\u0112RAUDA dzin\u0113ja kabe\u013ca gala stiprin\u0101jumu un atbilst ABYC P17 pras\u012bb\u0101m, standarta berze \u0101r\u0113ji regul\u0113jama. \u010cetri izv\u0113les st\u016bres poz\u012bcijas, lai atvieglotu kabe\u013ca uzst\u0101d\u012b\u0161anu. 90\u00b0 r\u0101mis. P\u0101rsniedz EN 29775 dro\u0161\u012bbas standartus. LIETO\u0160ANAI AR M58 KABELI.<\/p>\n","protected":false},"featured_media":25967,"comment_status":"open","ping_status":"closed","template":"","meta":[],"product_brand":[],"product_cat":[652,54,667],"product_tag":[],"class_list":{"0":"post-25966","1":"product","2":"type-product","3":"status-publish","4":"has-post-thumbnail","6":"product_cat-klaja-aprikojums","7":"product_cat-accessories","8":"product_cat-stures-stures-sistemas-hidraulika","10":"first","11":"instock","12":"taxable","13":"shipping-taxable","14":"purchasable","15":"product-type-simple"},"jetpack_sharing_enabled":true,"_links":{"self":[{"href":"https:\/\/shop.bushboats.com\/index.php\/wp-json\/wp\/v2\/product\/25966","targetHints":{"allow":["GET"]}}],"collection":[{"href":"https:\/\/shop.bushboats.com\/index.php\/wp-json\/wp\/v2\/product"}],"about":[{"href":"https:\/\/shop.bushboats.com\/index.php\/wp-json\/wp\/v2\/types\/product"}],"replies":[{"embeddable":true,"href":"https:\/\/shop.bushboats.com\/index.php\/wp-json\/wp\/v2\/comments?post=25966"}],"wp:featuredmedia":[{"embeddable":true,"href":"https:\/\/shop.bushboats.com\/index.php\/wp-json\/wp\/v2\/media\/25967"}],"wp:attachment":[{"href":"https:\/\/shop.bushboats.com\/index.php\/wp-json\/wp\/v2\/media?parent=25966"}],"wp:term":[{"taxonomy":"product_brand","embeddable":true,"href":"https:\/\/shop.bushboats.com\/index.php\/wp-json\/wp\/v2\/product_brand?post=25966"},{"taxonomy":"product_cat","embeddable":true,"href":"https:\/\/shop.bushboats.com\/index.php\/wp-json\/wp\/v2\/product_cat?post=25966"},{"taxonomy":"product_tag","embeddable":true,"href":"https:\/\/shop.bushboats.com\/index.php\/wp-json\/wp\/v2\/product_tag?post=25966"}],"curies":[{"name":"wp","href":"https:\/\/api.w.org\/{rel}","templated":true}]}}