{"id":26005,"date":"2026-03-17T16:11:11","date_gmt":"2026-03-17T14:11:11","guid":{"rendered":"https:\/\/shop.bushboats.com\/?post_type=product&#038;p=26005"},"modified":"2026-03-17T16:11:13","modified_gmt":"2026-03-17T14:11:13","slug":"nerusejosa-terauda-enge","status":"publish","type":"product","link":"https:\/\/shop.bushboats.com\/index.php\/produkts\/nerusejosa-terauda-enge\/","title":{"rendered":"NER\u016aS\u0112JO\u0160\u0100 T\u0112RAUDA e\u0146\u0123e"},"content":{"rendered":"<p>Tehnisk\u0101s \u012bpa\u0161\u012bbas<\/p>\n<p>Garums\u00a0 \u00a0 \u00a0 \u00a0 \u00a0 \u00a0 \u00a0 \u00a0 \u00a0 \u00a0 \u00a0 \u00a0 \u00a075 mm<\/p>\n<p>Platums\u00a0 \u00a0 \u00a0 \u00a0 \u00a0 \u00a0 \u00a0 \u00a0 \u00a0 \u00a0 \u00a0 \u00a0 40 mm<\/p>\n<p>Cauruma diametrs\u00a0 \u00a0 \u00a05 mm<\/p>\n<p>Biezums\u00a0 \u00a0 \u00a0 \u00a0 \u00a0 \u00a0 \u00a0 \u00a0 \u00a0 \u00a0 \u00a0 \u00a02 mm<\/p>\n<p>Tapas biezums\u00a0 \u00a0 \u00a0 \u00a0 \u00a0 \u00a0 7 mm<\/p>\n","protected":false},"excerpt":{"rendered":"<p>Tehnisk\u0101s \u012bpa\u0161\u012bbas Garums\u00a0 \u00a0 \u00a0 \u00a0 \u00a0 \u00a0 \u00a0 \u00a0 \u00a0 \u00a0 \u00a0 \u00a0 \u00a075 mm Platums\u00a0 \u00a0 \u00a0 \u00a0 \u00a0 \u00a0 \u00a0 \u00a0 \u00a0 \u00a0 \u00a0 \u00a0 40 mm Cauruma diametrs\u00a0 \u00a0 \u00a05 mm Biezums\u00a0 \u00a0 \u00a0 \u00a0 \u00a0 \u00a0 \u00a0 \u00a0 \u00a0 \u00a0 \u00a0 \u00a02 mm Tapas biezums\u00a0 \u00a0 \u00a0 \u00a0 \u00a0 \u00a0 [&hellip;]<\/p>\n","protected":false},"featured_media":26006,"comment_status":"open","ping_status":"closed","template":"","meta":[],"product_brand":[],"product_cat":[82,652,54,670,658],"product_tag":[],"class_list":{"0":"post-26005","1":"product","2":"type-product","3":"status-publish","4":"has-post-thumbnail","6":"product_cat-other-accessories-lv","7":"product_cat-klaja-aprikojums","8":"product_cat-accessories","9":"product_cat-piepusamo-laivu-aksesuari","10":"product_cat-sedekli-mehanismi","12":"first","13":"instock","14":"taxable","15":"shipping-taxable","16":"purchasable","17":"product-type-simple"},"jetpack_sharing_enabled":true,"_links":{"self":[{"href":"https:\/\/shop.bushboats.com\/index.php\/wp-json\/wp\/v2\/product\/26005","targetHints":{"allow":["GET"]}}],"collection":[{"href":"https:\/\/shop.bushboats.com\/index.php\/wp-json\/wp\/v2\/product"}],"about":[{"href":"https:\/\/shop.bushboats.com\/index.php\/wp-json\/wp\/v2\/types\/product"}],"replies":[{"embeddable":true,"href":"https:\/\/shop.bushboats.com\/index.php\/wp-json\/wp\/v2\/comments?post=26005"}],"wp:featuredmedia":[{"embeddable":true,"href":"https:\/\/shop.bushboats.com\/index.php\/wp-json\/wp\/v2\/media\/26006"}],"wp:attachment":[{"href":"https:\/\/shop.bushboats.com\/index.php\/wp-json\/wp\/v2\/media?parent=26005"}],"wp:term":[{"taxonomy":"product_brand","embeddable":true,"href":"https:\/\/shop.bushboats.com\/index.php\/wp-json\/wp\/v2\/product_brand?post=26005"},{"taxonomy":"product_cat","embeddable":true,"href":"https:\/\/shop.bushboats.com\/index.php\/wp-json\/wp\/v2\/product_cat?post=26005"},{"taxonomy":"product_tag","embeddable":true,"href":"https:\/\/shop.bushboats.com\/index.php\/wp-json\/wp\/v2\/product_tag?post=26005"}],"curies":[{"name":"wp","href":"https:\/\/api.w.org\/{rel}","templated":true}]}}