{"id":26030,"date":"2026-03-17T16:54:14","date_gmt":"2026-03-17T14:54:14","guid":{"rendered":"https:\/\/shop.bushboats.com\/?post_type=product&#038;p=26030"},"modified":"2026-03-17T16:54:15","modified_gmt":"2026-03-17T14:54:15","slug":"abs-transom-plaksne-balta","status":"publish","type":"product","link":"https:\/\/shop.bushboats.com\/index.php\/produkts\/abs-transom-plaksne-balta\/","title":{"rendered":"ABS TRANSOM PL\u0100KSNE (balta)"},"content":{"rendered":"<p>ABS transoma pl\u0101ksne \u0101r\u0113j\u0101s transomas kron\u0161teina puses aizsardz\u012bbai.<\/p>\n<p>Izm\u0113ri 225 x 85 mm<\/p>\n","protected":false},"excerpt":{"rendered":"<p>ABS transoma pl\u0101ksne \u0101r\u0113j\u0101s transomas kron\u0161teina puses aizsardz\u012bbai. Izm\u0113ri 225 x 85 mm<\/p>\n","protected":false},"featured_media":26031,"comment_status":"open","ping_status":"closed","template":"","meta":[],"product_brand":[],"product_cat":[54,670,679],"product_tag":[],"class_list":{"0":"post-26030","1":"product","2":"type-product","3":"status-publish","4":"has-post-thumbnail","6":"product_cat-accessories","7":"product_cat-piepusamo-laivu-aksesuari","8":"product_cat-tranca-aprikojums","10":"first","11":"instock","12":"taxable","13":"shipping-taxable","14":"purchasable","15":"product-type-simple"},"jetpack_sharing_enabled":true,"_links":{"self":[{"href":"https:\/\/shop.bushboats.com\/index.php\/wp-json\/wp\/v2\/product\/26030","targetHints":{"allow":["GET"]}}],"collection":[{"href":"https:\/\/shop.bushboats.com\/index.php\/wp-json\/wp\/v2\/product"}],"about":[{"href":"https:\/\/shop.bushboats.com\/index.php\/wp-json\/wp\/v2\/types\/product"}],"replies":[{"embeddable":true,"href":"https:\/\/shop.bushboats.com\/index.php\/wp-json\/wp\/v2\/comments?post=26030"}],"wp:featuredmedia":[{"embeddable":true,"href":"https:\/\/shop.bushboats.com\/index.php\/wp-json\/wp\/v2\/media\/26031"}],"wp:attachment":[{"href":"https:\/\/shop.bushboats.com\/index.php\/wp-json\/wp\/v2\/media?parent=26030"}],"wp:term":[{"taxonomy":"product_brand","embeddable":true,"href":"https:\/\/shop.bushboats.com\/index.php\/wp-json\/wp\/v2\/product_brand?post=26030"},{"taxonomy":"product_cat","embeddable":true,"href":"https:\/\/shop.bushboats.com\/index.php\/wp-json\/wp\/v2\/product_cat?post=26030"},{"taxonomy":"product_tag","embeddable":true,"href":"https:\/\/shop.bushboats.com\/index.php\/wp-json\/wp\/v2\/product_tag?post=26030"}],"curies":[{"name":"wp","href":"https:\/\/api.w.org\/{rel}","templated":true}]}}