{"id":26045,"date":"2026-03-17T17:16:33","date_gmt":"2026-03-17T15:16:33","guid":{"rendered":"https:\/\/shop.bushboats.com\/?post_type=product&#038;p=26045"},"modified":"2026-03-17T17:16:34","modified_gmt":"2026-03-17T15:16:34","slug":"elektriskais-uzpumpatajs-ge-ov4-a-230-v","status":"publish","type":"product","link":"https:\/\/shop.bushboats.com\/index.php\/produkts\/elektriskais-uzpumpatajs-ge-ov4-a-230-v\/","title":{"rendered":"ELEKTRISKAIS UZPUMP\u0100T\u0100JS GE OV4 A 230 V"},"content":{"rendered":"<p>GE OV4 kompakts un veiktsp\u0113j\u012bgs gaisa s\u016bknis strukt\u016bru un piep\u016b\u0161amo laivu pump\u0113\u0161anai un izpump\u0113\u0161anai. Apr\u012bkots ar univers\u0101liem adapteriem.<\/p>\n<p>&nbsp;<\/p>\n<p>Tehnisk\u0101s \u012bpa\u0161\u012bbas<\/p>\n<p>Slodzes kapacit\u0101te\u00a0 \u00a0 \u00a0 \u00a0 \u00a0 \u00a0 \u00a0 \u00a0 \u00a0 \u00a0 \u00a0 \u00a0 950 lpm<\/p>\n<p>Maksim\u0101lais spiediens\u00a0 \u00a0 \u00a0 \u00a0 \u00a0 \u00a0 \u00a0 \u00a0 150 mbar (2,2 psi)<\/p>\n<p>Spriegums\u00a0 \u00a0 \u00a0 \u00a0 \u00a0 \u00a0 \u00a0 \u00a0 \u00a0 \u00a0 \u00a0 \u00a0 \u00a0 \u00a0 \u00a0 \u00a0 \u00a0 \u00a0 \u00a0 230 Volti<\/p>\n<p>Pat\u0113ri\u0146\u0161\u00a0 \u00a0 \u00a0 \u00a0 \u00a0 \u00a0 \u00a0 \u00a0 \u00a0 \u00a0 \u00a0 \u00a0 \u00a0 \u00a0 \u00a0 \u00a0 \u00a0 \u00a0 \u00a0 \u00a0 \u00a0 1,74 Amp<\/p>\n<p>Maksim\u0101l\u0101 ievade\u00a0 \u00a0 \u00a0 \u00a0 \u00a0 \u00a0 \u00a0 \u00a0 \u00a0 \u00a0 \u00a0 \u00a0 400 Vati<\/p>\n<p>Izm\u0113ri\u00a0 \u00a0 \u00a0 \u00a0 \u00a0 \u00a0 \u00a0 \u00a0 \u00a0 \u00a0 \u00a0 \u00a0 \u00a0 \u00a0 \u00a0 \u00a0 \u00a0 \u00a0 \u00a0 \u00a0 \u00a0 \u00a0 \u00a0120 x 150 x 145 mm<\/p>\n<p>Svars\u00a0 \u00a0 \u00a0 \u00a0 \u00a0 \u00a0 \u00a0 \u00a0 \u00a0 \u00a0 \u00a0 \u00a0 \u00a0 \u00a0 \u00a0 \u00a0 \u00a0 \u00a0 \u00a0 \u00a0 \u00a0 \u00a0 \u00a0 \u00a0 0,90 Kg<\/p>\n","protected":false},"excerpt":{"rendered":"<p>GE OV4 kompakts un veiktsp\u0113j\u012bgs gaisa s\u016bknis strukt\u016bru un piep\u016b\u0161amo laivu pump\u0113\u0161anai un izpump\u0113\u0161anai. Apr\u012bkots ar univers\u0101liem adapteriem. &nbsp; Tehnisk\u0101s \u012bpa\u0161\u012bbas Slodzes kapacit\u0101te\u00a0 \u00a0 \u00a0 \u00a0 \u00a0 \u00a0 \u00a0 \u00a0 \u00a0 \u00a0 \u00a0 \u00a0 950 lpm Maksim\u0101lais spiediens\u00a0 \u00a0 \u00a0 \u00a0 \u00a0 \u00a0 \u00a0 \u00a0 150 mbar (2,2 psi) Spriegums\u00a0 \u00a0 \u00a0 \u00a0 \u00a0 \u00a0 [&hellip;]<\/p>\n","protected":false},"featured_media":26046,"comment_status":"open","ping_status":"closed","template":"","meta":[],"product_brand":[],"product_cat":[54,676],"product_tag":[],"class_list":{"0":"post-26045","1":"product","2":"type-product","3":"status-publish","4":"has-post-thumbnail","6":"product_cat-accessories","7":"product_cat-sukni-un-piederumi","9":"first","10":"instock","11":"taxable","12":"shipping-taxable","13":"purchasable","14":"product-type-simple"},"jetpack_sharing_enabled":true,"_links":{"self":[{"href":"https:\/\/shop.bushboats.com\/index.php\/wp-json\/wp\/v2\/product\/26045","targetHints":{"allow":["GET"]}}],"collection":[{"href":"https:\/\/shop.bushboats.com\/index.php\/wp-json\/wp\/v2\/product"}],"about":[{"href":"https:\/\/shop.bushboats.com\/index.php\/wp-json\/wp\/v2\/types\/product"}],"replies":[{"embeddable":true,"href":"https:\/\/shop.bushboats.com\/index.php\/wp-json\/wp\/v2\/comments?post=26045"}],"wp:featuredmedia":[{"embeddable":true,"href":"https:\/\/shop.bushboats.com\/index.php\/wp-json\/wp\/v2\/media\/26046"}],"wp:attachment":[{"href":"https:\/\/shop.bushboats.com\/index.php\/wp-json\/wp\/v2\/media?parent=26045"}],"wp:term":[{"taxonomy":"product_brand","embeddable":true,"href":"https:\/\/shop.bushboats.com\/index.php\/wp-json\/wp\/v2\/product_brand?post=26045"},{"taxonomy":"product_cat","embeddable":true,"href":"https:\/\/shop.bushboats.com\/index.php\/wp-json\/wp\/v2\/product_cat?post=26045"},{"taxonomy":"product_tag","embeddable":true,"href":"https:\/\/shop.bushboats.com\/index.php\/wp-json\/wp\/v2\/product_tag?post=26045"}],"curies":[{"name":"wp","href":"https:\/\/api.w.org\/{rel}","templated":true}]}}