{"id":26136,"date":"2026-04-23T08:47:51","date_gmt":"2026-04-23T05:47:51","guid":{"rendered":"https:\/\/shop.bushboats.com\/?post_type=product&#038;p=26136"},"modified":"2026-04-23T09:31:15","modified_gmt":"2026-04-23T06:31:15","slug":"elektromotors-runos-36lbs","status":"publish","type":"product","link":"https:\/\/shop.bushboats.com\/index.php\/produkts\/elektromotors-runos-36lbs\/","title":{"rendered":"Elektromotors RUNOS 36lbs"},"content":{"rendered":"<ul>\n<li><span id=\"result_box\">Jauda: 36lbs<\/span><\/li>\n<li><span id=\"result_box\">Str\u0101vas padeve: 12V<\/span><\/li>\n<li><span id=\"result_box\">Teleskopisks vad\u012bbas rokturis(152cm max.)<\/span><\/li>\n<li>Visi zobratu kontakti ir p\u0101rkl\u0101ti ar sudrabu un iee\u013c\u013coti ar \u012bpa\u0161u pretest\u012bbas sm\u0113rvielu, kas palielina vad\u012btsp\u0113ju uun nov\u0113r\u0161 p\u0101rkar\u0161anu, k\u0101 ar\u012b pagarina dzin\u0113ja kalpo\u0161anas laiku.<\/li>\n<li>Regul\u0113jams dzin\u0113ja nolai\u0161anas dzi\u013cums<\/li>\n<li><strong><span id=\"result_box\"><span id=\"result_box\" class=\"short_text\">Tr\u012bs na\u017eu skr\u016bve-ekonomisk\u0101ka un \u0101tr\u0101ka<\/span><\/span><\/strong><\/li>\n<li><span id=\"result_box\">5 \u0101trumi uz priek\u0161u un 3 atpaka\u013cgaitas \u0101trumi<\/span><\/li>\n<li><span id=\"result_box\">Svars: 16kg<\/span><\/li>\n<li><span id=\"result_box\">Maxim\u0101lais \u0101trums: 9.5km\/h<\/span><\/li>\n<li><span id=\"result_box\">Baterijas izl\u0101des indikators<\/span><\/li>\n<\/ul>\n<p>APRAKSTS:<\/p>\n<table class=\"varikliai\">\n<tbody>\n<tr>\n<td><strong>Modelis<br \/>\n<\/strong><\/td>\n<td><strong>NRS-32LBS L<br \/>\n<\/strong><\/td>\n<td><strong>NRS-40LBS L<\/strong><\/td>\n<td><strong>NRS-46LBS L<\/strong><\/td>\n<td><strong>NRS-50LBS L<\/strong><\/td>\n<td><strong>NRS-55LBS L<\/strong><\/td>\n<\/tr>\n<tr>\n<td>Power<\/td>\n<td>44.4 W<\/td>\n<td>54.2 W<\/td>\n<td>62.4 W<\/td>\n<td>67.8 W<\/td>\n<td>74.6 W<\/td>\n<\/tr>\n<tr>\n<td>Power supply<\/td>\n<td>12 V<\/td>\n<td>12 V<\/td>\n<td>12 V<\/td>\n<td>12 V<\/td>\n<td>12 V<\/td>\n<\/tr>\n<tr>\n<td>Leg lenght<\/td>\n<td>72 cm<\/td>\n<td>76 cm<\/td>\n<td>92 cm<\/td>\n<td>92 cm<\/td>\n<td>92 cm<\/td>\n<\/tr>\n<tr>\n<td>Propeller knifes<\/td>\n<td>2<\/td>\n<td>3<\/td>\n<td>3<\/td>\n<td>3<\/td>\n<td>3<\/td>\n<\/tr>\n<tr>\n<td>Control<\/td>\n<td>Tiller<\/td>\n<td>Tiller<\/td>\n<td>Tiller<\/td>\n<td>Tiller<\/td>\n<td>Tiller<\/td>\n<\/tr>\n<tr>\n<td>Weight<\/td>\n<td>14.5 kg<\/td>\n<td>18.1 kg<\/td>\n<td>20.9 kg<\/td>\n<td>22.7 kg<\/td>\n<td>25 kg<\/td>\n<\/tr>\n<tr>\n<td>Warranty<\/td>\n<td>24 months<\/td>\n<td>24 months<\/td>\n<td>24 months<\/td>\n<td>24 months<\/td>\n<td>24 months<\/td>\n<\/tr>\n<\/tbody>\n<\/table>\n","protected":false},"excerpt":{"rendered":"<p>Jauda: 36lbs Str\u0101vas padeve: 12V Teleskopisks vad\u012bbas rokturis(152cm max.) Visi zobratu kontakti ir p\u0101rkl\u0101ti ar sudrabu un iee\u013c\u013coti ar \u012bpa\u0161u pretest\u012bbas sm\u0113rvielu, kas palielina vad\u012btsp\u0113ju uun nov\u0113r\u0161 p\u0101rkar\u0161anu, k\u0101 ar\u012b pagarina dzin\u0113ja kalpo\u0161anas laiku. Regul\u0113jams dzin\u0113ja nolai\u0161anas dzi\u013cums Tr\u012bs na\u017eu skr\u016bve-ekonomisk\u0101ka un \u0101tr\u0101ka 5 \u0101trumi uz priek\u0161u un 3 atpaka\u013cgaitas \u0101trumi Svars: 16kg Maxim\u0101lais \u0101trums: [&hellip;]<\/p>\n","protected":false},"featured_media":26140,"comment_status":"open","ping_status":"closed","template":"","meta":[],"product_brand":[],"product_cat":[707,906],"product_tag":[],"class_list":{"0":"post-26136","1":"product","2":"type-product","3":"status-publish","4":"has-post-thumbnail","6":"product_cat-elektromotori","7":"product_cat-runos","9":"first","10":"instock","11":"taxable","12":"shipping-taxable","13":"purchasable","14":"product-type-simple"},"jetpack_sharing_enabled":true,"_links":{"self":[{"href":"https:\/\/shop.bushboats.com\/index.php\/wp-json\/wp\/v2\/product\/26136","targetHints":{"allow":["GET"]}}],"collection":[{"href":"https:\/\/shop.bushboats.com\/index.php\/wp-json\/wp\/v2\/product"}],"about":[{"href":"https:\/\/shop.bushboats.com\/index.php\/wp-json\/wp\/v2\/types\/product"}],"replies":[{"embeddable":true,"href":"https:\/\/shop.bushboats.com\/index.php\/wp-json\/wp\/v2\/comments?post=26136"}],"wp:featuredmedia":[{"embeddable":true,"href":"https:\/\/shop.bushboats.com\/index.php\/wp-json\/wp\/v2\/media\/26140"}],"wp:attachment":[{"href":"https:\/\/shop.bushboats.com\/index.php\/wp-json\/wp\/v2\/media?parent=26136"}],"wp:term":[{"taxonomy":"product_brand","embeddable":true,"href":"https:\/\/shop.bushboats.com\/index.php\/wp-json\/wp\/v2\/product_brand?post=26136"},{"taxonomy":"product_cat","embeddable":true,"href":"https:\/\/shop.bushboats.com\/index.php\/wp-json\/wp\/v2\/product_cat?post=26136"},{"taxonomy":"product_tag","embeddable":true,"href":"https:\/\/shop.bushboats.com\/index.php\/wp-json\/wp\/v2\/product_tag?post=26136"}],"curies":[{"name":"wp","href":"https:\/\/api.w.org\/{rel}","templated":true}]}}