{"id":26152,"date":"2026-04-23T09:05:56","date_gmt":"2026-04-23T06:05:56","guid":{"rendered":"https:\/\/shop.bushboats.com\/?post_type=product&#038;p=26152"},"modified":"2026-04-23T09:30:19","modified_gmt":"2026-04-23T06:30:19","slug":"elektromotors-runos-40lbs","status":"publish","type":"product","link":"https:\/\/shop.bushboats.com\/index.php\/produkts\/elektromotors-runos-40lbs\/","title":{"rendered":"Elektromotors RUNOS 40lbs"},"content":{"rendered":"<p>Jauda: 40lbs<br \/>\nBaro\u0161anas avots: 12V<br \/>\nK\u0101ja garums: 76cm<br \/>\nTeleskopiska \u0101truma regul\u0113\u0161ana (maks. 152cm)<br \/>\nVisi p\u0101rnesumu kontakti ir p\u0101rkl\u0101ti ar sudrabu un e\u013c\u013coti ar \u012bpa\u0161u pretest\u012bbas e\u013c\u013co\u0161anas l\u012bdzekli, kas palielina vad\u012btsp\u0113ju, nov\u0113r\u0161 p\u0101rkar\u0161anu un pagarina motora kalpo\u0161anas ilgumu.<br \/>\nKl\u0101js ir izgatavots no stikla \u0161\u0137iedras amortizatoriem pret \u0161\u0137\u0113r\u0161\u013ciem<br \/>\nRegul\u0113jams motora krituma dzi\u013cums<br \/>\nTr\u012bs asme\u0146u skr\u016bve \u2013 taup\u012bg\u0101ka, \u0101tr\u0101ka<br \/>\n5 \u0101trumi uz priek\u0161u un 3 atpaka\u013cgaitas \u0101trumi<br \/>\nSvars: 18,1kg<br \/>\nMaksim\u0101lais \u0101trums: 7,8km\/h<br \/>\nAkumulatora izl\u0101d\u0113\u0161an\u0101s indikators<\/p>\n<p>Apraksts<\/p>\n<table class=\"varikliai\">\n<tbody>\n<tr>\n<td><strong>Series<br \/>\n<\/strong><\/td>\n<td><strong>NRS-32LBS L<br \/>\n<\/strong><\/td>\n<td><strong>NRS-40LBS L<\/strong><\/td>\n<td><strong>NRS-46LBS L<\/strong><\/td>\n<td><strong>NRS-50LBS L<\/strong><\/td>\n<td><strong>NRS-55LBS L<\/strong><\/td>\n<\/tr>\n<tr>\n<td>Power<\/td>\n<td>44.4 W<\/td>\n<td>54.2 W<\/td>\n<td>62.4 W<\/td>\n<td>67.8 W<\/td>\n<td>74.6 W<\/td>\n<\/tr>\n<tr>\n<td>Power supply<\/td>\n<td>12 V<\/td>\n<td>12 V<\/td>\n<td>12 V<\/td>\n<td>12 V<\/td>\n<td>12 V<\/td>\n<\/tr>\n<tr>\n<td>Leg lenght<\/td>\n<td>72 cm<\/td>\n<td>76 cm<\/td>\n<td>92 cm<\/td>\n<td>92 cm<\/td>\n<td>92 cm<\/td>\n<\/tr>\n<tr>\n<td>Propeller knifes<\/td>\n<td>2<\/td>\n<td>3<\/td>\n<td>3<\/td>\n<td>3<\/td>\n<td>3<\/td>\n<\/tr>\n<tr>\n<td>Control<\/td>\n<td>Tiller<\/td>\n<td>Tiller<\/td>\n<td>Tiller<\/td>\n<td>Tiller<\/td>\n<td>Tiller<\/td>\n<\/tr>\n<tr>\n<td>Weight<\/td>\n<td>14.5 kg<\/td>\n<td>18.1 kg<\/td>\n<td>20.9 kg<\/td>\n<td>22.7 kg<\/td>\n<td>25 kg<\/td>\n<\/tr>\n<tr>\n<td>Warranty<\/td>\n<td>24 months<\/td>\n<td>24 months<\/td>\n<td>24 months<\/td>\n<td>24 months<\/td>\n<td>24 months<\/td>\n<\/tr>\n<\/tbody>\n<\/table>\n","protected":false},"excerpt":{"rendered":"<p>Jauda: 40lbs Baro\u0161anas avots: 12V K\u0101ja garums: 76cm Teleskopiska \u0101truma regul\u0113\u0161ana (maks. 152cm) Visi p\u0101rnesumu kontakti ir p\u0101rkl\u0101ti ar sudrabu un e\u013c\u013coti ar \u012bpa\u0161u pretest\u012bbas e\u013c\u013co\u0161anas l\u012bdzekli, kas palielina vad\u012btsp\u0113ju, nov\u0113r\u0161 p\u0101rkar\u0161anu un pagarina motora kalpo\u0161anas ilgumu. Kl\u0101js ir izgatavots no stikla \u0161\u0137iedras amortizatoriem pret \u0161\u0137\u0113r\u0161\u013ciem Regul\u0113jams motora krituma dzi\u013cums Tr\u012bs asme\u0146u skr\u016bve \u2013 taup\u012bg\u0101ka, [&hellip;]<\/p>\n","protected":false},"featured_media":26153,"comment_status":"open","ping_status":"closed","template":"","meta":[],"product_brand":[],"product_cat":[707,906],"product_tag":[],"class_list":{"0":"post-26152","1":"product","2":"type-product","3":"status-publish","4":"has-post-thumbnail","6":"product_cat-elektromotori","7":"product_cat-runos","9":"first","10":"instock","11":"taxable","12":"shipping-taxable","13":"purchasable","14":"product-type-simple"},"jetpack_sharing_enabled":true,"_links":{"self":[{"href":"https:\/\/shop.bushboats.com\/index.php\/wp-json\/wp\/v2\/product\/26152","targetHints":{"allow":["GET"]}}],"collection":[{"href":"https:\/\/shop.bushboats.com\/index.php\/wp-json\/wp\/v2\/product"}],"about":[{"href":"https:\/\/shop.bushboats.com\/index.php\/wp-json\/wp\/v2\/types\/product"}],"replies":[{"embeddable":true,"href":"https:\/\/shop.bushboats.com\/index.php\/wp-json\/wp\/v2\/comments?post=26152"}],"wp:featuredmedia":[{"embeddable":true,"href":"https:\/\/shop.bushboats.com\/index.php\/wp-json\/wp\/v2\/media\/26153"}],"wp:attachment":[{"href":"https:\/\/shop.bushboats.com\/index.php\/wp-json\/wp\/v2\/media?parent=26152"}],"wp:term":[{"taxonomy":"product_brand","embeddable":true,"href":"https:\/\/shop.bushboats.com\/index.php\/wp-json\/wp\/v2\/product_brand?post=26152"},{"taxonomy":"product_cat","embeddable":true,"href":"https:\/\/shop.bushboats.com\/index.php\/wp-json\/wp\/v2\/product_cat?post=26152"},{"taxonomy":"product_tag","embeddable":true,"href":"https:\/\/shop.bushboats.com\/index.php\/wp-json\/wp\/v2\/product_tag?post=26152"}],"curies":[{"name":"wp","href":"https:\/\/api.w.org\/{rel}","templated":true}]}}