{"id":26178,"date":"2026-04-23T09:22:27","date_gmt":"2026-04-23T06:22:27","guid":{"rendered":"https:\/\/shop.bushboats.com\/?post_type=product&#038;p=26178"},"modified":"2026-04-23T09:29:12","modified_gmt":"2026-04-23T06:29:12","slug":"elektromotors-runos-55lbs","status":"publish","type":"product","link":"https:\/\/shop.bushboats.com\/index.php\/produkts\/elektromotors-runos-55lbs\/","title":{"rendered":"Elektromotors RUNOS 55lbs"},"content":{"rendered":"<p>Jauda: 55lbs<br \/>\nBaro\u0161anas avots: 12V<br \/>\nK\u0101ju garums: 92cm<br \/>\nTeleskopisk\u0101 \u0101truma regulatora (maks. 152cm)<br \/>\nVisi p\u0101rnesumu kontakti ir p\u0101rkl\u0101ti ar sudrabu un iee\u013c\u013coti ar \u012bpa\u0161u pretest\u012bbas e\u013c\u013cu, kas palielina vad\u012btsp\u0113ju, nov\u0113r\u0161 p\u0101rkar\u0161anu un pagarina dzin\u0113ja kalpo\u0161anas ilgumu.<br \/>\nStienis ir izgatavots no stikla\u0161\u0137iedras amortizatoriem pret \u0161\u0137\u0113r\u0161\u013ciem<br \/>\nRegul\u0113jama dzin\u0113ja nolai\u0161an\u0101s dzi\u013cums<br \/>\nTr\u012bs asme\u0146u skr\u016bve \u2014 ekonomisk\u0101ka, \u0101tr\u0101ka<br \/>\n5 p\u0101rnesumi uz priek\u0161u un 3 atpaka\u013cgaitas p\u0101rnesumi<br \/>\nSvars: 25 kg<br \/>\nMaksim\u0101lais \u0101trums: 12km\/h<br \/>\nAkumulatora izl\u0101des indikators<\/p>\n<p>APRAKSTS<\/p>\n<table class=\"varikliai\">\n<tbody>\n<tr>\n<td><strong>Series<br \/>\n<\/strong><\/td>\n<td><strong>NRS-32LBS L<br \/>\n<\/strong><\/td>\n<td><strong>NRS-40LBS L<\/strong><\/td>\n<td><strong>NRS-46LBS L<\/strong><\/td>\n<td><strong>NRS-50LBS L<\/strong><\/td>\n<td><strong>NRS-55LBS L<\/strong><\/td>\n<\/tr>\n<tr>\n<td>Power<\/td>\n<td>44.4 W<\/td>\n<td>54.2 W<\/td>\n<td>62.4 W<\/td>\n<td>67.8 W<\/td>\n<td>74.6 W<\/td>\n<\/tr>\n<tr>\n<td>Power supply<\/td>\n<td>12 V<\/td>\n<td>12 V<\/td>\n<td>12 V<\/td>\n<td>12 V<\/td>\n<td>12 V<\/td>\n<\/tr>\n<tr>\n<td>Leg lenght<\/td>\n<td>72 cm<\/td>\n<td>76 cm<\/td>\n<td>92 cm<\/td>\n<td>92 cm<\/td>\n<td>92 cm<\/td>\n<\/tr>\n<tr>\n<td>Propeller knifes<\/td>\n<td>2<\/td>\n<td>3<\/td>\n<td>3<\/td>\n<td>3<\/td>\n<td>3<\/td>\n<\/tr>\n<tr>\n<td>Control<\/td>\n<td>Tiller<\/td>\n<td>Tiller<\/td>\n<td>Tiller<\/td>\n<td>Tiller<\/td>\n<td>Tiller<\/td>\n<\/tr>\n<tr>\n<td>Weight<\/td>\n<td>14.5 kg<\/td>\n<td>18.1 kg<\/td>\n<td>20.9 kg<\/td>\n<td>22.7 kg<\/td>\n<td>25 kg<\/td>\n<\/tr>\n<tr>\n<td>Warranty<\/td>\n<td>24 months<\/td>\n<td>24 months<\/td>\n<td>24 months<\/td>\n<td>24 months<\/td>\n<td>24 months<\/td>\n<\/tr>\n<\/tbody>\n<\/table>\n","protected":false},"excerpt":{"rendered":"<p>Jauda: 55lbs Baro\u0161anas avots: 12V K\u0101ju garums: 92cm Teleskopisk\u0101 \u0101truma regulatora (maks. 152cm) Visi p\u0101rnesumu kontakti ir p\u0101rkl\u0101ti ar sudrabu un iee\u013c\u013coti ar \u012bpa\u0161u pretest\u012bbas e\u013c\u013cu, kas palielina vad\u012btsp\u0113ju, nov\u0113r\u0161 p\u0101rkar\u0161anu un pagarina dzin\u0113ja kalpo\u0161anas ilgumu. Stienis ir izgatavots no stikla\u0161\u0137iedras amortizatoriem pret \u0161\u0137\u0113r\u0161\u013ciem Regul\u0113jama dzin\u0113ja nolai\u0161an\u0101s dzi\u013cums Tr\u012bs asme\u0146u skr\u016bve \u2014 ekonomisk\u0101ka, \u0101tr\u0101ka 5 [&hellip;]<\/p>\n","protected":false},"featured_media":26179,"comment_status":"open","ping_status":"closed","template":"","meta":[],"product_brand":[],"product_cat":[707,906],"product_tag":[],"class_list":{"0":"post-26178","1":"product","2":"type-product","3":"status-publish","4":"has-post-thumbnail","6":"product_cat-elektromotori","7":"product_cat-runos","9":"first","10":"instock","11":"taxable","12":"shipping-taxable","13":"purchasable","14":"product-type-simple"},"jetpack_sharing_enabled":true,"_links":{"self":[{"href":"https:\/\/shop.bushboats.com\/index.php\/wp-json\/wp\/v2\/product\/26178","targetHints":{"allow":["GET"]}}],"collection":[{"href":"https:\/\/shop.bushboats.com\/index.php\/wp-json\/wp\/v2\/product"}],"about":[{"href":"https:\/\/shop.bushboats.com\/index.php\/wp-json\/wp\/v2\/types\/product"}],"replies":[{"embeddable":true,"href":"https:\/\/shop.bushboats.com\/index.php\/wp-json\/wp\/v2\/comments?post=26178"}],"wp:featuredmedia":[{"embeddable":true,"href":"https:\/\/shop.bushboats.com\/index.php\/wp-json\/wp\/v2\/media\/26179"}],"wp:attachment":[{"href":"https:\/\/shop.bushboats.com\/index.php\/wp-json\/wp\/v2\/media?parent=26178"}],"wp:term":[{"taxonomy":"product_brand","embeddable":true,"href":"https:\/\/shop.bushboats.com\/index.php\/wp-json\/wp\/v2\/product_brand?post=26178"},{"taxonomy":"product_cat","embeddable":true,"href":"https:\/\/shop.bushboats.com\/index.php\/wp-json\/wp\/v2\/product_cat?post=26178"},{"taxonomy":"product_tag","embeddable":true,"href":"https:\/\/shop.bushboats.com\/index.php\/wp-json\/wp\/v2\/product_tag?post=26178"}],"curies":[{"name":"wp","href":"https:\/\/api.w.org\/{rel}","templated":true}]}}