{"id":26194,"date":"2026-04-23T09:36:11","date_gmt":"2026-04-23T06:36:11","guid":{"rendered":"https:\/\/shop.bushboats.com\/?post_type=product&#038;p=26194"},"modified":"2026-04-23T09:36:11","modified_gmt":"2026-04-23T06:36:11","slug":"eektromotors-runos-62lbs","status":"publish","type":"product","link":"https:\/\/shop.bushboats.com\/index.php\/produkts\/eektromotors-runos-62lbs\/","title":{"rendered":"Eektromotors Runos 62LBS"},"content":{"rendered":"<p>Jauda: 62lbs<br \/>\nBaro\u0161anas avots: 12V<br \/>\nK\u0101ja garums: 92cm<br \/>\nTeleskopisk\u0101 \u0101truma regul\u0113\u0161ana (maks. 152cm)<br \/>\nVisi zobratu kontakti ir p\u0101rkl\u0101ti ar sudrabu un iee\u013c\u013coti ar \u012bpa\u0161u pretest\u012bbas e\u013c\u013cojumu, kas palielina vad\u012btsp\u0113ju, nov\u0113r\u0161 p\u0101rkar\u0161anu un pagarina dzin\u0113ja kalpo\u0161anas ilgumu.<br \/>\nStienis ir izgatavots no stikla\u0161\u0137iedras amortizatoriem pret \u0161\u0137\u0113r\u0161\u013ciem<br \/>\nRegul\u0113jams dzin\u0113ja nolai\u0161anas dzi\u013cums<br \/>\nTr\u012bs asmens skr\u016bve \u2014 ekonomisk\u0101ka, \u0101tr\u0101ka<br \/>\n5 p\u0101rnesumi uz priek\u0161u un 3 atpaka\u013cgaitas p\u0101rnesumi<br \/>\nSvars: 27 kg<br \/>\nMaksim\u0101lais \u0101trums: 12 km\/h<br \/>\nAkumulatora izl\u0101des indikators<\/p>\n<p>&nbsp;<\/p>\n<p>&nbsp;<\/p>\n","protected":false},"excerpt":{"rendered":"<p>Jauda: 62lbs Baro\u0161anas avots: 12V K\u0101ja garums: 92cm Teleskopisk\u0101 \u0101truma regul\u0113\u0161ana (maks. 152cm) Visi zobratu kontakti ir p\u0101rkl\u0101ti ar sudrabu un iee\u013c\u013coti ar \u012bpa\u0161u pretest\u012bbas e\u013c\u013cojumu, kas palielina vad\u012btsp\u0113ju, nov\u0113r\u0161 p\u0101rkar\u0161anu un pagarina dzin\u0113ja kalpo\u0161anas ilgumu. Stienis ir izgatavots no stikla\u0161\u0137iedras amortizatoriem pret \u0161\u0137\u0113r\u0161\u013ciem Regul\u0113jams dzin\u0113ja nolai\u0161anas dzi\u013cums Tr\u012bs asmens skr\u016bve \u2014 ekonomisk\u0101ka, \u0101tr\u0101ka 5 [&hellip;]<\/p>\n","protected":false},"featured_media":26195,"comment_status":"open","ping_status":"closed","template":"","meta":[],"product_brand":[],"product_cat":[707,906],"product_tag":[],"class_list":{"0":"post-26194","1":"product","2":"type-product","3":"status-publish","4":"has-post-thumbnail","6":"product_cat-elektromotori","7":"product_cat-runos","9":"first","10":"instock","11":"taxable","12":"shipping-taxable","13":"purchasable","14":"product-type-simple"},"jetpack_sharing_enabled":true,"_links":{"self":[{"href":"https:\/\/shop.bushboats.com\/index.php\/wp-json\/wp\/v2\/product\/26194","targetHints":{"allow":["GET"]}}],"collection":[{"href":"https:\/\/shop.bushboats.com\/index.php\/wp-json\/wp\/v2\/product"}],"about":[{"href":"https:\/\/shop.bushboats.com\/index.php\/wp-json\/wp\/v2\/types\/product"}],"replies":[{"embeddable":true,"href":"https:\/\/shop.bushboats.com\/index.php\/wp-json\/wp\/v2\/comments?post=26194"}],"wp:featuredmedia":[{"embeddable":true,"href":"https:\/\/shop.bushboats.com\/index.php\/wp-json\/wp\/v2\/media\/26195"}],"wp:attachment":[{"href":"https:\/\/shop.bushboats.com\/index.php\/wp-json\/wp\/v2\/media?parent=26194"}],"wp:term":[{"taxonomy":"product_brand","embeddable":true,"href":"https:\/\/shop.bushboats.com\/index.php\/wp-json\/wp\/v2\/product_brand?post=26194"},{"taxonomy":"product_cat","embeddable":true,"href":"https:\/\/shop.bushboats.com\/index.php\/wp-json\/wp\/v2\/product_cat?post=26194"},{"taxonomy":"product_tag","embeddable":true,"href":"https:\/\/shop.bushboats.com\/index.php\/wp-json\/wp\/v2\/product_tag?post=26194"}],"curies":[{"name":"wp","href":"https:\/\/api.w.org\/{rel}","templated":true}]}}