{"id":26247,"date":"2026-04-30T08:30:12","date_gmt":"2026-04-30T05:30:12","guid":{"rendered":"https:\/\/shop.bushboats.com\/?post_type=product&#038;p=26247"},"modified":"2026-04-30T11:05:15","modified_gmt":"2026-04-30T08:05:15","slug":"aksesuaru-stiprinajums-pagarinatajs","status":"publish","type":"product","link":"https:\/\/shop.bushboats.com\/index.php\/produkts\/aksesuaru-stiprinajums-pagarinatajs\/","title":{"rendered":"Aksesu\u0101ru stiprin\u0101jums, pagarin\u0101t\u0101js"},"content":{"rendered":"<p>Fasten FEx 220 aksesu\u0101ru stiprin\u0101jums ar diviem fiks\u0113jamiem adapteriem. Piem\u0113rots da\u017e\u0101du aksesu\u0101ru- kameru, eholotu, (Ipilota) k\u0101ja tur\u0113t\u0101ju<\/p>\n<p>apgaismojuma utml stiprin\u0101\u0161anai pie Fasten pamatnes.\u00a0 Stiprin\u0101jums ir izgatavota no augstas iztur\u012bbas struktur\u0101l\u0101s plastmasas \u2013 poliam\u012bda.<\/p>\n<p>Stiprin\u0101juma garums 205 mm.<\/p>\n","protected":false},"excerpt":{"rendered":"<p>Fasten FEx 220 aksesu\u0101ru stiprin\u0101jums ar diviem fiks\u0113jamiem adapteriem. Piem\u0113rots da\u017e\u0101du aksesu\u0101ru- kameru, eholotu, (Ipilota) k\u0101ja tur\u0113t\u0101ju apgaismojuma utml stiprin\u0101\u0161anai pie Fasten pamatnes.\u00a0 Stiprin\u0101jums ir izgatavota no augstas iztur\u012bbas struktur\u0101l\u0101s plastmasas \u2013 poliam\u012bda. Stiprin\u0101juma garums 205 mm.<\/p>\n","protected":false},"featured_media":26248,"comment_status":"open","ping_status":"closed","template":"","meta":[],"product_brand":[],"product_cat":[864,682],"product_tag":[],"class_list":{"0":"post-26247","1":"product","2":"type-product","3":"status-publish","4":"has-post-thumbnail","6":"product_cat-borika-aksesuari-fasten","7":"product_cat-turetaji-makskerem-eholotiem-sensoriem","9":"first","10":"instock","11":"taxable","12":"shipping-taxable","13":"purchasable","14":"product-type-simple"},"jetpack_sharing_enabled":true,"_links":{"self":[{"href":"https:\/\/shop.bushboats.com\/index.php\/wp-json\/wp\/v2\/product\/26247","targetHints":{"allow":["GET"]}}],"collection":[{"href":"https:\/\/shop.bushboats.com\/index.php\/wp-json\/wp\/v2\/product"}],"about":[{"href":"https:\/\/shop.bushboats.com\/index.php\/wp-json\/wp\/v2\/types\/product"}],"replies":[{"embeddable":true,"href":"https:\/\/shop.bushboats.com\/index.php\/wp-json\/wp\/v2\/comments?post=26247"}],"wp:featuredmedia":[{"embeddable":true,"href":"https:\/\/shop.bushboats.com\/index.php\/wp-json\/wp\/v2\/media\/26248"}],"wp:attachment":[{"href":"https:\/\/shop.bushboats.com\/index.php\/wp-json\/wp\/v2\/media?parent=26247"}],"wp:term":[{"taxonomy":"product_brand","embeddable":true,"href":"https:\/\/shop.bushboats.com\/index.php\/wp-json\/wp\/v2\/product_brand?post=26247"},{"taxonomy":"product_cat","embeddable":true,"href":"https:\/\/shop.bushboats.com\/index.php\/wp-json\/wp\/v2\/product_cat?post=26247"},{"taxonomy":"product_tag","embeddable":true,"href":"https:\/\/shop.bushboats.com\/index.php\/wp-json\/wp\/v2\/product_tag?post=26247"}],"curies":[{"name":"wp","href":"https:\/\/api.w.org\/{rel}","templated":true}]}}